{"id":36732,"date":"2026-04-22T15:34:26","date_gmt":"2026-04-22T13:34:26","guid":{"rendered":"https:\/\/as-schwabe.de\/?post_type=product&p=36732"},"modified":"2026-04-22T15:34:26","modified_gmt":"2026-04-22T13:34:26","slug":"przedluzacz-listwowy-4-gn-rack-10-1u-18198","status":"publish","type":"product","link":"https:\/\/as-schwabe.de\/pl\/produkt\/przedluzacz-listwowy-4-gn-rack-10-1u-18198\/","title":{"rendered":"Przed\u0142u\u017cacz listwowy 4-gniazdowy RACK 10&#8243; 1U | 18198"},"content":{"rendered":"<p>Nasza <strong>4-gniazdowa listwa zasilaj\u0105ca 10&#8243;<\/strong> zosta\u0142a zaprojektowana do <strong>szaf sieciowych i rack\u00f3w serwerowych<\/strong>. Umo\u017cliwia pod\u0142\u0105czenie czterech urz\u0105dze\u0144 przez wtyczki z uziemieniem do jednego przy\u0142\u0105cza zasilaj\u0105cego.<\/p>\n<p>Dzi\u0119ki kompaktowej konstrukcji 1HE i bocznym klipsom monta\u017cowym listwa \u0142atwo integruje si\u0119 z infrastruktur\u0105 IT w r\u00f3\u017cnych konfiguracjach \u2014 poziomej, pionowej lub pod k\u0105tem 30\u00b0. Aluminiowa obudowa gwarantuje trwa\u0142o\u015b\u0107 i efektywne odprowadzanie ciep\u0142a.<\/p>","protected":false},"excerpt":{"rendered":"<div class=\"icons\" style=\"display: flex; flex-wrap: wrap; gap: 5px; align-items: center; margin-top: 10px;\"><img decoding=\"async\" src=\"https:\/\/as-schwabe.de\/wp-content\/uploads\/ikony\/znak_SCH.png\" alt=\"\" width=\"45\" height=\"50\" \/><img decoding=\"async\" src=\"https:\/\/as-schwabe.de\/wp-content\/uploads\/ikony\/znak_CE.png\" alt=\"\" width=\"50\" height=\"50\" \/><img decoding=\"async\" src=\"https:\/\/as-schwabe.de\/wp-content\/uploads\/ikony\/znak_IP20.png\" alt=\"\" width=\"50\" height=\"50\" \/><\/div>\n<ul>\n<li><strong>Pasuje do szaf 10&#8243;-Rack (1U):<\/strong> uniwersalny monta\u017c w szafach sieciowych i rackach serwerowych IT<\/li>\n<li><strong>Elastyczny monta\u017c:<\/strong> boczne klipsy do monta\u017cu poziomego, pionowego i pod k\u0105tem 30\u00b0<\/li>\n<li><strong>Solidna obudowa aluminiowa:<\/strong> stabilna, znormalizowana konstrukcja<\/li>\n<li><strong>4 gniazda z uziemieniem:<\/strong> uk\u0142ad 45\u00b0 ze zwi\u0119kszon\u0105 ochron\u0105 przed dotykiem<\/li>\n<li><strong>Kompaktowa konstrukcja 1U<\/strong> oszcz\u0119dzaj\u0105ca miejsce<\/li>\n<li><strong>Dane elektryczne:<\/strong> 230 V~ \/ 16 A \/ max. 3.500 W<\/li>\n<li><strong>Stopie\u0144 ochrony:<\/strong> IP20 \u2013 do wn\u0119trz<\/li>\n<\/ul>","protected":false},"featured_media":36683,"template":"","meta":{"inline_featured_image":false},"genre":[509],"product_cat":[619],"product_tag":[],"class_list":{"0":"post-36732","1":"product","2":"type-product","3":"status-publish","4":"has-post-thumbnail","6":"product_brand-as-schwabe-pl","7":"product_cat-przedluzacze-serwerowe-rack-pl","9":"first","10":"instock","11":"shipping-taxable","12":"product-type-simple"},"aioseo_notices":[],"_links":{"self":[{"href":"https:\/\/as-schwabe.de\/pl\/wp-json\/wp\/v2\/product\/36732","targetHints":{"allow":["GET"]}}],"collection":[{"href":"https:\/\/as-schwabe.de\/pl\/wp-json\/wp\/v2\/product"}],"about":[{"href":"https:\/\/as-schwabe.de\/pl\/wp-json\/wp\/v2\/types\/product"}],"version-history":[{"count":0,"href":"https:\/\/as-schwabe.de\/pl\/wp-json\/wp\/v2\/product\/36732\/revisions"}],"wp:featuredmedia":[{"embeddable":true,"href":"https:\/\/as-schwabe.de\/pl\/wp-json\/wp\/v2\/media\/36683"}],"wp:attachment":[{"href":"https:\/\/as-schwabe.de\/pl\/wp-json\/wp\/v2\/media?parent=36732"}],"wp:term":[{"taxonomy":"product_brand","embeddable":true,"href":"https:\/\/as-schwabe.de\/pl\/wp-json\/wp\/v2\/genre?post=36732"},{"taxonomy":"product_cat","embeddable":true,"href":"https:\/\/as-schwabe.de\/pl\/wp-json\/wp\/v2\/product_cat?post=36732"},{"taxonomy":"product_tag","embeddable":true,"href":"https:\/\/as-schwabe.de\/pl\/wp-json\/wp\/v2\/product_tag?post=36732"}],"curies":[{"name":"wp","href":"https:\/\/api.w.org\/{rel}","templated":true}]}}