{"id":36731,"date":"2026-04-22T15:34:23","date_gmt":"2026-04-22T13:34:23","guid":{"rendered":"https:\/\/as-schwabe.de\/?post_type=product&p=36731"},"modified":"2026-04-22T15:34:23","modified_gmt":"2026-04-22T13:34:23","slug":"gniazdo-zasilajace-rack-10-1u-bez-kabla-3-gniazdo-18197","status":"publish","type":"product","link":"https:\/\/as-schwabe.de\/pl\/produkt\/gniazdo-zasilajace-rack-10-1u-bez-kabla-3-gniazdo-18197\/","title":{"rendered":"Gniazdo zasilaj\u0105ce RACK 10&#8243; 1U, bez kabla, 3x gniazdo z uziemieniem 2P+Z | 18197"},"content":{"rendered":"<p>Serwery, switche, systemy pami\u0119ci masowej i kontrolery \u2014 nowoczesne szafy IT mieszcz\u0105 wiele komponent\u00f3w o du\u017cej mocy. Niezb\u0119dne s\u0105 bezpieczne i oszcz\u0119dzaj\u0105ce miejsce rozwi\u0105zania przy\u0142\u0105czeniowe.<\/p>\n<p>Nasze <strong>listwy zasilaj\u0105ce 10-calowe (1HE) bez kabla<\/strong> zosta\u0142y zaprojektowane do <strong>szaf sieciowych i rack\u00f3w serwerowych<\/strong>. Wariant bez kabla umo\u017cliwia pod\u0142\u0105czenie w\u0142asnego przewodu zasilaj\u0105cego o wybranej d\u0142ugo\u015bci i specyfikacji.<\/p>\n<p>Boczne klipsy monta\u017cowe umo\u017cliwiaj\u0105 monta\u017c poziomy, pionowy lub pod k\u0105tem 30\u00b0. Aluminiowa obudowa zapewnia trwa\u0142o\u015b\u0107 i odprowadzanie ciep\u0142a.<\/p>","protected":false},"excerpt":{"rendered":"<div class=\"icons\" style=\"display: flex; flex-wrap: wrap; gap: 5px; align-items: center; margin-top: 10px;\"><img decoding=\"async\" src=\"https:\/\/as-schwabe.de\/wp-content\/uploads\/ikony\/znak_SCH.png\" alt=\"\" width=\"45\" height=\"50\" \/><img decoding=\"async\" src=\"https:\/\/as-schwabe.de\/wp-content\/uploads\/ikony\/znak_CE.png\" alt=\"\" width=\"50\" height=\"50\" \/><img decoding=\"async\" src=\"https:\/\/as-schwabe.de\/wp-content\/uploads\/ikony\/znak_IP20.png\" alt=\"\" width=\"50\" height=\"50\" \/><\/div>\n<ul>\n<li><strong>Pasuje do szaf 10&#8243;-Rack (1U):<\/strong> uniwersalny monta\u017c w szafach sieciowych i rackach serwerowych IT<\/li>\n<li><strong>Elastyczny monta\u017c:<\/strong> boczne klipsy umo\u017cliwiaj\u0105 monta\u017c poziomy, pionowy i pod k\u0105tem 30\u00b0<\/li>\n<li><strong>Solidna obudowa aluminiowa:<\/strong> stabilna, znormalizowana konstrukcja<\/li>\n<li><strong>3 gniazda z uziemieniem:<\/strong> uk\u0142ad 45\u00b0 ze zwi\u0119kszon\u0105 ochron\u0105 przed dotykiem<\/li>\n<li><strong>Indywidualne zasilanie:<\/strong> du\u017ca przestrze\u0144 monta\u017cowa do samodzielnego pod\u0142\u0105czenia przewodu do 3G1,5<\/li>\n<li><strong>Dane elektryczne:<\/strong> 230 V~ \/ 16 A \/ max. 3.500 W<\/li>\n<li><strong>Stopie\u0144 ochrony:<\/strong> IP20 \u2013 do wn\u0119trz<\/li>\n<\/ul>","protected":false},"featured_media":36674,"template":"","meta":{"inline_featured_image":false},"genre":[509],"product_cat":[619],"product_tag":[],"class_list":{"0":"post-36731","1":"product","2":"type-product","3":"status-publish","4":"has-post-thumbnail","6":"product_brand-as-schwabe-pl","7":"product_cat-przedluzacze-serwerowe-rack-pl","9":"first","10":"instock","11":"shipping-taxable","12":"product-type-simple"},"aioseo_notices":[],"_links":{"self":[{"href":"https:\/\/as-schwabe.de\/pl\/wp-json\/wp\/v2\/product\/36731","targetHints":{"allow":["GET"]}}],"collection":[{"href":"https:\/\/as-schwabe.de\/pl\/wp-json\/wp\/v2\/product"}],"about":[{"href":"https:\/\/as-schwabe.de\/pl\/wp-json\/wp\/v2\/types\/product"}],"version-history":[{"count":0,"href":"https:\/\/as-schwabe.de\/pl\/wp-json\/wp\/v2\/product\/36731\/revisions"}],"wp:featuredmedia":[{"embeddable":true,"href":"https:\/\/as-schwabe.de\/pl\/wp-json\/wp\/v2\/media\/36674"}],"wp:attachment":[{"href":"https:\/\/as-schwabe.de\/pl\/wp-json\/wp\/v2\/media?parent=36731"}],"wp:term":[{"taxonomy":"product_brand","embeddable":true,"href":"https:\/\/as-schwabe.de\/pl\/wp-json\/wp\/v2\/genre?post=36731"},{"taxonomy":"product_cat","embeddable":true,"href":"https:\/\/as-schwabe.de\/pl\/wp-json\/wp\/v2\/product_cat?post=36731"},{"taxonomy":"product_tag","embeddable":true,"href":"https:\/\/as-schwabe.de\/pl\/wp-json\/wp\/v2\/product_tag?post=36731"}],"curies":[{"name":"wp","href":"https:\/\/api.w.org\/{rel}","templated":true}]}}