{"id":36730,"date":"2026-04-22T15:34:20","date_gmt":"2026-04-22T13:34:20","guid":{"rendered":"https:\/\/as-schwabe.de\/?post_type=product&p=36730"},"modified":"2026-04-22T15:34:20","modified_gmt":"2026-04-22T13:34:20","slug":"przedluzacz-listwowy-3-gn-rack-10-1u-18196","status":"publish","type":"product","link":"https:\/\/as-schwabe.de\/pl\/produkt\/przedluzacz-listwowy-3-gn-rack-10-1u-18196\/","title":{"rendered":"Przed\u0142u\u017cacz listwowy 3-gniazdowy RACK 10&#8243; 1U | 18196"},"content":{"rendered":"<p>Serwery, switche, systemy pami\u0119ci masowej, kontrolery i rozwi\u0105zania backupowe \u2014 nowoczesne szafy IT mieszcz\u0105 wiele komponent\u00f3w o du\u017cej mocy. Aby wszystkie urz\u0105dzenia by\u0142y zasilane niezawodnie, niezb\u0119dne s\u0105 bezpieczne i oszcz\u0119dzaj\u0105ce miejsce rozwi\u0105zania przy\u0142\u0105czeniowe.<\/p>\n<p>Nasze <strong>listwy zasilaj\u0105ce 10-calowe w standardowej zabudowie (1HE)<\/strong> zosta\u0142y zaprojektowane specjalnie do stosowania w <strong>szafach sieciowych i rackach serwerowych<\/strong>. Umo\u017cliwiaj\u0105 pod\u0142\u0105czenie wielu urz\u0105dze\u0144 przez wtyczki z uziemieniem do jednego przy\u0142\u0105cza zasilaj\u0105cego i dzi\u0119ki znormalizowanej konstrukcji daj\u0105 si\u0119 \u0142atwo i szybko integrowa\u0107 z szynami profilowymi szafy 10&#8243;.<\/p>\n<p>Dzi\u0119ki bocznym klipsom monta\u017cowym listwa mo\u017ce zosta\u0107 zamontowana poziomo, pionowo lub pod k\u0105tem 30\u00b0 \u2014 elastyczne rozwi\u0105zanie dla ka\u017cdej konfiguracji szafy. Aluminiowa obudowa zapewnia trwa\u0142o\u015b\u0107 oraz efektywne odprowadzanie ciep\u0142a.<\/p>","protected":false},"excerpt":{"rendered":"<div class=\"icons\" style=\"display: flex; flex-wrap: wrap; gap: 5px; align-items: center; margin-top: 10px;\"><img decoding=\"async\" src=\"https:\/\/as-schwabe.de\/wp-content\/uploads\/ikony\/znak_SCH.png\" alt=\"\" width=\"45\" height=\"50\" \/><img decoding=\"async\" src=\"https:\/\/as-schwabe.de\/wp-content\/uploads\/ikony\/znak_CE.png\" alt=\"\" width=\"50\" height=\"50\" \/><img decoding=\"async\" src=\"https:\/\/as-schwabe.de\/wp-content\/uploads\/ikony\/znak_IP20.png\" alt=\"\" width=\"50\" height=\"50\" \/><\/div>\n<ul>\n<li><strong>Pasuje do szaf 10&#8243;-Rack (1U):<\/strong> uniwersalny monta\u017c w szafach sieciowych i rackach serwerowych IT<\/li>\n<li><strong>Elastyczny monta\u017c:<\/strong> boczne klipsy umo\u017cliwiaj\u0105 monta\u017c poziomy, pionowy i pod k\u0105tem 30\u00b0<\/li>\n<li><strong>Solidna obudowa aluminiowa:<\/strong> stabilna, znormalizowana konstrukcja do zastosowa\u0144 profesjonalnych<\/li>\n<li><strong>3 gniazda z uziemieniem:<\/strong> uk\u0142ad 45\u00b0 ze zwi\u0119kszon\u0105 ochron\u0105 przed dotykiem<\/li>\n<li><strong>Z kablem zasilaj\u0105cym:<\/strong> gotowy do pod\u0142\u0105czenia<\/li>\n<li><strong>Dane elektryczne:<\/strong> 230 V~ \/ 16 A \/ max. 3.500 W<\/li>\n<li><strong>Stopie\u0144 ochrony:<\/strong> IP20 \u2013 do wn\u0119trz<\/li>\n<\/ul>","protected":false},"featured_media":36666,"template":"","meta":{"inline_featured_image":false},"genre":[509],"product_cat":[619],"product_tag":[],"class_list":{"0":"post-36730","1":"product","2":"type-product","3":"status-publish","4":"has-post-thumbnail","6":"product_brand-as-schwabe-pl","7":"product_cat-przedluzacze-serwerowe-rack-pl","9":"first","10":"instock","11":"shipping-taxable","12":"product-type-simple"},"aioseo_notices":[],"_links":{"self":[{"href":"https:\/\/as-schwabe.de\/pl\/wp-json\/wp\/v2\/product\/36730","targetHints":{"allow":["GET"]}}],"collection":[{"href":"https:\/\/as-schwabe.de\/pl\/wp-json\/wp\/v2\/product"}],"about":[{"href":"https:\/\/as-schwabe.de\/pl\/wp-json\/wp\/v2\/types\/product"}],"version-history":[{"count":0,"href":"https:\/\/as-schwabe.de\/pl\/wp-json\/wp\/v2\/product\/36730\/revisions"}],"wp:featuredmedia":[{"embeddable":true,"href":"https:\/\/as-schwabe.de\/pl\/wp-json\/wp\/v2\/media\/36666"}],"wp:attachment":[{"href":"https:\/\/as-schwabe.de\/pl\/wp-json\/wp\/v2\/media?parent=36730"}],"wp:term":[{"taxonomy":"product_brand","embeddable":true,"href":"https:\/\/as-schwabe.de\/pl\/wp-json\/wp\/v2\/genre?post=36730"},{"taxonomy":"product_cat","embeddable":true,"href":"https:\/\/as-schwabe.de\/pl\/wp-json\/wp\/v2\/product_cat?post=36730"},{"taxonomy":"product_tag","embeddable":true,"href":"https:\/\/as-schwabe.de\/pl\/wp-json\/wp\/v2\/product_tag?post=36730"}],"curies":[{"name":"wp","href":"https:\/\/api.w.org\/{rel}","templated":true}]}}