{"id":36139,"date":"2025-10-22T20:32:14","date_gmt":"2025-10-22T20:32:14","guid":{"rendered":"https:\/\/as-schwabe.de\/produkt\/przedluzacz-listwowy-5-gniazdowy-14-m-h05vv-f-3g15-cza-ip20-35012\/"},"modified":"2025-10-24T07:39:22","modified_gmt":"2025-10-24T07:39:22","slug":"przedluzacz-listwowy-5-gniazdowy-14-m-h05vv-f-3g15-cza-ip20-35012","status":"publish","type":"product","link":"https:\/\/as-schwabe.de\/pl\/produkt\/przedluzacz-listwowy-5-gniazdowy-14-m-h05vv-f-3g15-cza-ip20-35012\/","title":{"rendered":"Przed\u0142u\u017cacz listwowy 5-gniazdowy 1,4 m H05VV-F 3G1,5 CZA IP20 | 35012"},"content":{"rendered":"<p>Przed\u0142u\u017cacz listwowy 5-gniazdowy H05VV-F 3G1,5 w kolorze czarnym o d\u0142ugo\u015bci 1,4 m to idealne rozwi\u0105zanie do zasilania wielokrotnego urz\u0105dze\u0144 elektrycznych w pomieszczeniach. Wyposa\u017cony w wtyczk\u0119 k\u0105tow\u0105 2P+Z oraz 6 gniazd z uziemieniem, zapewnia bezpieczne i komfortowe pod\u0142\u0105czenie sprz\u0119tu o maksymalnej mocy 3500 W przy napi\u0119ciu 230 V i nat\u0119\u017ceniu 16 A. Dodatkowym atutem jest pod\u015bwietlany w\u0142\u0105cznik, kt\u00f3ry u\u0142atwia identyfikacj\u0119 stanu urz\u0105dzenia. Produkt posiada stopie\u0144 ochrony IP20, co czyni go przeznaczonym do u\u017cycia wewn\u0105trz budynk\u00f3w, co czyni go idealnym rozwi\u0105zaniem zar\u00f3wno w biurze, jak i w domowym gospodarstwie. Umo\u017cliwiaj\u0105c jednoczesne zasilanie wielu urz\u0105dze\u0144, przed\u0142u\u017cacz ten zwi\u0119ksza wygod\u0119 u\u017cytkowania i efektywno\u015b\u0107 pracy.<\/p>","protected":false},"excerpt":{"rendered":"<div class=\"icons\" style=\"display: flex; flex-wrap: wrap; gap: 5px; align-items: center; margin-top: 10px;\"><img decoding=\"async\" src=\"https:\/\/as-schwabe.de\/wp-content\/uploads\/ikony\/znak_SCH.png\" alt=\"\" width=\"45\" height=\"50\" \/><img decoding=\"async\" src=\"https:\/\/as-schwabe.de\/wp-content\/uploads\/ikony\/znak_CE.png\" alt=\"\" width=\"50\" height=\"50\" \/><img decoding=\"async\" src=\"https:\/\/as-schwabe.de\/wp-content\/uploads\/ikony\/znak_IP20.png\" alt=\"\" width=\"50\" height=\"50\" \/><img loading=\"lazy\" decoding=\"async\" src=\"https:\/\/as-schwabe.de\/wp-content\/uploads\/ikony\/znak_D.png\" alt=\"\" width=\"50\" height=\"50\" \/><\/div>\n<ul>\n<li>z kablem PCV H05VV-F 3G1,5 i k\u0105tow\u0105 wtyczk\u0105 z uziemieniem <\/li>\n<li>5 x gniazdo obr\u00f3cone o 45\u00b0 <\/li>\n<li>z pod\u015bwietlanym wy\u0142\u0105cznikiem <\/li>\n<li>230 V, 16 A, maks. 3500 W<\/li>\n<\/ul>","protected":false},"featured_media":36144,"template":"","meta":{"inline_featured_image":false},"genre":[509],"product_cat":[525,526],"product_tag":[],"class_list":{"0":"post-36139","1":"product","2":"type-product","3":"status-publish","4":"has-post-thumbnail","6":"product_brand-as-schwabe-pl","7":"product_cat-dom-i-ogrod-2-pl","8":"product_cat-przedluzacze-listwowe-i-rozgalezniki-pl","10":"first","11":"instock","12":"shipping-taxable","13":"product-type-simple"},"aioseo_notices":[],"_links":{"self":[{"href":"https:\/\/as-schwabe.de\/pl\/wp-json\/wp\/v2\/product\/36139","targetHints":{"allow":["GET"]}}],"collection":[{"href":"https:\/\/as-schwabe.de\/pl\/wp-json\/wp\/v2\/product"}],"about":[{"href":"https:\/\/as-schwabe.de\/pl\/wp-json\/wp\/v2\/types\/product"}],"version-history":[{"count":0,"href":"https:\/\/as-schwabe.de\/pl\/wp-json\/wp\/v2\/product\/36139\/revisions"}],"wp:featuredmedia":[{"embeddable":true,"href":"https:\/\/as-schwabe.de\/pl\/wp-json\/wp\/v2\/media\/36144"}],"wp:attachment":[{"href":"https:\/\/as-schwabe.de\/pl\/wp-json\/wp\/v2\/media?parent=36139"}],"wp:term":[{"taxonomy":"product_brand","embeddable":true,"href":"https:\/\/as-schwabe.de\/pl\/wp-json\/wp\/v2\/genre?post=36139"},{"taxonomy":"product_cat","embeddable":true,"href":"https:\/\/as-schwabe.de\/pl\/wp-json\/wp\/v2\/product_cat?post=36139"},{"taxonomy":"product_tag","embeddable":true,"href":"https:\/\/as-schwabe.de\/pl\/wp-json\/wp\/v2\/product_tag?post=36139"}],"curies":[{"name":"wp","href":"https:\/\/api.w.org\/{rel}","templated":true}]}}