{"id":36138,"date":"2025-10-22T20:32:13","date_gmt":"2025-10-22T20:32:13","guid":{"rendered":"https:\/\/as-schwabe.de\/produkt\/przedluzacz-listwowy-5-gniazdowy-14-m-h05vv-f-3g15-bia-ip20-35011\/"},"modified":"2025-10-24T07:39:23","modified_gmt":"2025-10-24T07:39:23","slug":"przedluzacz-listwowy-5-gniazdowy-14-m-h05vv-f-3g15-bia-ip20-35011","status":"publish","type":"product","link":"https:\/\/as-schwabe.de\/pl\/produkt\/przedluzacz-listwowy-5-gniazdowy-14-m-h05vv-f-3g15-bia-ip20-35011\/","title":{"rendered":"Przed\u0142u\u017cacz listwowy 5-gniazdowy 1,4 m H05VV-F 3G1,5 BIA IP20 | 35011"},"content":{"rendered":"<p>Przed\u0142u\u017cacz listwowy 5-gniazdowy H05VV-F 3G1,5 w kolorze bia\u0142ym o d\u0142ugo\u015bci 1,4 m to niezwykle funkcjonalne rozwi\u0105zanie do zasilania urz\u0105dze\u0144 elektrycznych w domowych i biurowych przestrzeniach. Wyposa\u017cony w k\u0105tow\u0105 wtyczk\u0119 2P+Z oraz pod\u015bwietlany w\u0142\u0105cznik, zapewnia wygod\u0119 i \u0142atwo\u015b\u0107 obs\u0142ugi. Produkt oferuje sze\u015b\u0107 gniazd z uziemieniem, co gwarantuje bezpiecze\u0144stwo u\u017cytkowania przy maksymalnym obci\u0105\u017ceniu do 230 V i 16 A (3500 W). Dzi\u0119ki klasie ochrony IP20, jest przystosowany do u\u017cytku wewn\u0119trznego, co czyni go idealnym wyborem do biur, mieszka\u0144 oraz warsztat\u00f3w. Wybieraj\u0105c ten przed\u0142u\u017cacz, zyskujesz pewno\u015b\u0107 stabilnego zasilania dla wielu urz\u0105dze\u0144 jednocze\u015bnie.<\/p>","protected":false},"excerpt":{"rendered":"<div class=\"icons\" style=\"display: flex; flex-wrap: wrap; gap: 5px; align-items: center; margin-top: 10px;\"><img decoding=\"async\" src=\"https:\/\/as-schwabe.de\/wp-content\/uploads\/ikony\/znak_SCH.png\" alt=\"\" width=\"45\" height=\"50\" \/><img decoding=\"async\" src=\"https:\/\/as-schwabe.de\/wp-content\/uploads\/ikony\/znak_CE.png\" alt=\"\" width=\"50\" height=\"50\" \/><img decoding=\"async\" src=\"https:\/\/as-schwabe.de\/wp-content\/uploads\/ikony\/znak_IP20.png\" alt=\"\" width=\"50\" height=\"50\" \/><img loading=\"lazy\" decoding=\"async\" src=\"https:\/\/as-schwabe.de\/wp-content\/uploads\/ikony\/znak_D.png\" alt=\"\" width=\"50\" height=\"50\" \/><\/div>\n<ul>\n<li>z kablem PCV H05VV-F 3G1,5 i k\u0105tow\u0105 wtyczk\u0105 z uziemieniem <\/li>\n<li>5 x gniazdo obr\u00f3cone o 45\u00b0 <\/li>\n<li>z pod\u015bwietlanym wy\u0142\u0105cznikiem <\/li>\n<li>230 V, 16 A, maks. 3500 W<\/li>\n<\/ul>","protected":false},"featured_media":36143,"template":"","meta":{"inline_featured_image":false},"genre":[509],"product_cat":[525,526],"product_tag":[],"class_list":{"0":"post-36138","1":"product","2":"type-product","3":"status-publish","4":"has-post-thumbnail","6":"product_brand-as-schwabe-pl","7":"product_cat-dom-i-ogrod-2-pl","8":"product_cat-przedluzacze-listwowe-i-rozgalezniki-pl","10":"first","11":"instock","12":"shipping-taxable","13":"product-type-simple"},"aioseo_notices":[],"_links":{"self":[{"href":"https:\/\/as-schwabe.de\/pl\/wp-json\/wp\/v2\/product\/36138","targetHints":{"allow":["GET"]}}],"collection":[{"href":"https:\/\/as-schwabe.de\/pl\/wp-json\/wp\/v2\/product"}],"about":[{"href":"https:\/\/as-schwabe.de\/pl\/wp-json\/wp\/v2\/types\/product"}],"version-history":[{"count":0,"href":"https:\/\/as-schwabe.de\/pl\/wp-json\/wp\/v2\/product\/36138\/revisions"}],"wp:featuredmedia":[{"embeddable":true,"href":"https:\/\/as-schwabe.de\/pl\/wp-json\/wp\/v2\/media\/36143"}],"wp:attachment":[{"href":"https:\/\/as-schwabe.de\/pl\/wp-json\/wp\/v2\/media?parent=36138"}],"wp:term":[{"taxonomy":"product_brand","embeddable":true,"href":"https:\/\/as-schwabe.de\/pl\/wp-json\/wp\/v2\/genre?post=36138"},{"taxonomy":"product_cat","embeddable":true,"href":"https:\/\/as-schwabe.de\/pl\/wp-json\/wp\/v2\/product_cat?post=36138"},{"taxonomy":"product_tag","embeddable":true,"href":"https:\/\/as-schwabe.de\/pl\/wp-json\/wp\/v2\/product_tag?post=36138"}],"curies":[{"name":"wp","href":"https:\/\/api.w.org\/{rel}","templated":true}]}}