{"id":36136,"date":"2025-10-22T20:31:43","date_gmt":"2025-10-22T20:31:43","guid":{"rendered":"https:\/\/as-schwabe.de\/produkt\/oswietlenie-tymczasowe-led-1-na-plycie-osb-wtyk-i-gniazdo-z-uziemieniem-2pz-ip44-24-w-2700-lm-46871\/"},"modified":"2025-10-24T07:39:25","modified_gmt":"2025-10-24T07:39:25","slug":"oswietlenie-tymczasowe-led-1-na-plycie-osb-wtyk-i-gniazdo-z-uziemieniem-2pz-ip44-24-w-2700-lm-46871","status":"publish","type":"product","link":"https:\/\/as-schwabe.de\/pl\/produkt\/oswietlenie-tymczasowe-led-1-na-plycie-osb-wtyk-i-gniazdo-z-uziemieniem-2pz-ip44-24-w-2700-lm-46871\/","title":{"rendered":"O\u015bwietlenie tymczasowe LED 1 (na p\u0142ycie OSB, wtyk i gniazdo z uziemieniem 2P+Z IP44) 24 W &#8211;  2700 lm | 46871"},"content":{"rendered":"<p>O\u015bwietlenie tymczasowe LED 1 to praktyczne i solidne rozwi\u0105zanie przeznaczone do zastosowa\u0144 na placach budowy, w warsztatach oraz przy pracach instalacyjnych. Lampa o mocy 24 W i strumieniu \u015bwietlnym 2700 lm zapewnia jasne, r\u00f3wnomierne \u015bwiat\u0142o o barwie neutralnej (4000 K). Zmontowana na p\u0142ycie OSB z mo\u017cliwo\u015bci\u0105 zawieszenia, wyposa\u017cona we wtyczk\u0119 i gniazdo 2P+Z IP44, gwarantuje szybkie pod\u0142\u0105czenie i mobilno\u015b\u0107. Dzi\u0119ki stopniowi ochrony IP44 i odporno\u015bci mechanicznej IK08 idealnie sprawdza si\u0119 w warunkach zewn\u0119trznych.<\/p>","protected":false},"excerpt":{"rendered":"<div class=\"icons\" style=\"display: flex; flex-wrap: wrap; gap: 5px; align-items: center; margin-top: 10px;\"><img decoding=\"async\" src=\"https:\/\/as-schwabe.de\/wp-content\/uploads\/ikony\/znak_CE.png\" alt=\"\" width=\"50\" height=\"50\" \/><img decoding=\"async\" src=\"https:\/\/as-schwabe.de\/wp-content\/uploads\/ikony\/znak_IP44.png\" alt=\"\" width=\"50\" height=\"50\" \/><img decoding=\"async\" src=\"https:\/\/as-schwabe.de\/wp-content\/uploads\/ikony\/znak_LED.png\" alt=\"\" width=\"50\" height=\"50\" \/><img loading=\"lazy\" decoding=\"async\" src=\"https:\/\/as-schwabe.de\/wp-content\/uploads\/ikony\/znak_PB.png\" alt=\"\" width=\"50\" height=\"50\" \/><\/div>\n<ul>\n<li>Trwa\u0142a lampa LED 24 W o strumieniu \u015bwietlnym 2700 lm (~113 lm\/W)<\/li>\n<li>Obudowa odporna na uszkodzenia mechaniczne \u2013 IK08<\/li>\n<li>Barwa \u015bwiat\u0142a: 4000 K (neutralna biel)<\/li>\n<li>Stopie\u0144 ochrony IP44 \u2013 odporno\u015b\u0107 na cia\u0142a sta\u0142e i rozpryski wody<\/li>\n<li>Mocowanie na p\u0142ycie OSB z otworami do zawieszenia<\/li>\n<li>4,5 m przew\u00f3d H07RN-F 3G1,5 z wtyczk\u0105 2P+Z IP44 230 V\/16 A<\/li>\n<li>0,3 m przew\u00f3d z gniazdem 2P+Z IP44 230 V\/16 A<\/li>\n<li>Przystosowana do pracy na zewn\u0105trz<\/li>\n<\/ul>","protected":false},"featured_media":36175,"template":"","meta":{"inline_featured_image":false},"genre":[509],"product_cat":[547],"product_tag":[],"class_list":{"0":"post-36136","1":"product","2":"type-product","3":"status-publish","4":"has-post-thumbnail","6":"product_brand-as-schwabe-pl","7":"product_cat-oswietlenie-2-pl","9":"first","10":"instock","11":"shipping-taxable","12":"product-type-simple"},"aioseo_notices":[],"_links":{"self":[{"href":"https:\/\/as-schwabe.de\/pl\/wp-json\/wp\/v2\/product\/36136","targetHints":{"allow":["GET"]}}],"collection":[{"href":"https:\/\/as-schwabe.de\/pl\/wp-json\/wp\/v2\/product"}],"about":[{"href":"https:\/\/as-schwabe.de\/pl\/wp-json\/wp\/v2\/types\/product"}],"version-history":[{"count":0,"href":"https:\/\/as-schwabe.de\/pl\/wp-json\/wp\/v2\/product\/36136\/revisions"}],"wp:featuredmedia":[{"embeddable":true,"href":"https:\/\/as-schwabe.de\/pl\/wp-json\/wp\/v2\/media\/36175"}],"wp:attachment":[{"href":"https:\/\/as-schwabe.de\/pl\/wp-json\/wp\/v2\/media?parent=36136"}],"wp:term":[{"taxonomy":"product_brand","embeddable":true,"href":"https:\/\/as-schwabe.de\/pl\/wp-json\/wp\/v2\/genre?post=36136"},{"taxonomy":"product_cat","embeddable":true,"href":"https:\/\/as-schwabe.de\/pl\/wp-json\/wp\/v2\/product_cat?post=36136"},{"taxonomy":"product_tag","embeddable":true,"href":"https:\/\/as-schwabe.de\/pl\/wp-json\/wp\/v2\/product_tag?post=36136"}],"curies":[{"name":"wp","href":"https:\/\/api.w.org\/{rel}","templated":true}]}}