{"id":34708,"date":"2025-10-14T09:47:42","date_gmt":"2025-10-14T09:47:42","guid":{"rendered":"https:\/\/as-schwabe.de\/produkt\/przedluzacz-cee-400-v-63-a-5p-h07rn-f-5g16-10-m-61039\/"},"modified":"2025-10-23T00:17:34","modified_gmt":"2025-10-23T00:17:34","slug":"przedluzacz-cee-400-v-63-a-5p-h07rn-f-5g16-10-m-61039","status":"publish","type":"product","link":"https:\/\/as-schwabe.de\/pl\/produkt\/przedluzacz-cee-400-v-63-a-5p-h07rn-f-5g16-10-m-61039\/","title":{"rendered":"Przed\u0142u\u017cacz CEE 400 V, 63 A, 5P 10 m H07RN-F 5G16 | 61039"},"content":{"rendered":"<p>Przed\u0142u\u017cacz CEE 400 V, 63 A, 5P o d\u0142ugo\u015bci 10 m to niezawodne rozwi\u0105zanie, idealne zar\u00f3wno do zastosowa\u0144 zewn\u0119trznych, jak i na placach budowy. Wyposa\u017cony w wtyczk\u0119 oraz gniazdo CEE 400 V, 63 A, 5P, charakteryzuje si\u0119 maksymalnym obci\u0105\u017ceniem wynosz\u0105cym 400 V i 63 A, co pozwala na efektywne zasilanie profesjonalnych urz\u0105dze\u0144 o du\u017cej mocy. Kabel H07RN-F 5G16 w kolorze czarnym zapewnia odporno\u015b\u0107 na dzia\u0142anie warunk\u00f3w atmosferycznych oraz mechaniczne uszkodzenia, a klasa szczelno\u015bci IP44 gwarantuje ochron\u0119 przed dost\u0119pem wody i cia\u0142ami sta\u0142ymi. Dzi\u0119ki solidnej konstrukcji, przed\u0142u\u017cacz doskonale sprawdza si\u0119 w wymagaj\u0105cych \u015brodowiskach, podnosz\u0105c komfort i bezpiecze\u0144stwo pracy.<\/p>","protected":false},"excerpt":{"rendered":"<div class=\"icons\" style=\"display: flex; flex-wrap: wrap; gap: 5px; align-items: center; margin-top: 10px;\"><img decoding=\"async\" src=\"https:\/\/as-schwabe.de\/wp-content\/uploads\/ikony\/znak_CE.png\" alt=\"\" width=\"50\" height=\"50\" \/><img decoding=\"async\" src=\"https:\/\/as-schwabe.de\/wp-content\/uploads\/ikony\/znak_IP44.png\" alt=\"\" width=\"50\" height=\"50\" \/><img decoding=\"async\" src=\"https:\/\/as-schwabe.de\/wp-content\/uploads\/ikony\/znak_PB.png\" alt=\"\" width=\"50\" height=\"50\" \/><img loading=\"lazy\" decoding=\"async\" src=\"https:\/\/as-schwabe.de\/wp-content\/uploads\/ikony\/znak_Z.png\" alt=\"\" width=\"50\" height=\"50\" \/><img loading=\"lazy\" decoding=\"async\" src=\"https:\/\/as-schwabe.de\/wp-content\/uploads\/ikony\/znak_D.png\" alt=\"\" width=\"50\" height=\"50\" \/><img loading=\"lazy\" decoding=\"async\" src=\"https:\/\/as-schwabe.de\/wp-content\/uploads\/ikony\/znak_DE.png\" alt=\"\" width=\"50\" height=\"40\" \/><\/div>\n<ul>\n<li>Przed\u0142u\u017cacz wysokopr\u0105dowy CEE do stosowania na budowach i w rolnictwie 10 m H07RN-F 5G16 <\/li>\n<li>z wysokiej jako\u015bci wtyczk\u0105 CEE i gniazdem CEE z uchyln\u0105 klapk\u0105 <\/li>\n<li>wyj\u0105tkowo wytrzyma\u0142y, odporny na uderzenia i wyj\u0105tkowo \u0142atwy do uchwycenia dzi\u0119ki unikalnej gumowej pow\u0142oce na powierzchniach uchwytu <\/li>\n<li>IP44: chroniony przed cia\u0142ami obcymi i bryzgami wody <\/li>\n<li>400 V, 5P, 6h<\/li>\n<\/ul>","protected":false},"featured_media":34707,"template":"","meta":{"inline_featured_image":false},"genre":[509],"product_cat":[518,569],"product_tag":[],"class_list":{"0":"post-34708","1":"product","2":"type-product","3":"status-publish","4":"has-post-thumbnail","6":"product_brand-as-schwabe-pl","7":"product_cat-asortyment-produktow-cee-400-v-pl","8":"product_cat-przedluzacze-cee-i-wtyczki-testujace-cee-pl","10":"first","11":"instock","12":"shipping-taxable","13":"product-type-simple"},"aioseo_notices":[],"_links":{"self":[{"href":"https:\/\/as-schwabe.de\/pl\/wp-json\/wp\/v2\/product\/34708","targetHints":{"allow":["GET"]}}],"collection":[{"href":"https:\/\/as-schwabe.de\/pl\/wp-json\/wp\/v2\/product"}],"about":[{"href":"https:\/\/as-schwabe.de\/pl\/wp-json\/wp\/v2\/types\/product"}],"version-history":[{"count":0,"href":"https:\/\/as-schwabe.de\/pl\/wp-json\/wp\/v2\/product\/34708\/revisions"}],"wp:featuredmedia":[{"embeddable":true,"href":"https:\/\/as-schwabe.de\/pl\/wp-json\/wp\/v2\/media\/34707"}],"wp:attachment":[{"href":"https:\/\/as-schwabe.de\/pl\/wp-json\/wp\/v2\/media?parent=34708"}],"wp:term":[{"taxonomy":"product_brand","embeddable":true,"href":"https:\/\/as-schwabe.de\/pl\/wp-json\/wp\/v2\/genre?post=34708"},{"taxonomy":"product_cat","embeddable":true,"href":"https:\/\/as-schwabe.de\/pl\/wp-json\/wp\/v2\/product_cat?post=34708"},{"taxonomy":"product_tag","embeddable":true,"href":"https:\/\/as-schwabe.de\/pl\/wp-json\/wp\/v2\/product_tag?post=34708"}],"curies":[{"name":"wp","href":"https:\/\/api.w.org\/{rel}","templated":true}]}}