{"id":34703,"date":"2025-10-14T09:43:29","date_gmt":"2025-10-14T09:43:29","guid":{"rendered":"https:\/\/as-schwabe.de\/produkt\/zestaw-energytube-xl-200-w-ze-statywem-xxl-46-m-30000-lm-19861\/"},"modified":"2025-10-23T00:13:39","modified_gmt":"2025-10-23T00:13:39","slug":"zestaw-energytube-xl-200-w-ze-statywem-xxl-46-m-30000-lm-19861","status":"publish","type":"product","link":"https:\/\/as-schwabe.de\/pl\/produkt\/zestaw-energytube-xl-200-w-ze-statywem-xxl-46-m-30000-lm-19861\/","title":{"rendered":"Zestaw EnergyTube XL 200 W ze statywem XXL 4,6 m &#8211; 30000 lm | 19861"},"content":{"rendered":"<p>Zestaw EnergyTube XL 200 W LED 360\u00b0 ze statywem XXL to kompletne i mobilne rozwi\u0105zanie do o\u015bwietlenia du\u017cych powierzchni roboczych, magazyn\u00f3w oraz hal. Lampa o mocy 200 W generuje a\u017c 30 000 lm (150 lm\/W), zapewniaj\u0105c jasne, r\u00f3wnomierne \u015bwiat\u0142o o barwie 5000 K i k\u0105cie \u015bwiecenia 360\u00b0. Solidny statyw XXL z regulacj\u0105 wysoko\u015bci do 4,6 m gwarantuje stabilno\u015b\u0107 nawet w trudnych warunkach terenowych. Dzi\u0119ki wysokiej jako\u015bci wykonania, klasie ochrony IP44 i \u017cywotno\u015bci diod przekraczaj\u0105cej 50 000 h, zestaw jest niezawodny i ekonomiczny w eksploatacji. W komplecie znajduje si\u0119 torba transportowa, co u\u0142atwia przechowywanie i przenoszenie.<\/p>","protected":false},"excerpt":{"rendered":"<div class=\"icons\" style=\"display: flex; flex-wrap: wrap; gap: 5px; align-items: center; margin-top: 10px;\"><img decoding=\"async\" src=\"https:\/\/as-schwabe.de\/wp-content\/uploads\/ikony\/znak_CE.png\" alt=\"\" width=\"50\" height=\"50\" \/><img decoding=\"async\" src=\"https:\/\/as-schwabe.de\/wp-content\/uploads\/ikony\/znak_IP44.png\" alt=\"\" width=\"50\" height=\"50\" \/><img decoding=\"async\" src=\"https:\/\/as-schwabe.de\/wp-content\/uploads\/ikony\/znak_LED.png\" alt=\"\" width=\"50\" height=\"50\" \/><img loading=\"lazy\" decoding=\"async\" src=\"https:\/\/as-schwabe.de\/wp-content\/uploads\/ikony\/znak_PB.png\" alt=\"\" width=\"50\" height=\"50\" \/><img loading=\"lazy\" decoding=\"async\" src=\"https:\/\/as-schwabe.de\/wp-content\/uploads\/ikony\/znak_Z.png\" alt=\"\" width=\"50\" height=\"50\" \/><img loading=\"lazy\" decoding=\"async\" src=\"https:\/\/as-schwabe.de\/wp-content\/uploads\/ikony\/znak_D.png\" alt=\"\" width=\"50\" height=\"50\" \/><\/div>\n<ul>\n<h3>Na\u015bwietlacz EnergyTube XL 360\u00b0 LED 200 W (nr art. 46241) w torbie <\/h3>\n<li>wysokiej jako\u015bci reflektor LED 360\u00b0 do r\u00f3wnomiernego o\u015bwietlenia du\u017cych powierzchni <\/li>\n<li>z uchwytem na czop DIN do monta\u017cu na statywach z czopami DIN <\/li>\n<li>alternatywnie mo\u017cna go szybko zawiesi\u0107 za pomoc\u0105 oczka i karabi\u0144czyka <\/li>\n<li>dioda LED zamkni\u0119ta w kolumnie ochronnej wykonanej z poliw\u0119glanu, wyj\u0105tkowo odpornego na uderzenia klasy IK10 <\/li>\n<li>niezwykle trwa\u0142e, wysokowydajne diody LED o \u017cywotno\u015bci ponad 50 000 h <\/li>\n<li>wsp\u00f3\u0142czynnik oddawania barw: CRI > 80 <\/li>\n<li>ze zintegrowanym zabezpieczeniem termicznym <\/li>\n<li>temperatura robocza otoczenia: -15\u00b0C do +40\u00b0C <\/li>\n<li>k\u0105t rozsy\u0142u \u015bwiat\u0142a: 360\u00b0 <\/li>\n<li>pod\u0142\u0105czenie: 230 V, 50-60 Hz <\/li>\n<li>produkty testowane zgodnie z DIN EN 60598-1 <\/li>\n<li>IP44: chroniony przed cia\u0142ami obcymi i bryzgami wody <\/li>\n<li>na\u015bwietlacz LED Premium 360\u00b0 do r\u00f3wnomiernego o\u015bwietlania du\u017cych powierzchni do ok. 2400 m2 <\/li>\n<li>w zestawie torba ochronna <\/li>\n<li>150 lm\/W<\/li>\n<h3>Statyw profesjonalny XXL z trawersem (nr art. 46758) <\/h3>\n<li>wysoka jako\u015b\u0107 wykonania <\/li>\n<li>malowana proszkowo rama z rur stalowych z 5 elementami rurowymi i \u015brubami regulacyjnymi w praktycznej torbie <\/li>\n<li>statyw z czopem DIN i trawersem o d\u0142ugo\u015bci 820 mm z mocowaniem DIN do szybkiego mocowania i zabezpieczania reflektor\u00f3w roboczych na statywie <\/li>\n<li>nogi ze sto\u017ckami podstawy zapewniaj\u0105 bardzo dobr\u0105 stabilno\u015b\u0107 <\/li>\n<li>w zestawie 3 linki zabezpieczaj\u0105ce z karabi\u0144czykami i 3 ko\u0142ki do wbicia w grunt do zabezpieczenia stojaka. <\/li>\n<li>bezstopniowa regulacja wysoko\u015bci od 1,3 do 4,6 m <\/li>\n<li>maks. no\u015bno\u015b\u0107 40 kg<\/li>\n<\/ul>","protected":false},"featured_media":34702,"template":"","meta":{"inline_featured_image":false},"genre":[509],"product_cat":[547,556],"product_tag":[],"class_list":{"0":"post-34703","1":"product","2":"type-product","3":"status-publish","4":"has-post-thumbnail","6":"product_brand-as-schwabe-pl","7":"product_cat-oswietlenie-2-pl","8":"product_cat-zestawy-energy-xl-i-naswietlacze-energytube-xl-pl","10":"first","11":"instock","12":"shipping-taxable","13":"product-type-simple"},"aioseo_notices":[],"_links":{"self":[{"href":"https:\/\/as-schwabe.de\/pl\/wp-json\/wp\/v2\/product\/34703","targetHints":{"allow":["GET"]}}],"collection":[{"href":"https:\/\/as-schwabe.de\/pl\/wp-json\/wp\/v2\/product"}],"about":[{"href":"https:\/\/as-schwabe.de\/pl\/wp-json\/wp\/v2\/types\/product"}],"version-history":[{"count":0,"href":"https:\/\/as-schwabe.de\/pl\/wp-json\/wp\/v2\/product\/34703\/revisions"}],"wp:featuredmedia":[{"embeddable":true,"href":"https:\/\/as-schwabe.de\/pl\/wp-json\/wp\/v2\/media\/34702"}],"wp:attachment":[{"href":"https:\/\/as-schwabe.de\/pl\/wp-json\/wp\/v2\/media?parent=34703"}],"wp:term":[{"taxonomy":"product_brand","embeddable":true,"href":"https:\/\/as-schwabe.de\/pl\/wp-json\/wp\/v2\/genre?post=34703"},{"taxonomy":"product_cat","embeddable":true,"href":"https:\/\/as-schwabe.de\/pl\/wp-json\/wp\/v2\/product_cat?post=34703"},{"taxonomy":"product_tag","embeddable":true,"href":"https:\/\/as-schwabe.de\/pl\/wp-json\/wp\/v2\/product_tag?post=34703"}],"curies":[{"name":"wp","href":"https:\/\/api.w.org\/{rel}","templated":true}]}}