{"id":34698,"date":"2025-10-14T09:41:25","date_gmt":"2025-10-14T09:41:25","guid":{"rendered":"https:\/\/as-schwabe.de\/produkt\/naswietlacz-chip-led-slimlinepro-50-w-6500-lm-46421\/"},"modified":"2025-10-23T00:14:58","modified_gmt":"2025-10-23T00:14:58","slug":"naswietlacz-chip-led-slimlinepro-50-w-6500-lm-46421","status":"publish","type":"product","link":"https:\/\/as-schwabe.de\/pl\/produkt\/naswietlacz-chip-led-slimlinepro-50-w-6500-lm-46421\/","title":{"rendered":"Na\u015bwietlacz CHIP-LED SlimlinePro 50 W &#8211; 6500 lm | 46421"},"content":{"rendered":"<p>Na\u015bwietlacz CHIP-LED Slimline Pro 50 W to wysokiej jako\u015bci \u017ar\u00f3d\u0142o \u015bwiat\u0142a o mocy \u015bwietlnej 6500 lm, co przek\u0142ada si\u0119 na efektywno\u015b\u0107 na poziomie 130 lm\/W. Dzi\u0119ki k\u0105towi rozsy\u0142u \u015bwiat\u0142a wynosz\u0105cemu 120\u00b0 i temperaturze barwowej 4000K, urz\u0105dzenie doskonale sprawdza si\u0119 w o\u015bwietleniu zar\u00f3wno przestrzeni zewn\u0119trznych, jak i wewn\u0119trznych. Smuk\u0142a obudowa aluminiowa zapewnia nie tylko nowoczesny wygl\u0105d, ale r\u00f3wnie\u017c wysok\u0105 odporno\u015b\u0107 na warunki atmosferyczne, co potwierdza klasa ochrony IP65. Wbudowany przew\u00f3d zasilaj\u0105cy o d\u0142ugo\u015bci 2 m z wtyczk\u0105 IP44 H05RN-F 3G1,0 gwarantuje \u0142atwo\u015b\u0107 w instalacji i u\u017cytkowaniu. Na\u015bwietlacz wyposa\u017cony w diody Osram LED zapewnia d\u0142ug\u0105 \u017cywotno\u015b\u0107 oraz oszcz\u0119dno\u015b\u0107 energii, co czyni go idealnym rozwi\u0105zaniem dla r\u00f3\u017cnych aplikacji o\u015bwietleniowych.<\/p>","protected":false},"excerpt":{"rendered":"<div class=\"icons\" style=\"display: flex; flex-wrap: wrap; gap: 5px; align-items: center; margin-top: 10px;\"><img decoding=\"async\" src=\"https:\/\/as-schwabe.de\/wp-content\/uploads\/ikony\/znak_CE.png\" alt=\"\" width=\"50\" height=\"50\" \/><img decoding=\"async\" src=\"https:\/\/as-schwabe.de\/wp-content\/uploads\/ikony\/znak_IP44.png\" alt=\"\" width=\"50\" height=\"50\" \/><img decoding=\"async\" src=\"https:\/\/as-schwabe.de\/wp-content\/uploads\/ikony\/znak_LED.png\" alt=\"\" width=\"50\" height=\"50\" \/><img loading=\"lazy\" decoding=\"async\" src=\"https:\/\/as-schwabe.de\/wp-content\/uploads\/ikony\/znak_Z.png\" alt=\"\" width=\"50\" height=\"50\" \/><img loading=\"lazy\" decoding=\"async\" src=\"https:\/\/as-schwabe.de\/wp-content\/uploads\/ikony\/znak_D.png\" alt=\"\" width=\"50\" height=\"50\" \/><\/div>\n<ul>\n<li>z oryginalnym LED firmy OSRAM<\/li>\n<li> trwa\u0142e diody LED o \u017cywotno\u015bci ponad 50 000 godzin<\/li>\n<li> wyj\u0105tkowo smuk\u0142a obudowa z odlewu ci\u015bnieniowego aluminium IP65<\/li>\n<li> z elementem wyr\u00f3wnania ci\u015bnienia zapobiegaj\u0105cym kondensacji wewn\u0105trz obudowy<\/li>\n<li> uchwyt uchylny i blokowany w wybranej pozycji<\/li>\n<li> 2-metrowy gumowy przew\u00f3d H05RN-F 3G1,0 z wtyczk\u0105 Uni-Schuko<\/li>\n<li> klasa efektywno\u015bci energetycznej: E<\/li>\n<li> IP44 \u2013 odporny na cia\u0142a obce i rozpryski wody<\/li>\n<\/ul>","protected":false},"featured_media":34697,"template":"","meta":{"inline_featured_image":false},"genre":[509],"product_cat":[547,560],"product_tag":[],"class_list":{"0":"post-34698","1":"product","2":"type-product","3":"status-publish","4":"has-post-thumbnail","6":"product_brand-as-schwabe-pl","7":"product_cat-oswietlenie-2-pl","8":"product_cat-o-seria-naswietlaczy-slimline-pl","10":"first","11":"instock","12":"shipping-taxable","13":"product-type-simple"},"aioseo_notices":[],"_links":{"self":[{"href":"https:\/\/as-schwabe.de\/pl\/wp-json\/wp\/v2\/product\/34698","targetHints":{"allow":["GET"]}}],"collection":[{"href":"https:\/\/as-schwabe.de\/pl\/wp-json\/wp\/v2\/product"}],"about":[{"href":"https:\/\/as-schwabe.de\/pl\/wp-json\/wp\/v2\/types\/product"}],"version-history":[{"count":0,"href":"https:\/\/as-schwabe.de\/pl\/wp-json\/wp\/v2\/product\/34698\/revisions"}],"wp:featuredmedia":[{"embeddable":true,"href":"https:\/\/as-schwabe.de\/pl\/wp-json\/wp\/v2\/media\/34697"}],"wp:attachment":[{"href":"https:\/\/as-schwabe.de\/pl\/wp-json\/wp\/v2\/media?parent=34698"}],"wp:term":[{"taxonomy":"product_brand","embeddable":true,"href":"https:\/\/as-schwabe.de\/pl\/wp-json\/wp\/v2\/genre?post=34698"},{"taxonomy":"product_cat","embeddable":true,"href":"https:\/\/as-schwabe.de\/pl\/wp-json\/wp\/v2\/product_cat?post=34698"},{"taxonomy":"product_tag","embeddable":true,"href":"https:\/\/as-schwabe.de\/pl\/wp-json\/wp\/v2\/product_tag?post=34698"}],"curies":[{"name":"wp","href":"https:\/\/api.w.org\/{rel}","templated":true}]}}