{"id":34695,"date":"2025-10-14T09:41:20","date_gmt":"2025-10-14T09:41:20","guid":{"rendered":"https:\/\/as-schwabe.de\/produkt\/zaslepka-do-gniazda-betteri-bc01-cza-62088\/"},"modified":"2025-10-23T00:18:28","modified_gmt":"2025-10-23T00:18:28","slug":"zaslepka-do-gniazda-betteri-bc01-cza-62088","status":"publish","type":"product","link":"https:\/\/as-schwabe.de\/pl\/produkt\/zaslepka-do-gniazda-betteri-bc01-cza-62088\/","title":{"rendered":"Za\u015blepka do gniazda Betteri BC01 CZA | 62088"},"content":{"rendered":"<p>Za\u015blepka do gniazda Betteri BC01 w kolorze czarnym to wysokiej jako\u015bci produkt, kt\u00f3ry stanowi idealne rozwi\u0105zanie dla u\u017cytkownik\u00f3w poszukuj\u0105cych estetycznego i funkcjonalnego elementu do zabezpieczenia nieu\u017cywanych gniazd. Wykonana z trwa\u0142ych materia\u0142\u00f3w, zapewnia solidno\u015b\u0107 i d\u0142ugotrwa\u0142e u\u017cytkowanie, a jej nowoczesny design doskonale wkomponowuje si\u0119 w r\u00f3\u017cnorodne aran\u017cacje wn\u0119trz. Za\u015blepka wspomaga bezpiecze\u0144stwo, zapobiegaj\u0105c przypadkowemu dost\u0119powi do aktywnych gniazd elektrycznych, co jest istotne zw\u0142aszcza w domach z dzie\u0107mi. Monta\u017c produktu jest prosty i szybki, co pozwala na \u0142atwe dostosowanie przestrzeni do potrzeb u\u017cytkownik\u00f3w. Wybieraj\u0105c Betteri BC01, inwestujesz w pewno\u015b\u0107 oraz estetyk\u0119 swojego otoczenia.<\/p>","protected":false},"excerpt":{"rendered":"<div class=\"icons\" style=\"display: flex; flex-wrap: wrap; gap: 5px; align-items: center; margin-top: 10px;\"><img decoding=\"async\" src=\"https:\/\/as-schwabe.de\/wp-content\/uploads\/ikony\/znak_IP68.png\" alt=\"\" width=\"50\" height=\"50\" \/><img decoding=\"async\" src=\"https:\/\/as-schwabe.de\/wp-content\/uploads\/ikony\/znak_PB.png\" alt=\"\" width=\"50\" height=\"50\" \/><img decoding=\"async\" src=\"https:\/\/as-schwabe.de\/wp-content\/uploads\/ikony\/znak_Z.png\" alt=\"\" width=\"50\" height=\"50\" \/><img loading=\"lazy\" decoding=\"async\" src=\"https:\/\/as-schwabe.de\/wp-content\/uploads\/ikony\/znak_D.png\" alt=\"\" width=\"50\" height=\"50\" \/><img loading=\"lazy\" decoding=\"async\" src=\"https:\/\/as-schwabe.de\/wp-content\/uploads\/ikony\/znak_DE.png\" alt=\"\" width=\"50\" height=\"40\" \/><\/div>\n<ul>\n<li>Za\u015blepka do gniazda Betteri BC01 <\/li>\n<li> do jednofazowych mikro inwerter\u00f3w z przy\u0142\u0105czem Betteri\u00ae BC01 <\/li>\n<li> ze z\u0142\u0105czem \u015brubowym dla kabli \u00d8 10-14 mm (do 4mm\u00b2) <\/li>\n<li> 3P (L,N+PE) <\/li>\n<li>230 V \/ maks. 25A <\/li>\n<li> -40\u00b0C do +85\u00b0C <\/li>\n<li> IP68: py\u0142oszczelny i wodoodporny pod ci\u015bnieniem<\/li>\n<\/ul>","protected":false},"featured_media":34694,"template":"","meta":{"inline_featured_image":false},"genre":[509],"product_cat":[523,593],"product_tag":[],"class_list":{"0":"post-34695","1":"product","2":"type-product","3":"status-publish","4":"has-post-thumbnail","6":"product_brand-as-schwabe-pl","7":"product_cat-produkty-do-samodzielnego-montazu-pl","8":"product_cat-wtyczki-i-gniazda-seria-c-pl","10":"first","11":"instock","12":"shipping-taxable","13":"product-type-simple"},"aioseo_notices":[],"_links":{"self":[{"href":"https:\/\/as-schwabe.de\/pl\/wp-json\/wp\/v2\/product\/34695","targetHints":{"allow":["GET"]}}],"collection":[{"href":"https:\/\/as-schwabe.de\/pl\/wp-json\/wp\/v2\/product"}],"about":[{"href":"https:\/\/as-schwabe.de\/pl\/wp-json\/wp\/v2\/types\/product"}],"version-history":[{"count":0,"href":"https:\/\/as-schwabe.de\/pl\/wp-json\/wp\/v2\/product\/34695\/revisions"}],"wp:featuredmedia":[{"embeddable":true,"href":"https:\/\/as-schwabe.de\/pl\/wp-json\/wp\/v2\/media\/34694"}],"wp:attachment":[{"href":"https:\/\/as-schwabe.de\/pl\/wp-json\/wp\/v2\/media?parent=34695"}],"wp:term":[{"taxonomy":"product_brand","embeddable":true,"href":"https:\/\/as-schwabe.de\/pl\/wp-json\/wp\/v2\/genre?post=34695"},{"taxonomy":"product_cat","embeddable":true,"href":"https:\/\/as-schwabe.de\/pl\/wp-json\/wp\/v2\/product_cat?post=34695"},{"taxonomy":"product_tag","embeddable":true,"href":"https:\/\/as-schwabe.de\/pl\/wp-json\/wp\/v2\/product_tag?post=34695"}],"curies":[{"name":"wp","href":"https:\/\/api.w.org\/{rel}","templated":true}]}}