{"id":34573,"date":"2025-10-14T07:40:21","date_gmt":"2025-10-14T07:40:21","guid":{"rendered":"https:\/\/as-schwabe.de\/produkt\/zestaw-energytube-xl-1500-w-ze-statywem-xxl-easylift-225000-lm-19863\/"},"modified":"2025-10-23T00:13:40","modified_gmt":"2025-10-23T00:13:40","slug":"zestaw-energytube-xl-1500-w-ze-statywem-xxl-easylift-225000-lm-19863","status":"publish","type":"product","link":"https:\/\/as-schwabe.de\/pl\/produkt\/zestaw-energytube-xl-1500-w-ze-statywem-xxl-easylift-225000-lm-19863\/","title":{"rendered":"Zestaw EnergyTube XL 1500 W ze statywem XXL Easylift &#8211; 225000 lm | 19863"},"content":{"rendered":"<p>EnergyTube XL 1500 W Ultra LED 360\u00b0 ze statywem XXL to najwy\u017cszej klasy zestaw o\u015bwietleniowy, zaprojektowany z my\u015bl\u0105 o o\u015bwietleniu du\u017cych przestrzeni do 6000 m\u00b2. Pot\u0119\u017cna moc 1500 W i strumie\u0144 \u015bwietlny 225 000 lm (150 lm\/W) zapewniaj\u0105 maksymaln\u0105 wydajno\u015b\u0107 i r\u00f3wnomierne o\u015bwietlenie w promieniu 360\u00b0. Zestaw zawiera statyw XXL z trawersem, wykonany z trwa\u0142ych materia\u0142\u00f3w, o wysoko\u015bci do 4,6 m i ud\u017awigu 40 kg. Na\u015bwietlacz wyposa\u017cony jest w pilot przewodowy, umo\u017cliwiaj\u0105cy wygodne sterowanie i regulacj\u0119 nat\u0119\u017cenia \u015bwiat\u0142a. W komplecie znajduje si\u0119 solidna skrzynia transportowa z mo\u017cliwo\u015bci\u0105 zamkni\u0119cia na k\u0142\u00f3dk\u0119, gwarantuj\u0105ca bezpiecze\u0144stwo sprz\u0119tu w transporcie i magazynowaniu.<\/p>","protected":false},"excerpt":{"rendered":"<div class=\"icons\" style=\"display: flex; flex-wrap: wrap; gap: 5px; align-items: center; margin-top: 10px;\"><img decoding=\"async\" src=\"https:\/\/as-schwabe.de\/wp-content\/uploads\/ikony\/znak_CE.png\" alt=\"\" width=\"50\" height=\"50\" \/><img decoding=\"async\" src=\"https:\/\/as-schwabe.de\/wp-content\/uploads\/ikony\/znak_IP54.png\" alt=\"\" width=\"50\" height=\"50\" \/><img decoding=\"async\" src=\"https:\/\/as-schwabe.de\/wp-content\/uploads\/ikony\/znak_LED.png\" alt=\"\" width=\"50\" height=\"50\" \/><img loading=\"lazy\" decoding=\"async\" src=\"https:\/\/as-schwabe.de\/wp-content\/uploads\/ikony\/znak_PB.png\" alt=\"\" width=\"50\" height=\"50\" \/><img loading=\"lazy\" decoding=\"async\" src=\"https:\/\/as-schwabe.de\/wp-content\/uploads\/ikony\/znak_Z.png\" alt=\"\" width=\"50\" height=\"50\" \/><img loading=\"lazy\" decoding=\"async\" src=\"https:\/\/as-schwabe.de\/wp-content\/uploads\/ikony\/znak_D.png\" alt=\"\" width=\"50\" height=\"50\" \/><\/div>\n<ul>\n<h3>Na\u015bwietlacz EnergyTube XL 1500 Ultra LED 1500 W (nr art. 46244) w skrzyni transportowej<\/h3>\n<li>Przeznaczony do o\u015bwietlania du\u017cych powierzchni do ok. 6000 m\u00b2<\/li>\n<li>Z jednostk\u0105 steruj\u0105c\u0105 IP65 (w\u0142\u0105cznik \/ wy\u0142\u0105cznik \u2013 \u015bciemnianie)<\/li>\n<li>Zakres \u015bciemniania: 1% \u2013 100%<\/li>\n<li>Moc znamionowa: 1500 W<\/li>\n<li>Pob\u00f3r mocy ca\u0142kowity: 1770 W<\/li>\n<li>Strumie\u0144 \u015bwietlny: ok. 225 000 lm (150 lm\/W)<\/li>\n<li>Temperatura barwowa: 5000 K (neutralna biel)<\/li>\n<li>Wsp\u00f3\u0142czynnik oddawania barw CRI \/ RA &gt; 80<\/li>\n<li>Zintegrowany bezpiecznik termiczny<\/li>\n<li>Zakres temperatury pracy: od -15\u00b0C do +40\u00b0C<\/li>\n<li>Uchwyt DIN do monta\u017cu na statywie z czopem DIN<\/li>\n<li>Przew\u00f3d przy\u0142\u0105czeniowy o d\u0142ugo\u015bci 11,4 m z wtyczk\u0105 Schuko<\/li>\n<li>Odporno\u015b\u0107 mechaniczna: IK08<\/li>\n<li>Napi\u0119cie zasilania: 230 V \/ 16 A, 50\u201360 Hz<\/li>\n<li>Stopie\u0144 ochrony: IP54 \u2013 odporno\u015b\u0107 na py\u0142 i rozpryski wody<\/li>\n<h3>Statyw profesjonalny XXL \u201eEasy-Lift\u201d z trawersem (nr art. 46752)<\/h3>\n<li>Statyw z korb\u0105 do podnoszenia<\/li>\n<li>Nap\u0119d \u0142a\u0144cuchowy dla p\u0142ynnej regulacji wysoko\u015bci<\/li>\n<li>Zakres wysoko\u015bci: od 1740 mm do maks. 3700 mm<\/li>\n<li>Wysoko\u015b\u0107 po z\u0142o\u017ceniu: 1980 mm<\/li>\n<li>Szeroko\u015b\u0107 po z\u0142o\u017ceniu: 210 mm<\/li>\n<li>Masa: ok. 17 kg<\/li>\n<li>Wyposa\u017cony w hak na przew\u00f3d<\/li>\n<li>Otwory kotwi\u0105ce w stopkach dla lepszej stabilno\u015bci<\/li>\n<li>Maksymalne obci\u0105\u017cenie: 45 kg<\/li>\n<li>W zestawie torba transportowa<\/li>\n<\/ul>","protected":false},"featured_media":33522,"template":"","meta":{"inline_featured_image":false},"genre":[509],"product_cat":[547,556],"product_tag":[],"class_list":{"0":"post-34573","1":"product","2":"type-product","3":"status-publish","4":"has-post-thumbnail","6":"product_brand-as-schwabe-pl","7":"product_cat-oswietlenie-2-pl","8":"product_cat-zestawy-energy-xl-i-naswietlacze-energytube-xl-pl","10":"first","11":"instock","12":"shipping-taxable","13":"product-type-simple"},"aioseo_notices":[],"_links":{"self":[{"href":"https:\/\/as-schwabe.de\/pl\/wp-json\/wp\/v2\/product\/34573","targetHints":{"allow":["GET"]}}],"collection":[{"href":"https:\/\/as-schwabe.de\/pl\/wp-json\/wp\/v2\/product"}],"about":[{"href":"https:\/\/as-schwabe.de\/pl\/wp-json\/wp\/v2\/types\/product"}],"version-history":[{"count":0,"href":"https:\/\/as-schwabe.de\/pl\/wp-json\/wp\/v2\/product\/34573\/revisions"}],"wp:featuredmedia":[{"embeddable":true,"href":"https:\/\/as-schwabe.de\/pl\/wp-json\/wp\/v2\/media\/33522"}],"wp:attachment":[{"href":"https:\/\/as-schwabe.de\/pl\/wp-json\/wp\/v2\/media?parent=34573"}],"wp:term":[{"taxonomy":"product_brand","embeddable":true,"href":"https:\/\/as-schwabe.de\/pl\/wp-json\/wp\/v2\/genre?post=34573"},{"taxonomy":"product_cat","embeddable":true,"href":"https:\/\/as-schwabe.de\/pl\/wp-json\/wp\/v2\/product_cat?post=34573"},{"taxonomy":"product_tag","embeddable":true,"href":"https:\/\/as-schwabe.de\/pl\/wp-json\/wp\/v2\/product_tag?post=34573"}],"curies":[{"name":"wp","href":"https:\/\/api.w.org\/{rel}","templated":true}]}}