{"id":34572,"date":"2025-10-14T07:40:20","date_gmt":"2025-10-14T07:40:20","guid":{"rendered":"https:\/\/as-schwabe.de\/produkt\/zestaw-energytube-xl-500-w-ze-statywem-xxl-46-m-70000-lm-19862\/"},"modified":"2025-10-23T00:13:40","modified_gmt":"2025-10-23T00:13:40","slug":"zestaw-energytube-xl-500-w-ze-statywem-xxl-46-m-70000-lm-19862","status":"publish","type":"product","link":"https:\/\/as-schwabe.de\/pl\/produkt\/zestaw-energytube-xl-500-w-ze-statywem-xxl-46-m-70000-lm-19862\/","title":{"rendered":"Zestaw EnergyTube XL 500 W ze statywem XXL 4,6 m &#8211; 70000 lm | 19862"},"content":{"rendered":"<p>Profesjonalny zestaw EnergyTube XL 500 W LED 360\u00b0 ze statywem XXL to zaawansowane rozwi\u0105zanie o\u015bwietleniowe do pracy w wymagaj\u0105cych warunkach przemys\u0142owych i budowlanych. Lampa o mocy 500 W i strumieniu \u015bwietlnym 70 000 lm skutecznie o\u015bwietla obszary do 3200 m\u00b2, zapewniaj\u0105c jednolite \u015bwiat\u0142o o barwie 5000 K i wsp\u00f3\u0142czynniku oddawania barw CRI > 80. Zestaw obejmuje statyw XXL z trawersem, umo\u017cliwiaj\u0105cy regulacj\u0119 wysoko\u015bci do 4,6 m i bezpieczne mocowanie lampy. Obudowa IP44, bezpiecznik termiczny i solidny przew\u00f3d z wtyczk\u0105 IP44 zapewniaj\u0105 trwa\u0142o\u015b\u0107 i bezpiecze\u0144stwo u\u017cytkowania. Do\u0142\u0105czona torba transportowa u\u0142atwia przenoszenie ca\u0142ego zestawu.<\/p>","protected":false},"excerpt":{"rendered":"<div class=\"icons\" style=\"display: flex; flex-wrap: wrap; gap: 5px; align-items: center; margin-top: 10px;\"><img decoding=\"async\" src=\"https:\/\/as-schwabe.de\/wp-content\/uploads\/ikony\/znak_CE.png\" alt=\"\" width=\"50\" height=\"50\" \/><img decoding=\"async\" src=\"https:\/\/as-schwabe.de\/wp-content\/uploads\/ikony\/znak_IP44.png\" alt=\"\" width=\"50\" height=\"50\" \/><img decoding=\"async\" src=\"https:\/\/as-schwabe.de\/wp-content\/uploads\/ikony\/znak_LED.png\" alt=\"\" width=\"50\" height=\"50\" \/><img loading=\"lazy\" decoding=\"async\" src=\"https:\/\/as-schwabe.de\/wp-content\/uploads\/ikony\/znak_PB.png\" alt=\"\" width=\"50\" height=\"50\" \/><img loading=\"lazy\" decoding=\"async\" src=\"https:\/\/as-schwabe.de\/wp-content\/uploads\/ikony\/znak_Z.png\" alt=\"\" width=\"50\" height=\"50\" \/><img loading=\"lazy\" decoding=\"async\" src=\"https:\/\/as-schwabe.de\/wp-content\/uploads\/ikony\/znak_D.png\" alt=\"\" width=\"50\" height=\"50\" \/><\/div>\n<ul>\n<h3>Na\u015bwietlacz EnergyTube XL 360\u00b0 LED 500 W (nr art. 46242) w torbie <\/h3>\n<li>Przeznaczony do r\u00f3wnomiernego o\u015bwietlenia du\u017cych powierzchni do ok. 3200 m\u00b2<\/li>\n<li>Strumie\u0144 \u015bwietlny: ok. 70 000 lm<\/li>\n<li>Temperatura barwowa: 5000 K (neutralna biel)<\/li>\n<li>Uchwyt DIN do monta\u017cu na statywie z czopem DIN<\/li>\n<li>Alternatywnie szybki monta\u017c za pomoc\u0105 ucha i karabi\u0144czyka<\/li>\n<li>\u0179r\u00f3d\u0142o \u015bwiat\u0142a os\u0142oni\u0119te kolumn\u0105 z poliw\u0119glanu, bardzo odporne na uderzenia (IK10)<\/li>\n<li>Trwa\u0142e diody LED o \u017cywotno\u015bci ponad 50 000 godzin (140 lm\/W)<\/li>\n<li>Wsp\u00f3\u0142czynnik oddawania barw CRI &gt; 80<\/li>\n<li>K\u0105t rozsy\u0142u \u015bwiat\u0142a: 360\u00b0<\/li>\n<li>Przew\u00f3d gumowy H07RN-F 3G1,5 o d\u0142ugo\u015bci 7 m z wtyczk\u0105 Schuko<\/li>\n<li>Zintegrowany bezpiecznik termiczny<\/li>\n<li>Zakres temperatury pracy: od -15\u00b0C do +40\u00b0C<\/li>\n<li>Napi\u0119cie zasilania: 230 V \/ 50\u201360 Hz<\/li>\n<li>Stopie\u0144 ochrony: IP44 \u2013 odporno\u015b\u0107 na cia\u0142a sta\u0142e i rozpryski wody<\/li>\n<h3>Statyw profesjonalny XXL z trawersem (nr art. 46758) <\/h3>\n<li>wysoka jako\u015b\u0107 wykonania <\/li>\n<li>malowana proszkowo rama z rur stalowych z 5 elementami rurowymi i \u015brubami regulacyjnymi w praktycznej torbie <\/li>\n<li>statyw z czopem DIN i trawersem o d\u0142ugo\u015bci 820 mm z mocowaniem DIN do szybkiego mocowania i zabezpieczania reflektor\u00f3w roboczych na statywie <\/li>\n<li>nogi ze sto\u017ckami podstawy zapewniaj\u0105 bardzo dobr\u0105 stabilno\u015b\u0107 <\/li>\n<li>w zestawie 3 linki zabezpieczaj\u0105ce z karabi\u0144czykami i 3 ko\u0142ki do wbicia w grunt do zabezpieczenia stojaka. <\/li>\n<li>bezstopniowa regulacja wysoko\u015bci od 1,3 do 4,6 m <\/li>\n<li>maks. no\u015bno\u015b\u0107 40 kg<\/li>\n<\/ul>","protected":false},"featured_media":33524,"template":"","meta":{"inline_featured_image":false},"genre":[509],"product_cat":[547,556],"product_tag":[],"class_list":{"0":"post-34572","1":"product","2":"type-product","3":"status-publish","4":"has-post-thumbnail","6":"product_brand-as-schwabe-pl","7":"product_cat-oswietlenie-2-pl","8":"product_cat-zestawy-energy-xl-i-naswietlacze-energytube-xl-pl","10":"first","11":"instock","12":"shipping-taxable","13":"product-type-simple"},"aioseo_notices":[],"_links":{"self":[{"href":"https:\/\/as-schwabe.de\/pl\/wp-json\/wp\/v2\/product\/34572","targetHints":{"allow":["GET"]}}],"collection":[{"href":"https:\/\/as-schwabe.de\/pl\/wp-json\/wp\/v2\/product"}],"about":[{"href":"https:\/\/as-schwabe.de\/pl\/wp-json\/wp\/v2\/types\/product"}],"version-history":[{"count":0,"href":"https:\/\/as-schwabe.de\/pl\/wp-json\/wp\/v2\/product\/34572\/revisions"}],"wp:featuredmedia":[{"embeddable":true,"href":"https:\/\/as-schwabe.de\/pl\/wp-json\/wp\/v2\/media\/33524"}],"wp:attachment":[{"href":"https:\/\/as-schwabe.de\/pl\/wp-json\/wp\/v2\/media?parent=34572"}],"wp:term":[{"taxonomy":"product_brand","embeddable":true,"href":"https:\/\/as-schwabe.de\/pl\/wp-json\/wp\/v2\/genre?post=34572"},{"taxonomy":"product_cat","embeddable":true,"href":"https:\/\/as-schwabe.de\/pl\/wp-json\/wp\/v2\/product_cat?post=34572"},{"taxonomy":"product_tag","embeddable":true,"href":"https:\/\/as-schwabe.de\/pl\/wp-json\/wp\/v2\/product_tag?post=34572"}],"curies":[{"name":"wp","href":"https:\/\/api.w.org\/{rel}","templated":true}]}}