{"id":34570,"date":"2025-10-14T07:40:18","date_gmt":"2025-10-14T07:40:18","guid":{"rendered":"https:\/\/as-schwabe.de\/produkt\/naswietlacz-optiline-led-150-w-18000-lm-ip65-46663\/"},"modified":"2025-10-23T00:15:10","modified_gmt":"2025-10-23T00:15:10","slug":"naswietlacz-optiline-led-150-w-18000-lm-ip65-46663","status":"publish","type":"product","link":"https:\/\/as-schwabe.de\/pl\/produkt\/naswietlacz-optiline-led-150-w-18000-lm-ip65-46663\/","title":{"rendered":"Na\u015bwietlacz Optiline LED 150 W &#8211; 18000 lm IP65 | 46663"},"content":{"rendered":"<p>Reflektor Optiline LED to nowoczesne i trwa\u0142e \u017ar\u00f3d\u0142o \u015bwiat\u0142a, zaprojektowane do pracy w wymagaj\u0105cych warunkach. Dzi\u0119ki wydajnym diodom LED o \u017cywotno\u015bci ponad 40 000 godzin oraz solidnej obudowie z tworzywa z aluminiowym radiatorem, urz\u0105dzenie gwarantuje niezawodno\u015b\u0107 i doskona\u0142e ch\u0142odzenie. Satynowana szybka zapewnia r\u00f3wnomierne, przyjemne dla oka o\u015bwietlenie, a obrotowy uchwyt umo\u017cliwia precyzyjne ustawienie kierunku \u015bwiat\u0142a. Stopie\u0144 ochrony IP65 sprawia, \u017ce reflektor jest ca\u0142kowicie odporny na kurz i strumie\u0144 wody, co czyni go idealnym wyborem do zastosowa\u0144 zewn\u0119trznych i przemys\u0142owych.<\/p>","protected":false},"excerpt":{"rendered":"<div class=\"icons\" style=\"display: flex; flex-wrap: wrap; gap: 5px; align-items: center; margin-top: 10px;\"><img decoding=\"async\" src=\"https:\/\/as-schwabe.de\/wp-content\/uploads\/ikony\/znak_CE.png\" alt=\"\" width=\"50\" height=\"50\" \/><img decoding=\"async\" src=\"https:\/\/as-schwabe.de\/wp-content\/uploads\/ikony\/znak_IP65.png\" alt=\"\" width=\"50\" height=\"50\" \/><img decoding=\"async\" src=\"https:\/\/as-schwabe.de\/wp-content\/uploads\/ikony\/znak_LED.png\" alt=\"\" width=\"50\" height=\"50\" \/><img loading=\"lazy\" decoding=\"async\" src=\"https:\/\/as-schwabe.de\/wp-content\/uploads\/ikony\/znak_Z.png\" alt=\"\" width=\"50\" height=\"50\" \/><img loading=\"lazy\" decoding=\"async\" src=\"https:\/\/as-schwabe.de\/wp-content\/uploads\/ikony\/znak_D.png\" alt=\"\" width=\"50\" height=\"50\" \/><\/div>\n<ul>\n<li>trwa\u0142e diody LED o \u017cywotno\u015bci ponad 40 000 godzin<\/li>\n<li> smuk\u0142a obudowa z tworzywa z aluminiowym radiatorem<\/li>\n<li> satynowana szybka dla r\u00f3wnomiernego rozsy\u0142u \u015bwiat\u0142a<\/li>\n<li> uchylny i blokowany uchwyt monta\u017cowy<\/li>\n<li> przew\u00f3d H07RN-F 3G1,5 o d\u0142ugo\u015bci 15 cm z szybkoz\u0142\u0105czem<\/li>\n<li> mo\u017cliwo\u015b\u0107 pod\u0142\u0105czenia przewodu o przekroju 3\u00d72,5 mm\u00b2<\/li>\n<li> wymienny modu\u0142 LED<\/li>\n<li> klasa efektywno\u015bci energetycznej E<\/li>\n<li> stopie\u0144 ochrony IP65 \u2013 py\u0142oszczelny i odporny na strumie\u0144 wody<\/li>\n<\/ul>","protected":false},"featured_media":33538,"template":"","meta":{"inline_featured_image":false},"genre":[509],"product_cat":[547,557],"product_tag":[],"class_list":{"0":"post-34570","1":"product","2":"type-product","3":"status-publish","4":"has-post-thumbnail","6":"product_brand-as-schwabe-pl","7":"product_cat-oswietlenie-2-pl","8":"product_cat-o-seria-naswietlaczy-optiline-pl","10":"first","11":"instock","12":"shipping-taxable","13":"product-type-simple"},"aioseo_notices":[],"_links":{"self":[{"href":"https:\/\/as-schwabe.de\/pl\/wp-json\/wp\/v2\/product\/34570","targetHints":{"allow":["GET"]}}],"collection":[{"href":"https:\/\/as-schwabe.de\/pl\/wp-json\/wp\/v2\/product"}],"about":[{"href":"https:\/\/as-schwabe.de\/pl\/wp-json\/wp\/v2\/types\/product"}],"version-history":[{"count":0,"href":"https:\/\/as-schwabe.de\/pl\/wp-json\/wp\/v2\/product\/34570\/revisions"}],"wp:featuredmedia":[{"embeddable":true,"href":"https:\/\/as-schwabe.de\/pl\/wp-json\/wp\/v2\/media\/33538"}],"wp:attachment":[{"href":"https:\/\/as-schwabe.de\/pl\/wp-json\/wp\/v2\/media?parent=34570"}],"wp:term":[{"taxonomy":"product_brand","embeddable":true,"href":"https:\/\/as-schwabe.de\/pl\/wp-json\/wp\/v2\/genre?post=34570"},{"taxonomy":"product_cat","embeddable":true,"href":"https:\/\/as-schwabe.de\/pl\/wp-json\/wp\/v2\/product_cat?post=34570"},{"taxonomy":"product_tag","embeddable":true,"href":"https:\/\/as-schwabe.de\/pl\/wp-json\/wp\/v2\/product_tag?post=34570"}],"curies":[{"name":"wp","href":"https:\/\/api.w.org\/{rel}","templated":true}]}}