{"id":34566,"date":"2025-10-14T07:40:13","date_gmt":"2025-10-14T07:40:13","guid":{"rendered":"https:\/\/as-schwabe.de\/produkt\/naswietlacz-optiline-led-100-w-z-czujnikiem-ruchu-12000-lm-ip44-46672\/"},"modified":"2025-10-23T00:15:12","modified_gmt":"2025-10-23T00:15:12","slug":"naswietlacz-optiline-led-100-w-z-czujnikiem-ruchu-12000-lm-ip44-46672","status":"publish","type":"product","link":"https:\/\/as-schwabe.de\/pl\/produkt\/naswietlacz-optiline-led-100-w-z-czujnikiem-ruchu-12000-lm-ip44-46672\/","title":{"rendered":"Na\u015bwietlacz Optiline LED 100 W z czujnikiem ruchu &#8211; 12000 lm IP44 | 46672"},"content":{"rendered":"<p>Reflektor Optiline LED z czujnikiem ruchu to niezawodne i energooszcz\u0119dne \u017ar\u00f3d\u0142o \u015bwiat\u0142a, idealne do zastosowa\u0144 zewn\u0119trznych i przemys\u0142owych. Dzi\u0119ki trwa\u0142ym diodom LED o \u017cywotno\u015bci ponad 40 000 godzin i solidnej obudowie z tworzywa z aluminiowym radiatorem, urz\u0105dzenie gwarantuje d\u0142ugotrwa\u0142\u0105 i stabiln\u0105 prac\u0119. Wbudowany czujnik ruchu z regulacj\u0105 czasu, czu\u0142o\u015bci i zasi\u0119gu zapewnia automatyczne w\u0142\u0105czanie o\u015bwietlenia tylko wtedy, gdy jest potrzebne, co pozwala oszcz\u0119dza\u0107 energi\u0119. Zintegrowane szybkoz\u0142\u0105cze, satynowana szybka i stopie\u0144 ochrony IP44 czyni\u0105 ten reflektor praktycznym i trwa\u0142ym rozwi\u0105zaniem do u\u017cytku na zewn\u0105trz.<\/p>","protected":false},"excerpt":{"rendered":"<div class=\"icons\" style=\"display: flex; flex-wrap: wrap; gap: 5px; align-items: center; margin-top: 10px;\"><img decoding=\"async\" src=\"https:\/\/as-schwabe.de\/wp-content\/uploads\/ikony\/znak_CE.png\" alt=\"\" width=\"50\" height=\"50\" \/><img decoding=\"async\" src=\"https:\/\/as-schwabe.de\/wp-content\/uploads\/ikony\/znak_IP44.png\" alt=\"\" width=\"50\" height=\"50\" \/><img decoding=\"async\" src=\"https:\/\/as-schwabe.de\/wp-content\/uploads\/ikony\/znak_LED.png\" alt=\"\" width=\"50\" height=\"50\" \/><img loading=\"lazy\" decoding=\"async\" src=\"https:\/\/as-schwabe.de\/wp-content\/uploads\/ikony\/znak_Z.png\" alt=\"\" width=\"50\" height=\"50\" \/><img loading=\"lazy\" decoding=\"async\" src=\"https:\/\/as-schwabe.de\/wp-content\/uploads\/ikony\/znak_D.png\" alt=\"\" width=\"50\" height=\"50\" \/><\/div>\n<ul>\n<li>trwa\u0142e diody LED o \u017cywotno\u015bci ponad 40 000 godzin<\/li>\n<li> wyj\u0105tkowo smuk\u0142a obudowa z tworzywa sztucznego z aluminiow\u0105 p\u0142yt\u0105 odprowadzaj\u0105c\u0105 ciep\u0142o<\/li>\n<li> z elementem wyr\u00f3wnania ci\u015bnienia<\/li>\n<li> mleczna (satynowana) szyba rozpraszaj\u0105ca \u015bwiat\u0142o<\/li>\n<li> uchwyt uchylny i blokowany w wybranej pozycji<\/li>\n<li> czujnik ruchu regulowany: czas 10 s \u2013 10 min, czu\u0142o\u015b\u0107 \u015bwiat\u0142a 3\u201310 000 Lux, zasi\u0119g 4\u201310 m<\/li>\n<li> 15 cm przew\u00f3d gumowy H07RN-F 3G1,5 z szybkoz\u0142\u0105czem<\/li>\n<li> mo\u017cliwy przekr\u00f3j przewodu przy\u0142\u0105czeniowego: 3\u00d72,5 mm\u00b2<\/li>\n<li> modu\u0142 LED wymienny<\/li>\n<li> klasa efektywno\u015bci energetycznej: E<\/li>\n<li> IP44 \u2013 odporny na cia\u0142a sta\u0142e i rozpryski wody<\/li>\n<\/ul>","protected":false},"featured_media":33543,"template":"","meta":{"inline_featured_image":false},"genre":[509],"product_cat":[547,557],"product_tag":[],"class_list":{"0":"post-34566","1":"product","2":"type-product","3":"status-publish","4":"has-post-thumbnail","6":"product_brand-as-schwabe-pl","7":"product_cat-oswietlenie-2-pl","8":"product_cat-o-seria-naswietlaczy-optiline-pl","10":"first","11":"instock","12":"shipping-taxable","13":"product-type-simple"},"aioseo_notices":[],"_links":{"self":[{"href":"https:\/\/as-schwabe.de\/pl\/wp-json\/wp\/v2\/product\/34566","targetHints":{"allow":["GET"]}}],"collection":[{"href":"https:\/\/as-schwabe.de\/pl\/wp-json\/wp\/v2\/product"}],"about":[{"href":"https:\/\/as-schwabe.de\/pl\/wp-json\/wp\/v2\/types\/product"}],"version-history":[{"count":0,"href":"https:\/\/as-schwabe.de\/pl\/wp-json\/wp\/v2\/product\/34566\/revisions"}],"wp:featuredmedia":[{"embeddable":true,"href":"https:\/\/as-schwabe.de\/pl\/wp-json\/wp\/v2\/media\/33543"}],"wp:attachment":[{"href":"https:\/\/as-schwabe.de\/pl\/wp-json\/wp\/v2\/media?parent=34566"}],"wp:term":[{"taxonomy":"product_brand","embeddable":true,"href":"https:\/\/as-schwabe.de\/pl\/wp-json\/wp\/v2\/genre?post=34566"},{"taxonomy":"product_cat","embeddable":true,"href":"https:\/\/as-schwabe.de\/pl\/wp-json\/wp\/v2\/product_cat?post=34566"},{"taxonomy":"product_tag","embeddable":true,"href":"https:\/\/as-schwabe.de\/pl\/wp-json\/wp\/v2\/product_tag?post=34566"}],"curies":[{"name":"wp","href":"https:\/\/api.w.org\/{rel}","templated":true}]}}