{"id":34560,"date":"2025-10-14T07:40:08","date_gmt":"2025-10-14T07:40:08","guid":{"rendered":"https:\/\/as-schwabe.de\/produkt\/naswietlacz-optiline-led-2x-30-w-ze-statywem-7200-lm-ip44-46691\/"},"modified":"2025-10-23T00:15:15","modified_gmt":"2025-10-23T00:15:15","slug":"naswietlacz-optiline-led-2x-30-w-ze-statywem-7200-lm-ip44-46691","status":"publish","type":"product","link":"https:\/\/as-schwabe.de\/pl\/produkt\/naswietlacz-optiline-led-2x-30-w-ze-statywem-7200-lm-ip44-46691\/","title":{"rendered":"Na\u015bwietlacz Optiline LED 2x 30 W ze statywem &#8211; 7200 lm IP44 | 46691"},"content":{"rendered":"<p>Podw\u00f3jny reflektor LED Optiline 2\u00d730W ze statywem to wydajne rozwi\u0105zanie o\u015bwietleniowe do pracy w terenie, zapewniaj\u0105ce \u0142\u0105cznie 7200 lumen\u00f3w jasnego, naturalnego \u015bwiat\u0142a. Dwa regulowane reflektory na stabilnym statywie umo\u017cliwiaj\u0105 precyzyjne ustawienie kierunku \u015bwiat\u0142a w zakresie 360\u00b0. Konstrukcja z tworzywa i aluminium oraz sk\u0142adany stojak zapewniaj\u0105 trwa\u0142o\u015b\u0107, mobilno\u015b\u0107 i \u0142atwo\u015b\u0107 transportu. Dzi\u0119ki IP44 i \u017cywotno\u015bci LED ponad 40 000 godzin, zestaw idealnie nadaje si\u0119 do zastosowa\u0144 profesjonalnych i hobbystycznych.<\/p>","protected":false},"excerpt":{"rendered":"<div class=\"icons\" style=\"display: flex; flex-wrap: wrap; gap: 5px; align-items: center; margin-top: 10px;\"><img decoding=\"async\" src=\"https:\/\/as-schwabe.de\/wp-content\/uploads\/ikony\/znak_CE.png\" alt=\"\" width=\"50\" height=\"50\" \/><img decoding=\"async\" src=\"https:\/\/as-schwabe.de\/wp-content\/uploads\/ikony\/znak_IP44.png\" alt=\"\" width=\"50\" height=\"50\" \/><img decoding=\"async\" src=\"https:\/\/as-schwabe.de\/wp-content\/uploads\/ikony\/znak_LED.png\" alt=\"\" width=\"50\" height=\"50\" \/><img loading=\"lazy\" decoding=\"async\" src=\"https:\/\/as-schwabe.de\/wp-content\/uploads\/ikony\/znak_Z.png\" alt=\"\" width=\"50\" height=\"50\" \/><img loading=\"lazy\" decoding=\"async\" src=\"https:\/\/as-schwabe.de\/wp-content\/uploads\/ikony\/znak_D.png\" alt=\"\" width=\"50\" height=\"50\" \/><\/div>\n<ul>\n<li>Ta\u015bma LED w kr\u0105\u017cku <\/li>\n<li>fotoluminescencja przez ok. 10 min po na\u015bwietleniu <\/li>\n<li>wej\u015bcie: AC 230 V, 16 A <\/li>\n<li>moc: 12 W\/m <\/li>\n<li>strumie\u0144 \u015bwietlny: 1500 lm\/m (ok. 125 lm\/W) <\/li>\n<li>wsp\u00f3\u0142czynnik oddawania barw CRI: >80 <\/li>\n<li>k\u0105t rozsy\u0142u \u015bwiat\u0142a: 120 stopni <\/li>\n<li>\u017cywotno\u015b\u0107 diody LED: 30 000 h <\/li>\n<li>temperatura barwowa: 4000 K <\/li>\n<li>materia\u0142 os\u0142ony: PCV <\/li>\n<li>wymiary szer. x wys.: 18 x 8 mm <\/li>\n<li>mo\u017cliwo\u015b\u0107 przed\u0142u\u017cenia do ca\u0142kowitej d\u0142ugo\u015bci 150 m <\/li>\n<li>stopie\u0144 ochrony: IP65 <\/li>\n<li>\u0142\u0105cznie z pakietem mocuj\u0105cym <\/li>\n<li>mo\u017cna je elastycznie wygina\u0107 do promienia 40 mm<\/li>\n<\/ul>","protected":false},"featured_media":33548,"template":"","meta":{"inline_featured_image":false},"genre":[509],"product_cat":[547,557],"product_tag":[],"class_list":{"0":"post-34560","1":"product","2":"type-product","3":"status-publish","4":"has-post-thumbnail","6":"product_brand-as-schwabe-pl","7":"product_cat-oswietlenie-2-pl","8":"product_cat-o-seria-naswietlaczy-optiline-pl","10":"first","11":"instock","12":"shipping-taxable","13":"product-type-simple"},"aioseo_notices":[],"_links":{"self":[{"href":"https:\/\/as-schwabe.de\/pl\/wp-json\/wp\/v2\/product\/34560","targetHints":{"allow":["GET"]}}],"collection":[{"href":"https:\/\/as-schwabe.de\/pl\/wp-json\/wp\/v2\/product"}],"about":[{"href":"https:\/\/as-schwabe.de\/pl\/wp-json\/wp\/v2\/types\/product"}],"version-history":[{"count":0,"href":"https:\/\/as-schwabe.de\/pl\/wp-json\/wp\/v2\/product\/34560\/revisions"}],"wp:featuredmedia":[{"embeddable":true,"href":"https:\/\/as-schwabe.de\/pl\/wp-json\/wp\/v2\/media\/33548"}],"wp:attachment":[{"href":"https:\/\/as-schwabe.de\/pl\/wp-json\/wp\/v2\/media?parent=34560"}],"wp:term":[{"taxonomy":"product_brand","embeddable":true,"href":"https:\/\/as-schwabe.de\/pl\/wp-json\/wp\/v2\/genre?post=34560"},{"taxonomy":"product_cat","embeddable":true,"href":"https:\/\/as-schwabe.de\/pl\/wp-json\/wp\/v2\/product_cat?post=34560"},{"taxonomy":"product_tag","embeddable":true,"href":"https:\/\/as-schwabe.de\/pl\/wp-json\/wp\/v2\/product_tag?post=34560"}],"curies":[{"name":"wp","href":"https:\/\/api.w.org\/{rel}","templated":true}]}}