{"id":34559,"date":"2025-10-14T07:40:07","date_gmt":"2025-10-14T07:40:07","guid":{"rendered":"https:\/\/as-schwabe.de\/produkt\/naswietlacz-optiline-led-30-w-ze-statywem-3600-lm-ip44-46690\/"},"modified":"2025-10-23T00:15:15","modified_gmt":"2025-10-23T00:15:15","slug":"naswietlacz-optiline-led-30-w-ze-statywem-3600-lm-ip44-46690","status":"publish","type":"product","link":"https:\/\/as-schwabe.de\/pl\/produkt\/naswietlacz-optiline-led-30-w-ze-statywem-3600-lm-ip44-46690\/","title":{"rendered":"Na\u015bwietlacz Optiline LED 30 W ze statywem &#8211; 3600 lm IP44 | 46690"},"content":{"rendered":"<p>Optiline LED 30W na statywie to lekkie i mobilne rozwi\u0105zanie do o\u015bwietlenia stanowisk roboczych w warsztatach, halach i na budowach. Wyposa\u017cony w dwa stopnie regulacji i stabilny statyw o wysoko\u015bci do 1,2 m, zapewnia optymalne o\u015bwietlenie o mocy 3600 lumen\u00f3w. Obudowa z tworzywa i aluminium zapewnia trwa\u0142o\u015b\u0107 i odporno\u015b\u0107 na uszkodzenia, a dzi\u0119ki IP44 reflektor sprawdza si\u0119 r\u00f3wnie\u017c w warunkach zewn\u0119trznych. To niezawodne narz\u0119dzie dla ka\u017cdego fachowca, ceni\u0105cego wygod\u0119 i jako\u015b\u0107 wykonania.<\/p>","protected":false},"excerpt":{"rendered":"<div class=\"icons\" style=\"display: flex; flex-wrap: wrap; gap: 5px; align-items: center; margin-top: 10px;\"><img decoding=\"async\" src=\"https:\/\/as-schwabe.de\/wp-content\/uploads\/ikony\/znak_CE.png\" alt=\"\" width=\"50\" height=\"50\" \/><img decoding=\"async\" src=\"https:\/\/as-schwabe.de\/wp-content\/uploads\/ikony\/znak_IP44.png\" alt=\"\" width=\"50\" height=\"50\" \/><img decoding=\"async\" src=\"https:\/\/as-schwabe.de\/wp-content\/uploads\/ikony\/znak_LED.png\" alt=\"\" width=\"50\" height=\"50\" \/><img loading=\"lazy\" decoding=\"async\" src=\"https:\/\/as-schwabe.de\/wp-content\/uploads\/ikony\/znak_Z.png\" alt=\"\" width=\"50\" height=\"50\" \/><img loading=\"lazy\" decoding=\"async\" src=\"https:\/\/as-schwabe.de\/wp-content\/uploads\/ikony\/znak_D.png\" alt=\"\" width=\"50\" height=\"50\" \/><\/div>\n<ul>\n<li>dwa reflektory LED po 30 W (\u0142\u0105cznie 60 W)<\/li>\n<li> temperatura barwowa: 4000 K (neutralna biel)<\/li>\n<li> obudowa z tworzywa i aluminium, odporna konstrukcja<\/li>\n<li> sk\u0142adany uchwyt u\u0142atwiaj\u0105cy transport<\/li>\n<li> regulowany statyw do 1,2 m<\/li>\n<li> klasa ochrony IP44 \u2013 odporno\u015b\u0107 na kurz i wod\u0119<\/li>\n<li> \u017cywotno\u015b\u0107 diod LED: ponad 40 000 godzin<\/li>\n<\/ul>","protected":false},"featured_media":33523,"template":"","meta":{"inline_featured_image":false},"genre":[509],"product_cat":[547,557],"product_tag":[],"class_list":{"0":"post-34559","1":"product","2":"type-product","3":"status-publish","4":"has-post-thumbnail","6":"product_brand-as-schwabe-pl","7":"product_cat-oswietlenie-2-pl","8":"product_cat-o-seria-naswietlaczy-optiline-pl","10":"first","11":"instock","12":"shipping-taxable","13":"product-type-simple"},"aioseo_notices":[],"_links":{"self":[{"href":"https:\/\/as-schwabe.de\/pl\/wp-json\/wp\/v2\/product\/34559","targetHints":{"allow":["GET"]}}],"collection":[{"href":"https:\/\/as-schwabe.de\/pl\/wp-json\/wp\/v2\/product"}],"about":[{"href":"https:\/\/as-schwabe.de\/pl\/wp-json\/wp\/v2\/types\/product"}],"version-history":[{"count":0,"href":"https:\/\/as-schwabe.de\/pl\/wp-json\/wp\/v2\/product\/34559\/revisions"}],"wp:featuredmedia":[{"embeddable":true,"href":"https:\/\/as-schwabe.de\/pl\/wp-json\/wp\/v2\/media\/33523"}],"wp:attachment":[{"href":"https:\/\/as-schwabe.de\/pl\/wp-json\/wp\/v2\/media?parent=34559"}],"wp:term":[{"taxonomy":"product_brand","embeddable":true,"href":"https:\/\/as-schwabe.de\/pl\/wp-json\/wp\/v2\/genre?post=34559"},{"taxonomy":"product_cat","embeddable":true,"href":"https:\/\/as-schwabe.de\/pl\/wp-json\/wp\/v2\/product_cat?post=34559"},{"taxonomy":"product_tag","embeddable":true,"href":"https:\/\/as-schwabe.de\/pl\/wp-json\/wp\/v2\/product_tag?post=34559"}],"curies":[{"name":"wp","href":"https:\/\/api.w.org\/{rel}","templated":true}]}}