{"id":34558,"date":"2025-10-14T07:40:06","date_gmt":"2025-10-14T07:40:06","guid":{"rendered":"https:\/\/as-schwabe.de\/produkt\/naswietlacz-chip-led-slimlinepro-50-w-6500-lm-z-czujnikiem-ruchu-46420\/"},"modified":"2025-10-23T00:14:57","modified_gmt":"2025-10-23T00:14:57","slug":"naswietlacz-chip-led-slimlinepro-50-w-6500-lm-z-czujnikiem-ruchu-46420","status":"publish","type":"product","link":"https:\/\/as-schwabe.de\/pl\/produkt\/naswietlacz-chip-led-slimlinepro-50-w-6500-lm-z-czujnikiem-ruchu-46420\/","title":{"rendered":"Na\u015bwietlacz CHIP-LED SlimlinePro 50 W &#8211; 6500 lm z czujnikiem ruchu | 46420"},"content":{"rendered":"<p>Na\u015bwietlacz CHIP-LED Slimline o mocy 50 W z wbudowanym czujnikiem ruchu to idealne rozwi\u0105zanie dla os\u00f3b poszukuj\u0105cych wydajnego o\u015bwietlenia do u\u017cytku zewn\u0119trznego i na budowie. Jego strumie\u0144 \u015bwietlny wynosz\u0105cy 6500 lm przy efektywno\u015bci 130 lm\/W zapewnia doskona\u0142e o\u015bwietlenie nawet w trudnych warunkach. Dzi\u0119ki smuk\u0142ej aluminiowej obudowie oraz diodom LED marki OSRAM, na\u015bwietlacz \u0142\u0105czy nowoczesny design z niezawodno\u015bci\u0105. K\u0105t rozsy\u0142u \u015bwiat\u0142a wynosz\u0105cy 120\u00b0 oraz mo\u017cliwo\u015b\u0107 regulacji czasu \u015bwiecenia, czu\u0142o\u015bci i punktu zmierzchu sprawiaj\u0105, \u017ce urz\u0105dzenie dostosowuje si\u0119 do indywidualnych potrzeb u\u017cytkownika. Klasa ochronno\u015bci IP44 gwarantuje bezpieczne u\u017cytkowanie na zewn\u0105trz, czyni\u0105c go wszechstronnym narz\u0119dziem do o\u015bwietlenia przestrzeni zewn\u0119trznych i budowlanych.<\/p>","protected":false},"excerpt":{"rendered":"<div class=\"icons\" style=\"display: flex; flex-wrap: wrap; gap: 5px; align-items: center; margin-top: 10px;\"><img decoding=\"async\" src=\"https:\/\/as-schwabe.de\/wp-content\/uploads\/ikony\/znak_CE.png\" alt=\"\" width=\"50\" height=\"50\" \/><img decoding=\"async\" src=\"https:\/\/as-schwabe.de\/wp-content\/uploads\/ikony\/znak_IP44.png\" alt=\"\" width=\"50\" height=\"50\" \/><img decoding=\"async\" src=\"https:\/\/as-schwabe.de\/wp-content\/uploads\/ikony\/znak_LED.png\" alt=\"\" width=\"50\" height=\"50\" \/><img loading=\"lazy\" decoding=\"async\" src=\"https:\/\/as-schwabe.de\/wp-content\/uploads\/ikony\/znak_Z.png\" alt=\"\" width=\"50\" height=\"50\" \/><img loading=\"lazy\" decoding=\"async\" src=\"https:\/\/as-schwabe.de\/wp-content\/uploads\/ikony\/znak_D.png\" alt=\"\" width=\"50\" height=\"50\" \/><\/div>\n<ul>\n<li>z oryginalnym LED firmy OSRAM<\/li>\n<li> trwa\u0142e diody LED o \u017cywotno\u015bci ponad 50 000 godzin<\/li>\n<li> wyj\u0105tkowo smuk\u0142a obudowa z odlewu ci\u015bnieniowego aluminium z czujnikiem ruchu<\/li>\n<li> uchwyt uchylny i blokowany w wybranej pozycji<\/li>\n<li> czujnik ruchu z regulacj\u0105: czas 10 s \u2013 10 min, \u015bwiat\u0142o 3\u201310 000 Lux, zasi\u0119g 4\u201310 m<\/li>\n<li> przew\u00f3d gumowy H05RN-F 3G1,0, d\u0142ugo\u015b\u0107 10 cm, z szybkoz\u0142\u0105czem<\/li>\n<li> mo\u017cliwy pod\u0142\u0105czany przekr\u00f3j przewodu: 3\u00d71,5 mm\u00b2<\/li>\n<li> klasa efektywno\u015bci energetycznej: E<\/li>\n<li> stopie\u0144 ochrony IP44 \u2013 odporny na cia\u0142a sta\u0142e i rozpryski wody<\/li>\n<\/ul>","protected":false},"featured_media":33530,"template":"","meta":{"inline_featured_image":false},"genre":[509],"product_cat":[547,560],"product_tag":[],"class_list":{"0":"post-34558","1":"product","2":"type-product","3":"status-publish","4":"has-post-thumbnail","6":"product_brand-as-schwabe-pl","7":"product_cat-oswietlenie-2-pl","8":"product_cat-o-seria-naswietlaczy-slimline-pl","10":"first","11":"instock","12":"shipping-taxable","13":"product-type-simple"},"aioseo_notices":[],"_links":{"self":[{"href":"https:\/\/as-schwabe.de\/pl\/wp-json\/wp\/v2\/product\/34558","targetHints":{"allow":["GET"]}}],"collection":[{"href":"https:\/\/as-schwabe.de\/pl\/wp-json\/wp\/v2\/product"}],"about":[{"href":"https:\/\/as-schwabe.de\/pl\/wp-json\/wp\/v2\/types\/product"}],"version-history":[{"count":0,"href":"https:\/\/as-schwabe.de\/pl\/wp-json\/wp\/v2\/product\/34558\/revisions"}],"wp:featuredmedia":[{"embeddable":true,"href":"https:\/\/as-schwabe.de\/pl\/wp-json\/wp\/v2\/media\/33530"}],"wp:attachment":[{"href":"https:\/\/as-schwabe.de\/pl\/wp-json\/wp\/v2\/media?parent=34558"}],"wp:term":[{"taxonomy":"product_brand","embeddable":true,"href":"https:\/\/as-schwabe.de\/pl\/wp-json\/wp\/v2\/genre?post=34558"},{"taxonomy":"product_cat","embeddable":true,"href":"https:\/\/as-schwabe.de\/pl\/wp-json\/wp\/v2\/product_cat?post=34558"},{"taxonomy":"product_tag","embeddable":true,"href":"https:\/\/as-schwabe.de\/pl\/wp-json\/wp\/v2\/product_tag?post=34558"}],"curies":[{"name":"wp","href":"https:\/\/api.w.org\/{rel}","templated":true}]}}