{"id":34556,"date":"2025-10-14T07:40:03","date_gmt":"2025-10-14T07:40:03","guid":{"rendered":"https:\/\/as-schwabe.de\/produkt\/mobilny-naswietlacz-chip-led-slimlinepro-50-w-ze-statywem-6500-lm-ip44-46444\/"},"modified":"2025-10-23T00:15:02","modified_gmt":"2025-10-23T00:15:02","slug":"mobilny-naswietlacz-chip-led-slimlinepro-50-w-ze-statywem-6500-lm-ip44-46444","status":"publish","type":"product","link":"https:\/\/as-schwabe.de\/pl\/produkt\/mobilny-naswietlacz-chip-led-slimlinepro-50-w-ze-statywem-6500-lm-ip44-46444\/","title":{"rendered":"Mobilny na\u015bwietlacz CHIP-LED SlimlinePro 50 W ze statywem &#8211; 6500 lm IP44 | 46444"},"content":{"rendered":"<p>Profesjonalna lampa LED na statywie to niezawodne \u017ar\u00f3d\u0142o \u015bwiat\u0142a do ka\u017cdego miejsca pracy. Wyposa\u017cona w trwa\u0142e diody LED o \u017cywotno\u015bci ponad 50 000 godzin i solidn\u0105 obudow\u0119 z aluminium ci\u015bnieniowego IP65, gwarantuje d\u0142ugotrwa\u0142\u0105 eksploatacj\u0119 nawet w wymagaj\u0105cych warunkach. Dwa reflektory mo\u017cna w\u0142\u0105cza\u0107 niezale\u017cnie, co zapewnia pe\u0142n\u0105 kontrol\u0119 nad o\u015bwietleniem. Stabilny, regulowany statyw do 1,6 m oraz praktyczny uchwyt do zwijania kabla czyni\u0105 z niej idealne rozwi\u0105zanie na budow\u0119, do warsztatu czy gara\u017cu.<\/p>","protected":false},"excerpt":{"rendered":"<div class=\"icons\" style=\"display: flex; flex-wrap: wrap; gap: 5px; align-items: center; margin-top: 10px;\"><img decoding=\"async\" src=\"https:\/\/as-schwabe.de\/wp-content\/uploads\/ikony\/znak_CE.png\" alt=\"\" width=\"50\" height=\"50\" \/><img decoding=\"async\" src=\"https:\/\/as-schwabe.de\/wp-content\/uploads\/ikony\/znak_IP44.png\" alt=\"\" width=\"50\" height=\"50\" \/><img decoding=\"async\" src=\"https:\/\/as-schwabe.de\/wp-content\/uploads\/ikony\/znak_LED.png\" alt=\"\" width=\"50\" height=\"50\" \/><img loading=\"lazy\" decoding=\"async\" src=\"https:\/\/as-schwabe.de\/wp-content\/uploads\/ikony\/znak_PB.png\" alt=\"\" width=\"50\" height=\"50\" \/><img loading=\"lazy\" decoding=\"async\" src=\"https:\/\/as-schwabe.de\/wp-content\/uploads\/ikony\/znak_Z.png\" alt=\"\" width=\"50\" height=\"50\" \/><img loading=\"lazy\" decoding=\"async\" src=\"https:\/\/as-schwabe.de\/wp-content\/uploads\/ikony\/znak_D.png\" alt=\"\" width=\"50\" height=\"50\" \/><\/div>\n<ul>\n<li>trwa\u0142e diody LED o \u017cywotno\u015bci ponad 50 000 godzin<\/li>\n<li> obudowa z odlewu ci\u015bnieniowego aluminium IP65, bezstopniowo regulowana<\/li>\n<li> z kratk\u0105 ochronn\u0105 i amortyzuj\u0105cymi naro\u017cnikami ochronnymi<\/li>\n<li> element wyr\u00f3wnania ci\u015bnienia zapobiegaj\u0105cy kondensacji wewn\u0105trz obudowy<\/li>\n<li> 5-metrowy gumowy przew\u00f3d H05RN-F 3G1,0 z wtyczk\u0105 Schuko<\/li>\n<li> na statywie, regulowana wysoko\u015b\u0107 do 1,60 m<\/li>\n<li> z uchwytem do zwijania kabla<\/li>\n<li> klasa ochronno\u015bci I<\/li>\n<li> klasa efektywno\u015bci energetycznej: E<\/li>\n<li> stopie\u0144 ochrony IP44: odporny na cia\u0142a sta\u0142e i rozpryski wody<\/li>\n<\/ul>","protected":false},"featured_media":36228,"template":"","meta":{"inline_featured_image":false},"genre":[509],"product_cat":[547,560],"product_tag":[],"class_list":{"0":"post-34556","1":"product","2":"type-product","3":"status-publish","4":"has-post-thumbnail","6":"product_brand-as-schwabe-pl","7":"product_cat-oswietlenie-2-pl","8":"product_cat-o-seria-naswietlaczy-slimline-pl","10":"first","11":"instock","12":"shipping-taxable","13":"product-type-simple"},"aioseo_notices":[],"_links":{"self":[{"href":"https:\/\/as-schwabe.de\/pl\/wp-json\/wp\/v2\/product\/34556","targetHints":{"allow":["GET"]}}],"collection":[{"href":"https:\/\/as-schwabe.de\/pl\/wp-json\/wp\/v2\/product"}],"about":[{"href":"https:\/\/as-schwabe.de\/pl\/wp-json\/wp\/v2\/types\/product"}],"version-history":[{"count":0,"href":"https:\/\/as-schwabe.de\/pl\/wp-json\/wp\/v2\/product\/34556\/revisions"}],"wp:featuredmedia":[{"embeddable":true,"href":"https:\/\/as-schwabe.de\/pl\/wp-json\/wp\/v2\/media\/36228"}],"wp:attachment":[{"href":"https:\/\/as-schwabe.de\/pl\/wp-json\/wp\/v2\/media?parent=34556"}],"wp:term":[{"taxonomy":"product_brand","embeddable":true,"href":"https:\/\/as-schwabe.de\/pl\/wp-json\/wp\/v2\/genre?post=34556"},{"taxonomy":"product_cat","embeddable":true,"href":"https:\/\/as-schwabe.de\/pl\/wp-json\/wp\/v2\/product_cat?post=34556"},{"taxonomy":"product_tag","embeddable":true,"href":"https:\/\/as-schwabe.de\/pl\/wp-json\/wp\/v2\/product_tag?post=34556"}],"curies":[{"name":"wp","href":"https:\/\/api.w.org\/{rel}","templated":true}]}}