{"id":34552,"date":"2025-10-14T07:39:59","date_gmt":"2025-10-14T07:39:59","guid":{"rendered":"https:\/\/as-schwabe.de\/produkt\/mobilny-naswietlacz-chip-led-slimlinepro-50-w-6500-lm-ip44-46431\/"},"modified":"2025-10-23T00:15:01","modified_gmt":"2025-10-23T00:15:01","slug":"mobilny-naswietlacz-chip-led-slimlinepro-50-w-6500-lm-ip44-46431","status":"publish","type":"product","link":"https:\/\/as-schwabe.de\/pl\/produkt\/mobilny-naswietlacz-chip-led-slimlinepro-50-w-6500-lm-ip44-46431\/","title":{"rendered":"Mobilny na\u015bwietlacz CHIP-LED SlimlinePro 50 W &#8211; 6500 lm IP44 | 46431"},"content":{"rendered":"<p>Na\u015bwietlacz CHIP-LED Slimline PRO o mocy 50 W z wbudowanym czujnikiem ruchu to idealne rozwi\u0105zanie dla os\u00f3b poszukuj\u0105cych wydajnego o\u015bwietlenia do u\u017cytku zewn\u0119trznego i na budowie. Jego strumie\u0144 \u015bwietlny wynosz\u0105cy 6500 lm przy efektywno\u015bci 130 lm\/W zapewnia doskona\u0142e o\u015bwietlenie nawet w trudnych warunkach. Dzi\u0119ki smuk\u0142ej aluminiowej obudowie oraz diodom LED marki OSRAM, na\u015bwietlacz \u0142\u0105czy nowoczesny design z niezawodno\u015bci\u0105. K\u0105t rozsy\u0142u \u015bwiat\u0142a wynosz\u0105cy 120\u00b0 oraz mo\u017cliwo\u015b\u0107 regulacji czasu \u015bwiecenia, czu\u0142o\u015bci i punktu zmierzchu sprawiaj\u0105, \u017ce urz\u0105dzenie dostosowuje si\u0119 do indywidualnych potrzeb u\u017cytkownika. Klasa ochronno\u015bci IP44 gwarantuje bezpieczne u\u017cytkowanie na zewn\u0105trz, czyni\u0105c go wszechstronnym narz\u0119dziem do o\u015bwietlenia przestrzeni zewn\u0119trznych i budowlanych. Wyposa\u017cony w 2 gniazda 230 V, 16 A oraz 2 gniazda USB &#8211; 1 typu USB-A i 2 typu USB-C.<\/p>","protected":false},"excerpt":{"rendered":"<div class=\"icons\" style=\"display: flex; flex-wrap: wrap; gap: 5px; align-items: center; margin-top: 10px;\"><img decoding=\"async\" src=\"https:\/\/as-schwabe.de\/wp-content\/uploads\/ikony\/znak_SCH.png\" alt=\"\" width=\"45\" height=\"50\" \/><img decoding=\"async\" src=\"https:\/\/as-schwabe.de\/wp-content\/uploads\/ikony\/znak_CE.png\" alt=\"\" width=\"50\" height=\"50\" \/><img decoding=\"async\" src=\"https:\/\/as-schwabe.de\/wp-content\/uploads\/ikony\/znak_IP44.png\" alt=\"\" width=\"50\" height=\"50\" \/><img loading=\"lazy\" decoding=\"async\" src=\"https:\/\/as-schwabe.de\/wp-content\/uploads\/ikony\/znak_LED.png\" alt=\"\" width=\"50\" height=\"50\" \/><img loading=\"lazy\" decoding=\"async\" src=\"https:\/\/as-schwabe.de\/wp-content\/uploads\/ikony\/znak_PB.png\" alt=\"\" width=\"50\" height=\"50\" \/><img loading=\"lazy\" decoding=\"async\" src=\"https:\/\/as-schwabe.de\/wp-content\/uploads\/ikony\/znak_Z.png\" alt=\"\" width=\"50\" height=\"50\" \/><img loading=\"lazy\" decoding=\"async\" src=\"https:\/\/as-schwabe.de\/wp-content\/uploads\/ikony\/znak_D.png\" alt=\"\" width=\"50\" height=\"50\" \/><\/div>\n<ul>\n<li>trwa\u0142e diody LED o \u017cywotno\u015bci ponad 50 000 godzin,<\/li>\n<li> obudowa z odlewu aluminium (IP65), z p\u0142ynn\u0105 regulacj\u0105 k\u0105ta nachylenia,<\/li>\n<li> wyposa\u017cony w kratk\u0119 ochronn\u0105 oraz amortyzuj\u0105ce naro\u017cniki,<\/li>\n<li> element wyr\u00f3wnuj\u0105cy ci\u015bnienie zapobiegaj\u0105cy kondensacji pary wodnej wewn\u0105trz obudowy,<\/li>\n<li> 3-metrowy przew\u00f3d gumowy H07RN-F 3G1,5 z wtyczk\u0105 Schuko,<\/li>\n<li> 2 gniazda z uziemieniem IP44,<\/li>\n<li> 2 porty USB (1x USB-A \/ 1x USB-C),<\/li>\n<li> w\u0142\u0105cznik\/wy\u0142\u0105cznik na obudowie,<\/li>\n<li> stabilny stojak z gumowymi stopkami i uchwytem do nawijania kabla,<\/li>\n<li> klasa ochronno\u015bci I,<\/li>\n<li> klasa efektywno\u015bci energetycznej: E,<\/li>\n<li> stopie\u0144 ochrony IP44 \u2013 odporny na kurz i rozbryzgi wody.<\/li>\n<\/ul>","protected":false},"featured_media":33529,"template":"","meta":{"inline_featured_image":false},"genre":[509],"product_cat":[547,560],"product_tag":[],"class_list":{"0":"post-34552","1":"product","2":"type-product","3":"status-publish","4":"has-post-thumbnail","6":"product_brand-as-schwabe-pl","7":"product_cat-oswietlenie-2-pl","8":"product_cat-o-seria-naswietlaczy-slimline-pl","10":"first","11":"instock","12":"shipping-taxable","13":"product-type-simple"},"aioseo_notices":[],"_links":{"self":[{"href":"https:\/\/as-schwabe.de\/pl\/wp-json\/wp\/v2\/product\/34552","targetHints":{"allow":["GET"]}}],"collection":[{"href":"https:\/\/as-schwabe.de\/pl\/wp-json\/wp\/v2\/product"}],"about":[{"href":"https:\/\/as-schwabe.de\/pl\/wp-json\/wp\/v2\/types\/product"}],"version-history":[{"count":0,"href":"https:\/\/as-schwabe.de\/pl\/wp-json\/wp\/v2\/product\/34552\/revisions"}],"wp:featuredmedia":[{"embeddable":true,"href":"https:\/\/as-schwabe.de\/pl\/wp-json\/wp\/v2\/media\/33529"}],"wp:attachment":[{"href":"https:\/\/as-schwabe.de\/pl\/wp-json\/wp\/v2\/media?parent=34552"}],"wp:term":[{"taxonomy":"product_brand","embeddable":true,"href":"https:\/\/as-schwabe.de\/pl\/wp-json\/wp\/v2\/genre?post=34552"},{"taxonomy":"product_cat","embeddable":true,"href":"https:\/\/as-schwabe.de\/pl\/wp-json\/wp\/v2\/product_cat?post=34552"},{"taxonomy":"product_tag","embeddable":true,"href":"https:\/\/as-schwabe.de\/pl\/wp-json\/wp\/v2\/product_tag?post=34552"}],"curies":[{"name":"wp","href":"https:\/\/api.w.org\/{rel}","templated":true}]}}