{"id":33224,"date":"2025-09-26T23:40:13","date_gmt":"2025-09-26T23:40:13","guid":{"rendered":"https:\/\/as-schwabe.de\/?post_type=product&#038;p=33224"},"modified":"2025-10-23T00:20:47","modified_gmt":"2025-10-23T00:20:47","slug":"wylacznik-termiczny-400-v-3p-10960et","status":"publish","type":"product","link":"https:\/\/as-schwabe.de\/pl\/produkt\/wylacznik-termiczny-400-v-3p-10960et\/","title":{"rendered":"Wy\u0142\u0105cznik termiczny 400 V, 3P | 10960ET"},"content":{"rendered":"<p>Wy\u0142\u0105cznik termiczny 400 V, 3P; 56\u00b0 +\/- 5\u00b0 jest niezawodnym elementem zabezpieczaj\u0105cym, dedykowanym do b\u0119bn\u00f3w elektrycznych pracuj\u0105cych w obwodach o napi\u0119ciu 400 V. Jego tr\u00f3jfazowa konstrukcja zapewnia efektywn\u0105 ochron\u0119 przed przeci\u0105\u017ceniem, co zwi\u0119ksza bezpiecze\u0144stwo w pracy z urz\u0105dzeniami elektrycznymi. Ustawiona temperatura wyzwolenia w przedziale 56\u00b0 +\/- 5\u00b0 umo\u017cliwia precyzyjne dostosowanie do specyfiki r\u00f3\u017cnych zastosowa\u0144, co przek\u0142ada si\u0119 na d\u0142u\u017csz\u0105 \u017cywotno\u015b\u0107 sprz\u0119tu oraz minimalizacj\u0119 ryzyka awarii. Produkt ten jest idealnym rozwi\u0105zaniem dla przemys\u0142u, gdzie stabilno\u015b\u0107 i ci\u0105g\u0142o\u015b\u0107 pracy s\u0105 kluczowe. Dzi\u0119ki \u0142atwej instalacji i obs\u0142udze, wy\u0142\u0105cznik termiczny stanowi doskona\u0142y wyb\u00f3r dla profesjonalist\u00f3w dbaj\u0105cych o bezpiecze\u0144stwo i efektywno\u015b\u0107 swoich instalacji elektrycznych.<\/p>","protected":false},"excerpt":{"rendered":"<div class=\"icons\" style=\"display: flex; flex-wrap: wrap; gap: 5px; align-items: center; margin-top: 10px;\"><img decoding=\"async\" src=\"https:\/\/as-schwabe.de\/wp-content\/uploads\/ikony\/znak_CE.png\" alt=\"\" width=\"50\" height=\"50\" \/><img decoding=\"async\" src=\"https:\/\/as-schwabe.de\/wp-content\/uploads\/ikony\/znak_DE.png\" alt=\"\" width=\"50\" height=\"40\" \/><\/div>\n<ul>\n<li>do monta\u017cu w r\u00f3\u017cnych b\u0119bnach kablowych <\/li>\n<li>56\u00b0C +\/- 3\u00b0C <\/li>\n<li>wy\u0142\u0105cznik termiczny 400 V, 3P<\/li>\n<\/ul>","protected":false},"featured_media":32444,"template":"","meta":{"inline_featured_image":false},"genre":[509],"product_cat":[510,520],"product_tag":[],"class_list":{"0":"post-33224","1":"product","2":"type-product","3":"status-publish","4":"has-post-thumbnail","6":"product_brand-as-schwabe-pl","7":"product_cat-przedluzacze-bebnowe-pl","8":"product_cat-czesci-zamienne-pl","10":"first","11":"instock","12":"shipping-taxable","13":"product-type-simple"},"aioseo_notices":[],"_links":{"self":[{"href":"https:\/\/as-schwabe.de\/pl\/wp-json\/wp\/v2\/product\/33224","targetHints":{"allow":["GET"]}}],"collection":[{"href":"https:\/\/as-schwabe.de\/pl\/wp-json\/wp\/v2\/product"}],"about":[{"href":"https:\/\/as-schwabe.de\/pl\/wp-json\/wp\/v2\/types\/product"}],"version-history":[{"count":0,"href":"https:\/\/as-schwabe.de\/pl\/wp-json\/wp\/v2\/product\/33224\/revisions"}],"wp:featuredmedia":[{"embeddable":true,"href":"https:\/\/as-schwabe.de\/pl\/wp-json\/wp\/v2\/media\/32444"}],"wp:attachment":[{"href":"https:\/\/as-schwabe.de\/pl\/wp-json\/wp\/v2\/media?parent=33224"}],"wp:term":[{"taxonomy":"product_brand","embeddable":true,"href":"https:\/\/as-schwabe.de\/pl\/wp-json\/wp\/v2\/genre?post=33224"},{"taxonomy":"product_cat","embeddable":true,"href":"https:\/\/as-schwabe.de\/pl\/wp-json\/wp\/v2\/product_cat?post=33224"},{"taxonomy":"product_tag","embeddable":true,"href":"https:\/\/as-schwabe.de\/pl\/wp-json\/wp\/v2\/product_tag?post=33224"}],"curies":[{"name":"wp","href":"https:\/\/api.w.org\/{rel}","templated":true}]}}