{"id":33222,"date":"2025-09-26T23:40:13","date_gmt":"2025-09-26T23:40:13","guid":{"rendered":"https:\/\/as-schwabe.de\/?post_type=product&#038;p=33222"},"modified":"2025-10-23T00:20:46","modified_gmt":"2025-10-23T00:20:46","slug":"przedluzacz-budowlany-spiralny-1-gn-h07bq-f-3g25-5-m-f-870415","status":"publish","type":"product","link":"https:\/\/as-schwabe.de\/pl\/produkt\/przedluzacz-budowlany-spiralny-1-gn-h07bq-f-3g25-5-m-f-870415\/","title":{"rendered":"Przed\u0142u\u017cacz budowlany spiralny 1-gniazdowy 1 do 5 m H07BQ-F 3G2,5 IP44 POM &#8222;F&#8220; | 870415"},"content":{"rendered":"<p>Przed\u0142u\u017cacz budowlany spiralny 1-gniazdowy &#8222;F&#8220; o d\u0142ugo\u015bci 5 m to niezawodne rozwi\u0105zanie do zasilania urz\u0105dze\u0144 elektrycznych w trudnych warunkach, zar\u00f3wno na zewn\u0105trz, jak i na budowie. Wykonany z wysokiej jako\u015bci wtyczki i gniazda klasy IP44, zapewnia ochron\u0119 przed wilgoci\u0105 i py\u0142em, co czyni go idealnym do intensywnego u\u017cytku. Posiada wydajno\u015bci maksymalne do 230 V, 16 A oraz moc do 3500 W, co umo\u017cliwia pod\u0142\u0105czenie r\u00f3\u017cnych urz\u0105dze\u0144 wymagaj\u0105cych stabilnego zasilania. Dzi\u0119ki elastycznemu spiralnemu kablowi, \u0142atwo dostosujesz go do potrzeb w miejscu pracy, a jego pomara\u0144czowy kolor zapewnia wysok\u0105 widoczno\u015b\u0107, co zwi\u0119ksza bezpiecze\u0144stwo u\u017cytkowania. Idealny dla profesjonalist\u00f3w z bran\u017cy budowlanej oraz dla os\u00f3b wykonuj\u0105cych prace w terenie.<\/p>","protected":false},"excerpt":{"rendered":"<div class=\"icons\" style=\"display: flex; flex-wrap: wrap; gap: 5px; align-items: center; margin-top: 10px;\"><img decoding=\"async\" src=\"https:\/\/as-schwabe.de\/wp-content\/uploads\/ikony\/znak_FR.png\" alt=\"\" width=\"50\" height=\"50\" \/><img decoding=\"async\" src=\"https:\/\/as-schwabe.de\/wp-content\/uploads\/ikony\/znak_CE.png\" alt=\"\" width=\"50\" height=\"50\" \/><img decoding=\"async\" src=\"https:\/\/as-schwabe.de\/wp-content\/uploads\/ikony\/znak_IP44.png\" alt=\"\" width=\"50\" height=\"50\" \/><img loading=\"lazy\" decoding=\"async\" src=\"https:\/\/as-schwabe.de\/wp-content\/uploads\/ikony\/znak_PB.png\" alt=\"\" width=\"50\" height=\"50\" \/><img loading=\"lazy\" decoding=\"async\" src=\"https:\/\/as-schwabe.de\/wp-content\/uploads\/ikony\/znak_Z.png\" alt=\"\" width=\"50\" height=\"50\" \/><img loading=\"lazy\" decoding=\"async\" src=\"https:\/\/as-schwabe.de\/wp-content\/uploads\/ikony\/znak_D.png\" alt=\"\" width=\"50\" height=\"50\" \/><img loading=\"lazy\" decoding=\"async\" src=\"https:\/\/as-schwabe.de\/wp-content\/uploads\/ikony\/znak_DG.png\" alt=\"\" width=\"50\" height=\"50\" \/><img loading=\"lazy\" decoding=\"async\" src=\"https:\/\/as-schwabe.de\/wp-content\/uploads\/ikony\/znak_DE.png\" alt=\"\" width=\"50\" height=\"40\" \/><\/div>\n<ul>\n<li>dopuszczone do stosowania na budowach i w rolnictwie <\/li>\n<li>IP44: chroniony przed cia\u0142ami obcymi i bryzgami wody <\/li>\n<li>z kablem spiralnym BQ-F z wtyczk\u0105 z uziemieniem i gniazdem z klapk\u0105 ochronn\u0105 IP44 <\/li>\n<li>o d\u0142ugo\u015bci podstawowej ok. 1 m <\/li>\n<li>rozci\u0105gaj\u0105cy si\u0119 do 5 m <\/li>\n<li>samoczynnie powraca do d\u0142ugo\u015bci podstawowej <\/li>\n<li>pozostaje bardzo elastyczny nawet przy d\u0142ugotrwa\u0142ym i intensywnym u\u017cytkowaniu <\/li>\n<li>idealny do ruchomych platform, rusztowa\u0144 i przemys\u0142u: zawsze oferuje odpowiedni\u0105 d\u0142ugo\u015b\u0107 kabla bezpo\u015brednio w miejscu pracy <\/li>\n<li>230 V, 16 A<\/li>\n<\/ul>","protected":false},"featured_media":32437,"template":"","meta":{"inline_featured_image":false},"genre":[509],"product_cat":[544,545],"product_tag":[],"class_list":{"0":"post-33222","1":"product","2":"type-product","3":"status-publish","4":"has-post-thumbnail","6":"product_brand-as-schwabe-pl","7":"product_cat-przedluzacze-2-pl","8":"product_cat-do-stosowania-na-budowach-pl","10":"first","11":"instock","12":"shipping-taxable","13":"product-type-simple"},"aioseo_notices":[],"_links":{"self":[{"href":"https:\/\/as-schwabe.de\/pl\/wp-json\/wp\/v2\/product\/33222","targetHints":{"allow":["GET"]}}],"collection":[{"href":"https:\/\/as-schwabe.de\/pl\/wp-json\/wp\/v2\/product"}],"about":[{"href":"https:\/\/as-schwabe.de\/pl\/wp-json\/wp\/v2\/types\/product"}],"version-history":[{"count":0,"href":"https:\/\/as-schwabe.de\/pl\/wp-json\/wp\/v2\/product\/33222\/revisions"}],"wp:featuredmedia":[{"embeddable":true,"href":"https:\/\/as-schwabe.de\/pl\/wp-json\/wp\/v2\/media\/32437"}],"wp:attachment":[{"href":"https:\/\/as-schwabe.de\/pl\/wp-json\/wp\/v2\/media?parent=33222"}],"wp:term":[{"taxonomy":"product_brand","embeddable":true,"href":"https:\/\/as-schwabe.de\/pl\/wp-json\/wp\/v2\/genre?post=33222"},{"taxonomy":"product_cat","embeddable":true,"href":"https:\/\/as-schwabe.de\/pl\/wp-json\/wp\/v2\/product_cat?post=33222"},{"taxonomy":"product_tag","embeddable":true,"href":"https:\/\/as-schwabe.de\/pl\/wp-json\/wp\/v2\/product_tag?post=33222"}],"curies":[{"name":"wp","href":"https:\/\/api.w.org\/{rel}","templated":true}]}}