{"id":33195,"date":"2025-09-26T23:39:52","date_gmt":"2025-09-26T23:39:52","guid":{"rendered":"https:\/\/as-schwabe.de\/?post_type=product&#038;p=33195"},"modified":"2025-10-23T00:20:46","modified_gmt":"2025-10-23T00:20:46","slug":"gniazdo-potrojne-z-uziemieniem-uklad-poziomy-230-v-f-862464","status":"publish","type":"product","link":"https:\/\/as-schwabe.de\/pl\/produkt\/gniazdo-potrojne-z-uziemieniem-uklad-poziomy-230-v-f-862464\/","title":{"rendered":"Gniazdo potr\u00f3jne z uziemieniem, uk\u0142ad poziomy 230 V, 16 A IP54 &#8222;F&#8220; | 862464"},"content":{"rendered":"<p>Gniazdo potr\u00f3jne z uziemieniem, uk\u0142ad poziomy &#8222;F&#8220; 230 V, 16 A IP54 to solidne rozwi\u0105zanie dla u\u017cytkownik\u00f3w poszukuj\u0105cych niezawodnej i bezpiecznej alternatywy do u\u017cytku w warunkach zewn\u0119trznych oraz w miejscach o podwy\u017cszonym poziomie wilgotno\u015bci. Oferuj\u0105ce trzy gniazda w jednym, umo\u017cliwia jednoczesne pod\u0142\u0105czenie kilku urz\u0105dze\u0144, co zwi\u0119ksza wygod\u0119 u\u017cytkowania. Klasa ochrony IP54 zapewnia skuteczn\u0105 odporno\u015b\u0107 na kurz i zachlapania, co czyni je idealnym wyborem do ogrod\u00f3w, na tarasy czy do warsztat\u00f3w. Przewidziane do pracy z napi\u0119ciem 230 V oraz nat\u0119\u017ceniem 16 A, gniazdo to gwarantuje stabiln\u0105 i bezpieczn\u0105 zasilanie, co jest kluczowym aspektem przy eksploatacji urz\u0105dze\u0144 elektrycznych. Dzi\u0119ki solidnej konstrukcji, produkt zapewnia d\u0142ugotrwa\u0142e u\u017cytkowanie oraz wysok\u0105 jako\u015b\u0107 wykonania.<\/p>","protected":false},"excerpt":{"rendered":"<div class=\"icons\" style=\"display: flex; flex-wrap: wrap; gap: 5px; align-items: center; margin-top: 10px;\"><img decoding=\"async\" src=\"https:\/\/as-schwabe.de\/wp-content\/uploads\/ikony\/znak_FR.png\" alt=\"\" width=\"50\" height=\"50\" \/><img decoding=\"async\" src=\"https:\/\/as-schwabe.de\/wp-content\/uploads\/ikony\/znak_CE.png\" alt=\"\" width=\"50\" height=\"50\" \/><img decoding=\"async\" src=\"https:\/\/as-schwabe.de\/wp-content\/uploads\/ikony\/znak_IP54.png\" alt=\"\" width=\"50\" height=\"50\" \/><img loading=\"lazy\" decoding=\"async\" src=\"https:\/\/as-schwabe.de\/wp-content\/uploads\/ikony\/znak_Z.png\" alt=\"\" width=\"50\" height=\"50\" \/><img loading=\"lazy\" decoding=\"async\" src=\"https:\/\/as-schwabe.de\/wp-content\/uploads\/ikony\/znak_D.png\" alt=\"\" width=\"50\" height=\"50\" \/><img loading=\"lazy\" decoding=\"async\" src=\"https:\/\/as-schwabe.de\/wp-content\/uploads\/ikony\/znak_DE.png\" alt=\"\" width=\"50\" height=\"40\" \/><\/div>\n<ul>\n<li>Gniazdo potr\u00f3jne poziome <\/li>\n<li>wytrzyma\u0142a obudowa z tworzywa termoplastycznego <\/li>\n<li>du\u017ca odporno\u015b\u0107 na promieniowanie UV <\/li>\n<li>z zaciskami spr\u0119\u017cynowymi <\/li>\n<li>du\u017ca przestrze\u0144 na rozbudowane okablowanie <\/li>\n<li>do pod\u0142\u0105czenia przewod\u00f3w o \u015brednicy maks. 2,5 mm2 <\/li>\n<li>kolor: jasnoszary\/stalowoszary <\/li>\n<li>IP54: odporny na kurz i zachlapania, odpowiedni do wilgotnych pomieszcze\u0144 i u\u017cytku na zewn\u0105trz<\/li>\n<\/ul>","protected":false},"featured_media":32436,"template":"","meta":{"inline_featured_image":false},"genre":[509],"product_cat":[523,594],"product_tag":[],"class_list":{"0":"post-33195","1":"product","2":"type-product","3":"status-publish","4":"has-post-thumbnail","6":"product_brand-as-schwabe-pl","7":"product_cat-produkty-do-samodzielnego-montazu-pl","8":"product_cat-przelaczniki-i-gniazda-natynkowe-pl","10":"first","11":"instock","12":"shipping-taxable","13":"product-type-simple"},"aioseo_notices":[],"_links":{"self":[{"href":"https:\/\/as-schwabe.de\/pl\/wp-json\/wp\/v2\/product\/33195","targetHints":{"allow":["GET"]}}],"collection":[{"href":"https:\/\/as-schwabe.de\/pl\/wp-json\/wp\/v2\/product"}],"about":[{"href":"https:\/\/as-schwabe.de\/pl\/wp-json\/wp\/v2\/types\/product"}],"version-history":[{"count":0,"href":"https:\/\/as-schwabe.de\/pl\/wp-json\/wp\/v2\/product\/33195\/revisions"}],"wp:featuredmedia":[{"embeddable":true,"href":"https:\/\/as-schwabe.de\/pl\/wp-json\/wp\/v2\/media\/32436"}],"wp:attachment":[{"href":"https:\/\/as-schwabe.de\/pl\/wp-json\/wp\/v2\/media?parent=33195"}],"wp:term":[{"taxonomy":"product_brand","embeddable":true,"href":"https:\/\/as-schwabe.de\/pl\/wp-json\/wp\/v2\/genre?post=33195"},{"taxonomy":"product_cat","embeddable":true,"href":"https:\/\/as-schwabe.de\/pl\/wp-json\/wp\/v2\/product_cat?post=33195"},{"taxonomy":"product_tag","embeddable":true,"href":"https:\/\/as-schwabe.de\/pl\/wp-json\/wp\/v2\/product_tag?post=33195"}],"curies":[{"name":"wp","href":"https:\/\/api.w.org\/{rel}","templated":true}]}}