{"id":33194,"date":"2025-09-26T23:39:52","date_gmt":"2025-09-26T23:39:52","guid":{"rendered":"https:\/\/as-schwabe.de\/?post_type=product&#038;p=33194"},"modified":"2025-10-23T00:20:45","modified_gmt":"2025-10-23T00:20:45","slug":"gniazdo-podwojne-z-uziemieniem-uklad-poziomy-230-v-f-862463","status":"publish","type":"product","link":"https:\/\/as-schwabe.de\/pl\/produkt\/gniazdo-podwojne-z-uziemieniem-uklad-poziomy-230-v-f-862463\/","title":{"rendered":"Gniazdo podw\u00f3jne z uziemieniem, uk\u0142ad poziomy 230 V, 16 A IP54 &#8222;F&#8220; | 862463"},"content":{"rendered":"<p>Gniazdo podw\u00f3jne z uziemieniem w uk\u0142adzie poziomym &#8222;F&#8220; to idealne rozwi\u0105zanie do zastosowa\u0144 w pomieszczeniach gospodarczych oraz na zewn\u0105trz budynk\u00f3w, dzi\u0119ki klasie ochrony IP54, kt\u00f3ra zapewnia odporno\u015b\u0107 na py\u0142 oraz krople wody. Zasilanie o napi\u0119ciu 230 V i nat\u0119\u017ceniu 16 A umo\u017cliwia bezpieczne pod\u0142\u0105czenie r\u00f3\u017cnych urz\u0105dze\u0144 elektronicznych, co czyni je wszechstronnym elementem instalacji elektrycznej. Wyposa\u017cone w uziemienie, gniazdo znacz\u0105co zwi\u0119ksza bezpiecze\u0144stwo u\u017cytkowania, minimalizuj\u0105c ryzyko pora\u017cenia pr\u0105dem. Dzi\u0119ki nowoczesnemu designowi i solidnemu wykonaniu, stanowi estetyczny i trwa\u0142y dodatek do ka\u017cdego wn\u0119trza. Elegancka konstrukcja oraz wysoka jako\u015b\u0107 materia\u0142\u00f3w gwarantuj\u0105 d\u0142ugowieczno\u015b\u0107 produktu i zadowolenie u\u017cytkownik\u00f3w.<\/p>","protected":false},"excerpt":{"rendered":"<div class=\"icons\" style=\"display: flex; flex-wrap: wrap; gap: 5px; align-items: center; margin-top: 10px;\"><img decoding=\"async\" src=\"https:\/\/as-schwabe.de\/wp-content\/uploads\/ikony\/znak_FR.png\" alt=\"\" width=\"50\" height=\"50\" \/><img decoding=\"async\" src=\"https:\/\/as-schwabe.de\/wp-content\/uploads\/ikony\/znak_CE.png\" alt=\"\" width=\"50\" height=\"50\" \/><img decoding=\"async\" src=\"https:\/\/as-schwabe.de\/wp-content\/uploads\/ikony\/znak_IP54.png\" alt=\"\" width=\"50\" height=\"50\" \/><img loading=\"lazy\" decoding=\"async\" src=\"https:\/\/as-schwabe.de\/wp-content\/uploads\/ikony\/znak_Z.png\" alt=\"\" width=\"50\" height=\"50\" \/><img loading=\"lazy\" decoding=\"async\" src=\"https:\/\/as-schwabe.de\/wp-content\/uploads\/ikony\/znak_D.png\" alt=\"\" width=\"50\" height=\"50\" \/><img loading=\"lazy\" decoding=\"async\" src=\"https:\/\/as-schwabe.de\/wp-content\/uploads\/ikony\/znak_DE.png\" alt=\"\" width=\"50\" height=\"40\" \/><\/div>\n<ul>\n<li>Gniazdo podw\u00f3jne poziome <\/li>\n<li>wytrzyma\u0142a obudowa z tworzywa termoplastycznego <\/li>\n<li>du\u017ca odporno\u015b\u0107 na promieniowanie UV <\/li>\n<li>z zaciskami spr\u0119\u017cynowymi <\/li>\n<li>du\u017ca przestrze\u0144 na rozbudowane okablowanie <\/li>\n<li>do pod\u0142\u0105czenia przewod\u00f3w o \u015brednicy maks. 2,5 mm2 <\/li>\n<li>kolor: jasnoszary\/stalowoszary <\/li>\n<li>IP54: odporny na kurz i zachlapania, odpowiedni do wilgotnych pomieszcze\u0144 i u\u017cytku na zewn\u0105trz<\/li>\n<\/ul>","protected":false},"featured_media":32435,"template":"","meta":{"inline_featured_image":false},"genre":[509],"product_cat":[523,594],"product_tag":[],"class_list":{"0":"post-33194","1":"product","2":"type-product","3":"status-publish","4":"has-post-thumbnail","6":"product_brand-as-schwabe-pl","7":"product_cat-produkty-do-samodzielnego-montazu-pl","8":"product_cat-przelaczniki-i-gniazda-natynkowe-pl","10":"first","11":"instock","12":"shipping-taxable","13":"product-type-simple"},"aioseo_notices":[],"_links":{"self":[{"href":"https:\/\/as-schwabe.de\/pl\/wp-json\/wp\/v2\/product\/33194","targetHints":{"allow":["GET"]}}],"collection":[{"href":"https:\/\/as-schwabe.de\/pl\/wp-json\/wp\/v2\/product"}],"about":[{"href":"https:\/\/as-schwabe.de\/pl\/wp-json\/wp\/v2\/types\/product"}],"version-history":[{"count":0,"href":"https:\/\/as-schwabe.de\/pl\/wp-json\/wp\/v2\/product\/33194\/revisions"}],"wp:featuredmedia":[{"embeddable":true,"href":"https:\/\/as-schwabe.de\/pl\/wp-json\/wp\/v2\/media\/32435"}],"wp:attachment":[{"href":"https:\/\/as-schwabe.de\/pl\/wp-json\/wp\/v2\/media?parent=33194"}],"wp:term":[{"taxonomy":"product_brand","embeddable":true,"href":"https:\/\/as-schwabe.de\/pl\/wp-json\/wp\/v2\/genre?post=33194"},{"taxonomy":"product_cat","embeddable":true,"href":"https:\/\/as-schwabe.de\/pl\/wp-json\/wp\/v2\/product_cat?post=33194"},{"taxonomy":"product_tag","embeddable":true,"href":"https:\/\/as-schwabe.de\/pl\/wp-json\/wp\/v2\/product_tag?post=33194"}],"curies":[{"name":"wp","href":"https:\/\/api.w.org\/{rel}","templated":true}]}}