{"id":33193,"date":"2025-09-26T23:39:52","date_gmt":"2025-09-26T23:39:52","guid":{"rendered":"https:\/\/as-schwabe.de\/?post_type=product&#038;p=33193"},"modified":"2025-10-23T00:20:44","modified_gmt":"2025-10-23T00:20:44","slug":"gniazdo-podwojne-z-uziemieniem-uklad-pionowy-230-v-f-862462","status":"publish","type":"product","link":"https:\/\/as-schwabe.de\/pl\/produkt\/gniazdo-podwojne-z-uziemieniem-uklad-pionowy-230-v-f-862462\/","title":{"rendered":"Gniazdo podw\u00f3jne z uziemieniem, uk\u0142ad pionowy 230 V, 16 A IP54 &#8222;F&#8220; | 862462"},"content":{"rendered":"<p>Gniazdo podw\u00f3jne z uziemieniem w uk\u0142adzie pionowym &#8222;F&#8220; 230 V, 16 A IP54 to niezawodne rozwi\u0105zanie do instalacji elektrycznych w wymagaj\u0105cych warunkach. Dzi\u0119ki stopniowi ochrony IP54, gniazdo jest odporne na py\u0142 oraz zachlapania wod\u0105, co czyni je idealnym do u\u017cytku zar\u00f3wno w pomieszczeniach, jak i na zewn\u0105trz. Przeznaczone do zasilania urz\u0105dze\u0144 o standardowym napi\u0119ciu 230 V, gniazdo zapewnia wysok\u0105 wydajno\u015b\u0107 pr\u0105dow\u0105 do 16 A, co umo\u017cliwia bezpieczne zasilanie r\u00f3\u017cnych urz\u0105dze\u0144 elektronicznych. Jego konstrukcja z uziemieniem gwarantuje dodatkowe bezpiecze\u0144stwo, redukuj\u0105c ryzyko pora\u017cenia pr\u0105dem. Produkt \u0142\u0105czy w sobie nowoczesny design z funkcjonalno\u015bci\u0105, a tak\u017ce \u0142atwo\u015b\u0107 monta\u017cu, co czyni go idealnym wyborem dla profesjonalnych instalator\u00f3w oraz os\u00f3b prywatnych.<\/p>","protected":false},"excerpt":{"rendered":"<div class=\"icons\" style=\"display: flex; flex-wrap: wrap; gap: 5px; align-items: center; margin-top: 10px;\"><img decoding=\"async\" src=\"https:\/\/as-schwabe.de\/wp-content\/uploads\/ikony\/znak_FR.png\" alt=\"\" width=\"50\" height=\"50\" \/><img decoding=\"async\" src=\"https:\/\/as-schwabe.de\/wp-content\/uploads\/ikony\/znak_CE.png\" alt=\"\" width=\"50\" height=\"50\" \/><img decoding=\"async\" src=\"https:\/\/as-schwabe.de\/wp-content\/uploads\/ikony\/znak_IP54.png\" alt=\"\" width=\"50\" height=\"50\" \/><img loading=\"lazy\" decoding=\"async\" src=\"https:\/\/as-schwabe.de\/wp-content\/uploads\/ikony\/znak_Z.png\" alt=\"\" width=\"50\" height=\"50\" \/><img loading=\"lazy\" decoding=\"async\" src=\"https:\/\/as-schwabe.de\/wp-content\/uploads\/ikony\/znak_D.png\" alt=\"\" width=\"50\" height=\"50\" \/><img loading=\"lazy\" decoding=\"async\" src=\"https:\/\/as-schwabe.de\/wp-content\/uploads\/ikony\/znak_DE.png\" alt=\"\" width=\"50\" height=\"40\" \/><\/div>\n<ul>\n<li>Gniazdo podw\u00f3jne pionowe <\/li>\n<li>wytrzyma\u0142a obudowa z tworzywa termoplastycznego <\/li>\n<li>du\u017ca odporno\u015b\u0107 na promieniowanie UV <\/li>\n<li>z zaciskami spr\u0119\u017cynowymi <\/li>\n<li>du\u017ca przestrze\u0144 na rozbudowane okablowanie <\/li>\n<li>do pod\u0142\u0105czenia przewod\u00f3w o \u015brednicy maks. 2,5 mm2 <\/li>\n<li>kolor: jasnoszary\/stalowoszary <\/li>\n<li>IP54: odporny na kurz i zachlapania, odpowiedni do wilgotnych pomieszcze\u0144 i u\u017cytku na zewn\u0105trz<\/li>\n<\/ul>","protected":false},"featured_media":32433,"template":"","meta":{"inline_featured_image":false},"genre":[509],"product_cat":[523,594],"product_tag":[],"class_list":{"0":"post-33193","1":"product","2":"type-product","3":"status-publish","4":"has-post-thumbnail","6":"product_brand-as-schwabe-pl","7":"product_cat-produkty-do-samodzielnego-montazu-pl","8":"product_cat-przelaczniki-i-gniazda-natynkowe-pl","10":"first","11":"instock","12":"shipping-taxable","13":"product-type-simple"},"aioseo_notices":[],"_links":{"self":[{"href":"https:\/\/as-schwabe.de\/pl\/wp-json\/wp\/v2\/product\/33193","targetHints":{"allow":["GET"]}}],"collection":[{"href":"https:\/\/as-schwabe.de\/pl\/wp-json\/wp\/v2\/product"}],"about":[{"href":"https:\/\/as-schwabe.de\/pl\/wp-json\/wp\/v2\/types\/product"}],"version-history":[{"count":0,"href":"https:\/\/as-schwabe.de\/pl\/wp-json\/wp\/v2\/product\/33193\/revisions"}],"wp:featuredmedia":[{"embeddable":true,"href":"https:\/\/as-schwabe.de\/pl\/wp-json\/wp\/v2\/media\/32433"}],"wp:attachment":[{"href":"https:\/\/as-schwabe.de\/pl\/wp-json\/wp\/v2\/media?parent=33193"}],"wp:term":[{"taxonomy":"product_brand","embeddable":true,"href":"https:\/\/as-schwabe.de\/pl\/wp-json\/wp\/v2\/genre?post=33193"},{"taxonomy":"product_cat","embeddable":true,"href":"https:\/\/as-schwabe.de\/pl\/wp-json\/wp\/v2\/product_cat?post=33193"},{"taxonomy":"product_tag","embeddable":true,"href":"https:\/\/as-schwabe.de\/pl\/wp-json\/wp\/v2\/product_tag?post=33193"}],"curies":[{"name":"wp","href":"https:\/\/api.w.org\/{rel}","templated":true}]}}