{"id":33192,"date":"2025-09-26T23:39:52","date_gmt":"2025-09-26T23:39:52","guid":{"rendered":"https:\/\/as-schwabe.de\/?post_type=product&#038;p=33192"},"modified":"2025-10-23T00:20:44","modified_gmt":"2025-10-23T00:20:44","slug":"gniazdo-pojedyncze-z-uziemieniem-230-v16-a-ip54-f-862460","status":"publish","type":"product","link":"https:\/\/as-schwabe.de\/pl\/produkt\/gniazdo-pojedyncze-z-uziemieniem-230-v16-a-ip54-f-862460\/","title":{"rendered":"Gniazdo pojedyncze z uziemieniem 230 V, 16 A IP54 &#8222;F&#8220; | 862460"},"content":{"rendered":"<p>Gniazdo pojedyncze z uziemieniem &#8222;F&#8220; 230 V, 16 A IP54 to niezawodne rozwi\u0105zanie dla u\u017cytkownik\u00f3w poszukuj\u0105cych bezpiecznego i trwa\u0142ego \u017ar\u00f3d\u0142a zasilania w r\u00f3\u017cnych warunkach. Dzi\u0119ki stopniowi ochrony IP54, gniazdo zapewnia odporno\u015b\u0107 na py\u0142 oraz zachlapania wod\u0105, co czyni je idealnym do u\u017cytku w pomieszczeniach o podwy\u017cszonej wilgotno\u015bci, jak kuchnie czy \u0142azienki, a tak\u017ce na zewn\u0105trz. Uziemienie gwarantuje dodatkowe bezpiecze\u0144stwo u\u017cytkowania, zmniejszaj\u0105c ryzyko wyst\u0105pienia pora\u017cenia pr\u0105dem. Z maksymalnym nat\u0119\u017ceniem pr\u0105du wynosz\u0105cym 16 A, gniazdo skutecznie obs\u0142uguje r\u00f3\u017cnorodne urz\u0105dzenia elektryczne, zapewniaj\u0105c ich stabilne zasilanie. Jego nowoczesny design oraz \u0142atwo\u015b\u0107 monta\u017cu czyni\u0105 je uniwersalnym elementem w ka\u017cdej instalacji elektrycznej.<\/p>","protected":false},"excerpt":{"rendered":"<div class=\"icons\" style=\"display: flex; flex-wrap: wrap; gap: 5px; align-items: center; margin-top: 10px;\"><img decoding=\"async\" src=\"https:\/\/as-schwabe.de\/wp-content\/uploads\/ikony\/znak_FR.png\" alt=\"\" width=\"50\" height=\"50\" \/><img decoding=\"async\" src=\"https:\/\/as-schwabe.de\/wp-content\/uploads\/ikony\/znak_CE.png\" alt=\"\" width=\"50\" height=\"50\" \/><img decoding=\"async\" src=\"https:\/\/as-schwabe.de\/wp-content\/uploads\/ikony\/znak_IP54.png\" alt=\"\" width=\"50\" height=\"50\" \/><img loading=\"lazy\" decoding=\"async\" src=\"https:\/\/as-schwabe.de\/wp-content\/uploads\/ikony\/znak_Z.png\" alt=\"\" width=\"50\" height=\"50\" \/><img loading=\"lazy\" decoding=\"async\" src=\"https:\/\/as-schwabe.de\/wp-content\/uploads\/ikony\/znak_D.png\" alt=\"\" width=\"50\" height=\"50\" \/><img loading=\"lazy\" decoding=\"async\" src=\"https:\/\/as-schwabe.de\/wp-content\/uploads\/ikony\/znak_DE.png\" alt=\"\" width=\"50\" height=\"40\" \/><\/div>\n<ul>\n<li>Gniazdo pojedyncze z uziemieniem <\/li>\n<li>wytrzyma\u0142a obudowa z tworzywa termoplastycznego <\/li>\n<li>du\u017ca odporno\u015b\u0107 na promieniowanie UV <\/li>\n<li>z zaciskami spr\u0119\u017cynowymi <\/li>\n<li>du\u017ca przestrze\u0144 na rozbudowane okablowanie <\/li>\n<li>do pod\u0142\u0105czenia przewod\u00f3w o \u015brednicy maks. 2,5 mm2 <\/li>\n<li>kolor: jasnoszary\/stalowoszary <\/li>\n<li>IP54: odporny na kurz i zachlapania, odpowiedni do wilgotnych pomieszcze\u0144 i u\u017cytku na zewn\u0105trz<\/li>\n<\/ul>","protected":false},"featured_media":32431,"template":"","meta":{"inline_featured_image":false},"genre":[509],"product_cat":[523,594],"product_tag":[],"class_list":{"0":"post-33192","1":"product","2":"type-product","3":"status-publish","4":"has-post-thumbnail","6":"product_brand-as-schwabe-pl","7":"product_cat-produkty-do-samodzielnego-montazu-pl","8":"product_cat-przelaczniki-i-gniazda-natynkowe-pl","10":"first","11":"instock","12":"shipping-taxable","13":"product-type-simple"},"aioseo_notices":[],"_links":{"self":[{"href":"https:\/\/as-schwabe.de\/pl\/wp-json\/wp\/v2\/product\/33192","targetHints":{"allow":["GET"]}}],"collection":[{"href":"https:\/\/as-schwabe.de\/pl\/wp-json\/wp\/v2\/product"}],"about":[{"href":"https:\/\/as-schwabe.de\/pl\/wp-json\/wp\/v2\/types\/product"}],"version-history":[{"count":0,"href":"https:\/\/as-schwabe.de\/pl\/wp-json\/wp\/v2\/product\/33192\/revisions"}],"wp:featuredmedia":[{"embeddable":true,"href":"https:\/\/as-schwabe.de\/pl\/wp-json\/wp\/v2\/media\/32431"}],"wp:attachment":[{"href":"https:\/\/as-schwabe.de\/pl\/wp-json\/wp\/v2\/media?parent=33192"}],"wp:term":[{"taxonomy":"product_brand","embeddable":true,"href":"https:\/\/as-schwabe.de\/pl\/wp-json\/wp\/v2\/genre?post=33192"},{"taxonomy":"product_cat","embeddable":true,"href":"https:\/\/as-schwabe.de\/pl\/wp-json\/wp\/v2\/product_cat?post=33192"},{"taxonomy":"product_tag","embeddable":true,"href":"https:\/\/as-schwabe.de\/pl\/wp-json\/wp\/v2\/product_tag?post=33192"}],"curies":[{"name":"wp","href":"https:\/\/api.w.org\/{rel}","templated":true}]}}