{"id":33189,"date":"2025-09-26T23:39:51","date_gmt":"2025-09-26T23:39:51","guid":{"rendered":"https:\/\/as-schwabe.de\/?post_type=product&#038;p=33189"},"modified":"2025-10-23T00:20:43","modified_gmt":"2025-10-23T00:20:43","slug":"rozdzielnica-przenosna-stecky-12-f-861962","status":"publish","type":"product","link":"https:\/\/as-schwabe.de\/pl\/produkt\/rozdzielnica-przenosna-stecky-12-f-861962\/","title":{"rendered":"Rozdzielnica przeno\u015bna STECKY 12 &#8222;F&#8220; | 861962"},"content":{"rendered":"<p>Rozdzielnica przeno\u015bna STECKY 12 &#8222;F&#8220; to wszechstronny produkt zaprojektowany do zasilania urz\u0105dze\u0144 elektrycznych w warunkach zewn\u0119trznych. Wyposa\u017cona w przew\u00f3d zasilaj\u0105cy z wtyczk\u0105 CEE 400 V, 32 A oraz rozbudowane mo\u017cliwo\u015bci wyj\u015bciowe, w tym 4 gniazda 230 V (16 A, 2P+Z) rozdzielone na dwie fazy oraz gniazda CEE 400 V o r\u00f3\u017cnych parametrach (16 A, 32 A, 5P), zapewnia wysok\u0105 elastyczno\u015b\u0107 i efektywno\u015b\u0107. Dodatkowe zabezpieczenie oraz klapki ochronne gniazd gwarantuj\u0105 bezpiecze\u0144stwo u\u017cytkowania nawet w trudnych warunkach atmosferycznych, co potwierdza stopie\u0144 ochrony IP44. Dzi\u0119ki temu produkt idealnie sprawdzi si\u0119 na placach budowy, eventach na \u015bwie\u017cym powietrzu oraz wsz\u0119dzie tam, gdzie niezb\u0119dne jest stabilne zasilanie urz\u0105dze\u0144 elektrycznych.<\/p>","protected":false},"excerpt":{"rendered":"<div class=\"icons\" style=\"display: flex; flex-wrap: wrap; gap: 5px; align-items: center; margin-top: 10px;\"><img decoding=\"async\" src=\"https:\/\/as-schwabe.de\/wp-content\/uploads\/ikony\/znak_FR.png\" alt=\"\" width=\"50\" height=\"50\" \/><img decoding=\"async\" src=\"https:\/\/as-schwabe.de\/wp-content\/uploads\/ikony\/znak_CE.png\" alt=\"\" width=\"50\" height=\"50\" \/><img decoding=\"async\" src=\"https:\/\/as-schwabe.de\/wp-content\/uploads\/ikony\/znak_IP44.png\" alt=\"\" width=\"50\" height=\"50\" \/><img loading=\"lazy\" decoding=\"async\" src=\"https:\/\/as-schwabe.de\/wp-content\/uploads\/ikony\/znak_PB.png\" alt=\"\" width=\"50\" height=\"50\" \/><img loading=\"lazy\" decoding=\"async\" src=\"https:\/\/as-schwabe.de\/wp-content\/uploads\/ikony\/znak_Z.png\" alt=\"\" width=\"50\" height=\"50\" \/><img loading=\"lazy\" decoding=\"async\" src=\"https:\/\/as-schwabe.de\/wp-content\/uploads\/ikony\/znak_D.png\" alt=\"\" width=\"50\" height=\"50\" \/><img loading=\"lazy\" decoding=\"async\" src=\"https:\/\/as-schwabe.de\/wp-content\/uploads\/ikony\/znak_DE.png\" alt=\"\" width=\"50\" height=\"40\" \/><\/div>\n<ul>\n<li>Rozdzielnice przeno\u015bne CEE STECKY <\/li>\n<li>solidna obudowa wykonana z wytrzyma\u0142ego, bardzo odpornego na uszkodzenia specjalnego tworzywa sztucznego <\/li>\n<li>z du\u017cym, ergonomicznym uchwytem do przenoszenia i zwijaczem kabla <\/li>\n<li>wymiary szer. x wys. x g\u0142.: 230 x 417 x 220 mm <\/li>\n<li>IP44: chroniony przed cia\u0142ami obcymi i bryzgami wody<\/li>\n<\/ul>","protected":false},"featured_media":32425,"template":"","meta":{"inline_featured_image":false},"genre":[509],"product_cat":[518,589],"product_tag":[],"class_list":{"0":"post-33189","1":"product","2":"type-product","3":"status-publish","4":"has-post-thumbnail","6":"product_brand-as-schwabe-pl","7":"product_cat-asortyment-produktow-cee-400-v-pl","8":"product_cat-rozdzielnice-przenosne-stecky-cee-pl","10":"first","11":"instock","12":"shipping-taxable","13":"product-type-simple"},"aioseo_notices":[],"_links":{"self":[{"href":"https:\/\/as-schwabe.de\/pl\/wp-json\/wp\/v2\/product\/33189","targetHints":{"allow":["GET"]}}],"collection":[{"href":"https:\/\/as-schwabe.de\/pl\/wp-json\/wp\/v2\/product"}],"about":[{"href":"https:\/\/as-schwabe.de\/pl\/wp-json\/wp\/v2\/types\/product"}],"version-history":[{"count":0,"href":"https:\/\/as-schwabe.de\/pl\/wp-json\/wp\/v2\/product\/33189\/revisions"}],"wp:featuredmedia":[{"embeddable":true,"href":"https:\/\/as-schwabe.de\/pl\/wp-json\/wp\/v2\/media\/32425"}],"wp:attachment":[{"href":"https:\/\/as-schwabe.de\/pl\/wp-json\/wp\/v2\/media?parent=33189"}],"wp:term":[{"taxonomy":"product_brand","embeddable":true,"href":"https:\/\/as-schwabe.de\/pl\/wp-json\/wp\/v2\/genre?post=33189"},{"taxonomy":"product_cat","embeddable":true,"href":"https:\/\/as-schwabe.de\/pl\/wp-json\/wp\/v2\/product_cat?post=33189"},{"taxonomy":"product_tag","embeddable":true,"href":"https:\/\/as-schwabe.de\/pl\/wp-json\/wp\/v2\/product_tag?post=33189"}],"curies":[{"name":"wp","href":"https:\/\/api.w.org\/{rel}","templated":true}]}}