{"id":33188,"date":"2025-09-26T23:39:51","date_gmt":"2025-09-26T23:39:51","guid":{"rendered":"https:\/\/as-schwabe.de\/?post_type=product&#038;p=33188"},"modified":"2025-10-23T00:20:42","modified_gmt":"2025-10-23T00:20:42","slug":"rozdzielnica-przenosna-stecky-duo-4-f-861934","status":"publish","type":"product","link":"https:\/\/as-schwabe.de\/pl\/produkt\/rozdzielnica-przenosna-stecky-duo-4-f-861934\/","title":{"rendered":"Rozdzielnica przeno\u015bna STECKY DUO 4 &#8222;F&#8220; | 861934"},"content":{"rendered":"<p>Rozdzielnica przeno\u015bna STECKY DUO 4 &#8222;F&#8220; to wszechstronne rozwi\u0105zanie do zasilania urz\u0105dze\u0144 w trudnych warunkach, idealna do u\u017cytku na placach budowy, imprezach plenerowych oraz w zastosowaniach przemys\u0142owych. Wyposa\u017cona w przew\u00f3d zasilaj\u0105cy CEE 400 V, 32 A oraz 6 gniazd 230 V z uziemieniem, rozdzielnica umo\u017cliwia bezpieczne i efektywne pod\u0142\u0105czenie r\u00f3\u017cnorodnych urz\u0105dze\u0144. Dodatkowo, posiada gniazda CEE 400 V oraz USB, co czyni j\u0105 elastycznym narz\u0119dziem do zasilania sprz\u0119tu o r\u00f3\u017cnym napi\u0119ciu. Zintegrowany wska\u017anik fazy oraz zabezpieczenia, w tym RCD 40 A i wy\u0142\u0105czniki C, zapewniaj\u0105 wysok\u0105 ochron\u0119 przed przeci\u0105\u017ceniem i zwarciem, co zwi\u0119ksza bezpiecze\u0144stwo u\u017cytkowania. O klasie ochrony IP44 oraz maksymalnej mocy 22 kW rozdzielnicy mo\u017cna m\u00f3wi\u0107 jako o idealnych parametrach do intensywnego u\u017cytku w warunkach otwartych.<\/p>","protected":false},"excerpt":{"rendered":"<div class=\"icons\" style=\"display: flex; flex-wrap: wrap; gap: 5px; align-items: center; margin-top: 10px;\"><img decoding=\"async\" src=\"https:\/\/as-schwabe.de\/wp-content\/uploads\/ikony\/znak_FR.png\" alt=\"\" width=\"50\" height=\"50\" \/><img decoding=\"async\" src=\"https:\/\/as-schwabe.de\/wp-content\/uploads\/ikony\/znak_CE.png\" alt=\"\" width=\"50\" height=\"50\" \/><img decoding=\"async\" src=\"https:\/\/as-schwabe.de\/wp-content\/uploads\/ikony\/znak_IP44.png\" alt=\"\" width=\"50\" height=\"50\" \/><img loading=\"lazy\" decoding=\"async\" src=\"https:\/\/as-schwabe.de\/wp-content\/uploads\/ikony\/znak_PB.png\" alt=\"\" width=\"50\" height=\"50\" \/><img loading=\"lazy\" decoding=\"async\" src=\"https:\/\/as-schwabe.de\/wp-content\/uploads\/ikony\/znak_Z.png\" alt=\"\" width=\"50\" height=\"50\" \/><img loading=\"lazy\" decoding=\"async\" src=\"https:\/\/as-schwabe.de\/wp-content\/uploads\/ikony\/znak_D.png\" alt=\"\" width=\"50\" height=\"50\" \/><img loading=\"lazy\" decoding=\"async\" src=\"https:\/\/as-schwabe.de\/wp-content\/uploads\/ikony\/znak_DE.png\" alt=\"\" width=\"50\" height=\"40\" \/><\/div>\n<ul>\n<li>solidna obudowa wykonana z wytrzyma\u0142ego, bardzo odpornego na uszkodzenia specjalnego tworzywa sztucznego <\/li>\n<li>z du\u017cym, ergonomicznym uchwytem do przenoszenia i zwijaczem kabla <\/li>\n<li>wymiary szer. x wys. x g\u0142.: 400 x 450 x 252 mm <\/li>\n<li>IP44: chroniony przed cia\u0142ami obcymi i bryzgami wody<\/li>\n<\/ul>","protected":false},"featured_media":33559,"template":"","meta":{"inline_featured_image":false},"genre":[509],"product_cat":[518,589],"product_tag":[],"class_list":{"0":"post-33188","1":"product","2":"type-product","3":"status-publish","4":"has-post-thumbnail","6":"product_brand-as-schwabe-pl","7":"product_cat-asortyment-produktow-cee-400-v-pl","8":"product_cat-rozdzielnice-przenosne-stecky-cee-pl","10":"first","11":"instock","12":"shipping-taxable","13":"product-type-simple"},"aioseo_notices":[],"_links":{"self":[{"href":"https:\/\/as-schwabe.de\/pl\/wp-json\/wp\/v2\/product\/33188","targetHints":{"allow":["GET"]}}],"collection":[{"href":"https:\/\/as-schwabe.de\/pl\/wp-json\/wp\/v2\/product"}],"about":[{"href":"https:\/\/as-schwabe.de\/pl\/wp-json\/wp\/v2\/types\/product"}],"version-history":[{"count":0,"href":"https:\/\/as-schwabe.de\/pl\/wp-json\/wp\/v2\/product\/33188\/revisions"}],"wp:featuredmedia":[{"embeddable":true,"href":"https:\/\/as-schwabe.de\/pl\/wp-json\/wp\/v2\/media\/33559"}],"wp:attachment":[{"href":"https:\/\/as-schwabe.de\/pl\/wp-json\/wp\/v2\/media?parent=33188"}],"wp:term":[{"taxonomy":"product_brand","embeddable":true,"href":"https:\/\/as-schwabe.de\/pl\/wp-json\/wp\/v2\/genre?post=33188"},{"taxonomy":"product_cat","embeddable":true,"href":"https:\/\/as-schwabe.de\/pl\/wp-json\/wp\/v2\/product_cat?post=33188"},{"taxonomy":"product_tag","embeddable":true,"href":"https:\/\/as-schwabe.de\/pl\/wp-json\/wp\/v2\/product_tag?post=33188"}],"curies":[{"name":"wp","href":"https:\/\/api.w.org\/{rel}","templated":true}]}}