{"id":33187,"date":"2025-09-26T23:39:50","date_gmt":"2025-09-26T23:39:50","guid":{"rendered":"https:\/\/as-schwabe.de\/?post_type=product&#038;p=33187"},"modified":"2025-10-23T00:20:42","modified_gmt":"2025-10-23T00:20:42","slug":"licznik-energii-elektrycznej-1p-roco1-h07bq-f-3g25-3-m-f-861757","status":"publish","type":"product","link":"https:\/\/as-schwabe.de\/pl\/produkt\/licznik-energii-elektrycznej-1p-roco1-h07bq-f-3g25-3-m-f-861757\/","title":{"rendered":"Licznik energii elektrycznej 1-fazowy ROCO1 3 m H07BQ-F 3G2,5 &#8222;F&#8220; | 861757"},"content":{"rendered":"<p>Licznik energii elektrycznej 1-fazowy ROCO1 \"F\" to niezawodne urz\u0105dzenie do monitorowania zu\u017cycia energii, idealne do zastosowa\u0144 zewn\u0119trznych i budowlanych. Wyposa\u017cony we wtyczk\u0119 oraz gniazdo z uziemieniem, oferuje \u0142atwe pod\u0142\u0105czenie dzi\u0119ki przewodom H07BQ-F 3G2,5 o d\u0142ugo\u015bci 1,5 m. Licznik charakteryzuje si\u0119 analogowym wskazaniem o rozdzielczo\u015bci 1000 imp\/kWh oraz maksymalnym pomiarem wynosz\u0105cym 99999,9 kWh, co pozwala na precyzyjne monitorowanie zu\u017cycia energii od 0,25 A do 5 A (maks. 45 A). Dzi\u0119ki obudowie o klasie ochrony IP68 oraz stopniu ochrony IP44, zapewnia wysok\u0105 odporno\u015b\u0107 na warunki atmosferyczne oraz trwa\u0142o\u015b\u0107 w trudnych warunkach pracy. Produkt zgodny z MID, maksymalne obci\u0105\u017cenie wynosi 230 V, 16 A (3500 W), co sprawia, \u017ce jest doskona\u0142ym rozwi\u0105zaniem dla profesjonalist\u00f3w w bran\u017cy elektrotechnicznej.<\/p>","protected":false},"excerpt":{"rendered":"<div class=\"icons\" style=\"display: flex; flex-wrap: wrap; gap: 5px; align-items: center; margin-top: 10px;\"><img decoding=\"async\" src=\"https:\/\/as-schwabe.de\/wp-content\/uploads\/ikony\/znak_FR.png\" alt=\"\" width=\"50\" height=\"50\" \/><img decoding=\"async\" src=\"https:\/\/as-schwabe.de\/wp-content\/uploads\/ikony\/znak_CE.png\" alt=\"\" width=\"50\" height=\"50\" \/><img decoding=\"async\" src=\"https:\/\/as-schwabe.de\/wp-content\/uploads\/ikony\/znak_IP44.png\" alt=\"\" width=\"50\" height=\"50\" \/><img loading=\"lazy\" decoding=\"async\" src=\"https:\/\/as-schwabe.de\/wp-content\/uploads\/ikony\/znak_PB.png\" alt=\"\" width=\"50\" height=\"50\" \/><img loading=\"lazy\" decoding=\"async\" src=\"https:\/\/as-schwabe.de\/wp-content\/uploads\/ikony\/znak_Z.png\" alt=\"\" width=\"50\" height=\"50\" \/><img loading=\"lazy\" decoding=\"async\" src=\"https:\/\/as-schwabe.de\/wp-content\/uploads\/ikony\/znak_D.png\" alt=\"\" width=\"50\" height=\"50\" \/><img loading=\"lazy\" decoding=\"async\" src=\"https:\/\/as-schwabe.de\/wp-content\/uploads\/ikony\/znak_DE.png\" alt=\"\" width=\"50\" height=\"40\" \/><\/div>\n<ul>\n<li>Licznik energii elektrycznej 1-fazowy ROCO 1 <\/li>\n<li>zintegrowany licznik energii elektrycznej w kompaktowej obudowie wykonanej z wysoce odpornego na uszkodzenia specjalnego tworzywa sztucznego z okienkiem do odczytu stanu licznika<\/li>\n<li> zgodny z MID i odpowiedni do cel\u00f3w rozliczeniowych <\/li>\n<li>licznik pr\u0105du przemiennego, 1-fazowy <\/li>\n<li>klasa dok\u0142adno\u015bci B <\/li>\n<li>licznik analogowy: 5+1 cyfra, mo\u017cliwy do odczytania w dowolnym momencie <\/li>\n<li>odczyt dla maks. 99 999,9 kWh <\/li>\n<li>licznika analogowego nie mo\u017cna zresetowa\u0107 do 0 <\/li>\n<li>230 V, 16 A, maks. 3,5 kW, 50 Hz <\/li>\n<li>pr\u0105d 0,25-5 A (maks. 45 A) <\/li>\n<li>Temperatura pracy od -25\u00b0C do +55\u00b0C<\/li>\n<li> SDM 120 A, 230 V, 50 Hz <\/li>\n<li>IP44: chroniony przed cia\u0142ami obcymi i bryzgami wody <\/li>\n<li>obie strony po 1,5 m niebieski przew\u00f3d poliuretanowy H07BQ-F 3G2,5 <\/li>\n<li>wtyczka i gniazdo z uziemieniem, gniazdo wyposa\u017cone w klapk\u0119 ochronn\u0105 <\/li>\n<li>zawiera solidny hak do zawieszenia <\/li>\n<li>230 V, 16 A, maks. 3,5 kW<\/li>\n<\/ul>","protected":false},"featured_media":32422,"template":"","meta":{"inline_featured_image":false},"genre":[509],"product_cat":[580,588],"product_tag":[],"class_list":{"0":"post-33187","1":"product","2":"type-product","3":"status-publish","4":"has-post-thumbnail","6":"product_brand-as-schwabe-pl","7":"product_cat-liczniki-energii-elektrycznej-i-ograniczniki-pradu-rozruchowego-pl","8":"product_cat-liczniki-energii-elektrycznej-pl","10":"first","11":"instock","12":"shipping-taxable","13":"product-type-simple"},"aioseo_notices":[],"_links":{"self":[{"href":"https:\/\/as-schwabe.de\/pl\/wp-json\/wp\/v2\/product\/33187","targetHints":{"allow":["GET"]}}],"collection":[{"href":"https:\/\/as-schwabe.de\/pl\/wp-json\/wp\/v2\/product"}],"about":[{"href":"https:\/\/as-schwabe.de\/pl\/wp-json\/wp\/v2\/types\/product"}],"version-history":[{"count":0,"href":"https:\/\/as-schwabe.de\/pl\/wp-json\/wp\/v2\/product\/33187\/revisions"}],"wp:featuredmedia":[{"embeddable":true,"href":"https:\/\/as-schwabe.de\/pl\/wp-json\/wp\/v2\/media\/32422"}],"wp:attachment":[{"href":"https:\/\/as-schwabe.de\/pl\/wp-json\/wp\/v2\/media?parent=33187"}],"wp:term":[{"taxonomy":"product_brand","embeddable":true,"href":"https:\/\/as-schwabe.de\/pl\/wp-json\/wp\/v2\/genre?post=33187"},{"taxonomy":"product_cat","embeddable":true,"href":"https:\/\/as-schwabe.de\/pl\/wp-json\/wp\/v2\/product_cat?post=33187"},{"taxonomy":"product_tag","embeddable":true,"href":"https:\/\/as-schwabe.de\/pl\/wp-json\/wp\/v2\/product_tag?post=33187"}],"curies":[{"name":"wp","href":"https:\/\/api.w.org\/{rel}","templated":true}]}}