{"id":33186,"date":"2025-09-26T23:39:50","date_gmt":"2025-09-26T23:39:50","guid":{"rendered":"https:\/\/as-schwabe.de\/?post_type=product&#038;p=33186"},"modified":"2025-10-23T00:20:41","modified_gmt":"2025-10-23T00:20:41","slug":"adapter-cee-powerlight-wtyk-cee-3p-na-gniazdo-ip44-230-v-16-a-h07rn-f-3g25-15-m-f-861408","status":"publish","type":"product","link":"https:\/\/as-schwabe.de\/pl\/produkt\/adapter-cee-powerlight-wtyk-cee-3p-na-gniazdo-ip44-230-v-16-a-h07rn-f-3g25-15-m-f-861408\/","title":{"rendered":"Przed\u0142u\u017cacz adapter CEE 230 V, 16 A, 3P, wtyczka CEE 3P PowerLight na gniazdo z uziemieniem 1,5 m H07RN-F 3G2,5 CZA IP44 &#8222;F&#8220; | 861408"},"content":{"rendered":"<p>Przed\u0142u\u017cacz adapter CEE &#8222;F&#8220; 230 V, 16 A, 3P o d\u0142ugo\u015bci 1,5 m to profesjonalne rozwi\u0105zanie, kt\u00f3re zapewnia wygodne zasilanie urz\u0105dze\u0144 elektrycznych w trudnych warunkach. Wykonany z wysokiej jako\u015bci przewodu H07RN-F 3G2,5, \u0142\u0105czy w sobie funkcjonalno\u015b\u0107 i bezpiecze\u0144stwo, oferuj\u0105c sygnalizacj\u0119 napi\u0119cia za pomoc\u0105 technologii Powerlight. Wyposa\u017cony w jedno gniazdo IP44 z klapk\u0105 i uziemieniem, ten przed\u0142u\u017cacz jest idealny do u\u017cytku zewn\u0119trznego, z maksymalnym obci\u0105\u017ceniem 3500 W przy 230 V i 16 A. Dodatkowo, w zestawie znajduje si\u0119 praktyczna ta\u015bma Velcro z metalowym uszkiem, umo\u017cliwiaj\u0105ca \u0142atwe powieszenie adaptera, co jeszcze bardziej zwi\u0119ksza jego funkcjonalno\u015b\u0107 w terenie.<\/p>","protected":false},"excerpt":{"rendered":"<div class=\"icons\" style=\"display: flex; flex-wrap: wrap; gap: 5px; align-items: center; margin-top: 10px;\"><img decoding=\"async\" src=\"https:\/\/as-schwabe.de\/wp-content\/uploads\/ikony\/znak_FR.png\" alt=\"\" width=\"50\" height=\"50\" \/><img decoding=\"async\" src=\"https:\/\/as-schwabe.de\/wp-content\/uploads\/ikony\/znak_CE.png\" alt=\"\" width=\"50\" height=\"50\" \/><img decoding=\"async\" src=\"https:\/\/as-schwabe.de\/wp-content\/uploads\/ikony\/znak_IP44.png\" alt=\"\" width=\"50\" height=\"50\" \/><img loading=\"lazy\" decoding=\"async\" src=\"https:\/\/as-schwabe.de\/wp-content\/uploads\/ikony\/znak_POWERLIGHT.png\" alt=\"\" width=\"90\" height=\"50\" \/><img loading=\"lazy\" decoding=\"async\" src=\"https:\/\/as-schwabe.de\/wp-content\/uploads\/ikony\/znak_Z.png\" alt=\"\" width=\"50\" height=\"50\" \/><img loading=\"lazy\" decoding=\"async\" src=\"https:\/\/as-schwabe.de\/wp-content\/uploads\/ikony\/znak_D.png\" alt=\"\" width=\"50\" height=\"50\" \/><img loading=\"lazy\" decoding=\"async\" src=\"https:\/\/as-schwabe.de\/wp-content\/uploads\/ikony\/znak_DE.png\" alt=\"\" width=\"50\" height=\"40\" \/><\/div>\n<ul>\n<li>z bardzo wytrzyma\u0142ym neoprenowym przewodem klasy H07 <\/li>\n<li>zawiera opaski kablowe Velcro na rzepy z metalowym uszkiem do zawieszania <\/li>\n<li>IP44: chroniony przed cia\u0142ami obcymi i bryzgami wody <\/li>\n<li>1x wtyczka CEE 230 V, 16 A, 3P z sygnalizacj\u0105 napi\u0119cia \u201ePowerlight\u201d <\/li>\n<li>1x gniazdo z uziemieniem 230 V, 16 A <\/li>\n<li>zawiera opaski kablowe Velcro na rzepy z metalowym uszkiem do zawieszania<\/li>\n<\/ul>","protected":false},"featured_media":32419,"template":"","meta":{"inline_featured_image":false},"genre":[509],"product_cat":[515,576],"product_tag":[],"class_list":{"0":"post-33186","1":"product","2":"type-product","3":"status-publish","4":"has-post-thumbnail","6":"product_brand-as-schwabe-pl","7":"product_cat-kemping-i-caravaning-pl","8":"product_cat-adaptery-pl","10":"first","11":"instock","12":"shipping-taxable","13":"product-type-simple"},"aioseo_notices":[],"_links":{"self":[{"href":"https:\/\/as-schwabe.de\/pl\/wp-json\/wp\/v2\/product\/33186","targetHints":{"allow":["GET"]}}],"collection":[{"href":"https:\/\/as-schwabe.de\/pl\/wp-json\/wp\/v2\/product"}],"about":[{"href":"https:\/\/as-schwabe.de\/pl\/wp-json\/wp\/v2\/types\/product"}],"version-history":[{"count":0,"href":"https:\/\/as-schwabe.de\/pl\/wp-json\/wp\/v2\/product\/33186\/revisions"}],"wp:featuredmedia":[{"embeddable":true,"href":"https:\/\/as-schwabe.de\/pl\/wp-json\/wp\/v2\/media\/32419"}],"wp:attachment":[{"href":"https:\/\/as-schwabe.de\/pl\/wp-json\/wp\/v2\/media?parent=33186"}],"wp:term":[{"taxonomy":"product_brand","embeddable":true,"href":"https:\/\/as-schwabe.de\/pl\/wp-json\/wp\/v2\/genre?post=33186"},{"taxonomy":"product_cat","embeddable":true,"href":"https:\/\/as-schwabe.de\/pl\/wp-json\/wp\/v2\/product_cat?post=33186"},{"taxonomy":"product_tag","embeddable":true,"href":"https:\/\/as-schwabe.de\/pl\/wp-json\/wp\/v2\/product_tag?post=33186"}],"curies":[{"name":"wp","href":"https:\/\/api.w.org\/{rel}","templated":true}]}}