{"id":33185,"date":"2025-09-26T23:39:50","date_gmt":"2025-09-26T23:39:50","guid":{"rendered":"https:\/\/as-schwabe.de\/?post_type=product&#038;p=33185"},"modified":"2025-10-23T00:20:41","modified_gmt":"2025-10-23T00:20:41","slug":"listwa-zasilajaca-budowlana-s2-h07rn-f-5g25-2-m-f-860854","status":"publish","type":"product","link":"https:\/\/as-schwabe.de\/pl\/produkt\/listwa-zasilajaca-budowlana-s2-h07rn-f-5g25-2-m-f-860854\/","title":{"rendered":"Listwa zasilaj\u0105ca budowlana S2,  2 m H07RN-F 5G2,5 11 kW &#8222;F&#8220;  | 860854"},"content":{"rendered":"<p>Listwa zasilaj\u0105ca budowlana S2 &#8222;F&#8220; wykonana z utwardzonej gumy to idealne rozwi\u0105zanie do intensywnego u\u017cytku w trudnych warunkach roboczych. Wyposa\u017cona w przew\u00f3d zasilaj\u0105cy z wtyczk\u0105 CEE 400 V, 16 A, 5P H07RN-F oraz d\u0142ugo\u015bci 2 m, umo\u017cliwia \u0142atwe pod\u0142\u0105czenie do \u017ar\u00f3d\u0142a zasilania. Listwa dysponuje sze\u015bcioma gniazdami 230 V, 16 A z klapk\u0105 i uziemieniem, co zapewnia bezpiecze\u0144stwo i wygod\u0119 u\u017cytkowania. Dzi\u0119ki maksymalnej mocy 400 V, 16 A, 11 kW, produkt sprawdzi si\u0119 zar\u00f3wno na placach budowy, jak i w warsztatach, oferuj\u0105c niezawodne zasilanie dla narz\u0119dzi elektrycznych i urz\u0105dze\u0144. Brak zabezpieczenia sprawia, \u017ce urz\u0105dzenie jest proste w u\u017cyciu, co czyni je doskona\u0142ym wyborem dla profesjonalist\u00f3w.<\/p>","protected":false},"excerpt":{"rendered":"<div class=\"icons\" style=\"display: flex; flex-wrap: wrap; gap: 5px; align-items: center; margin-top: 10px;\"><img decoding=\"async\" src=\"https:\/\/as-schwabe.de\/wp-content\/uploads\/ikony\/znak_FR.png\" alt=\"\" width=\"50\" height=\"50\" \/><img decoding=\"async\" src=\"https:\/\/as-schwabe.de\/wp-content\/uploads\/ikony\/znak_CE.png\" alt=\"\" width=\"50\" height=\"50\" \/><img decoding=\"async\" src=\"https:\/\/as-schwabe.de\/wp-content\/uploads\/ikony\/znak_IP44.png\" alt=\"\" width=\"50\" height=\"50\" \/><img loading=\"lazy\" decoding=\"async\" src=\"https:\/\/as-schwabe.de\/wp-content\/uploads\/ikony\/znak_PB.png\" alt=\"\" width=\"50\" height=\"50\" \/><img loading=\"lazy\" decoding=\"async\" src=\"https:\/\/as-schwabe.de\/wp-content\/uploads\/ikony\/znak_Z.png\" alt=\"\" width=\"50\" height=\"50\" \/><img loading=\"lazy\" decoding=\"async\" src=\"https:\/\/as-schwabe.de\/wp-content\/uploads\/ikony\/znak_D.png\" alt=\"\" width=\"50\" height=\"50\" \/><img loading=\"lazy\" decoding=\"async\" src=\"https:\/\/as-schwabe.de\/wp-content\/uploads\/ikony\/znak_K2.png\" alt=\"\" width=\"50\" height=\"50\" \/><img loading=\"lazy\" decoding=\"async\" src=\"https:\/\/as-schwabe.de\/wp-content\/uploads\/ikony\/znak_DG.png\" alt=\"\" width=\"50\" height=\"50\" \/><img loading=\"lazy\" decoding=\"async\" src=\"https:\/\/as-schwabe.de\/wp-content\/uploads\/ikony\/znak_DE.png\" alt=\"\" width=\"50\" height=\"40\" \/><\/div>\n<ul>\n<li>Listwy zasilaj\u0105ce z wytrzyma\u0142ej gumy Seria S <\/li>\n<li>obudowa wykonana z wyj\u0105tkowo wytrzyma\u0142ej utwardzonej gumy <\/li>\n<li>wersje z r\u00f3\u017cnymi wej\u015bciami i wyj\u015bciami do ci\u0119\u017ckich zastosowa\u0144 na placu budowy <\/li>\n<li>IP44: chroniony przed cia\u0142ami obcymi i bryzgami wody<\/li>\n<\/ul>","protected":false},"featured_media":31194,"template":"","meta":{"inline_featured_image":false},"genre":[509],"product_cat":[518,583],"product_tag":[],"class_list":{"0":"post-33185","1":"product","2":"type-product","3":"status-publish","4":"has-post-thumbnail","6":"product_brand-as-schwabe-pl","7":"product_cat-asortyment-produktow-cee-400-v-pl","8":"product_cat-listwy-zasilajace-cee-seria-s-pl","10":"first","11":"instock","12":"shipping-taxable","13":"product-type-simple"},"aioseo_notices":[],"_links":{"self":[{"href":"https:\/\/as-schwabe.de\/pl\/wp-json\/wp\/v2\/product\/33185","targetHints":{"allow":["GET"]}}],"collection":[{"href":"https:\/\/as-schwabe.de\/pl\/wp-json\/wp\/v2\/product"}],"about":[{"href":"https:\/\/as-schwabe.de\/pl\/wp-json\/wp\/v2\/types\/product"}],"version-history":[{"count":0,"href":"https:\/\/as-schwabe.de\/pl\/wp-json\/wp\/v2\/product\/33185\/revisions"}],"wp:featuredmedia":[{"embeddable":true,"href":"https:\/\/as-schwabe.de\/pl\/wp-json\/wp\/v2\/media\/31194"}],"wp:attachment":[{"href":"https:\/\/as-schwabe.de\/pl\/wp-json\/wp\/v2\/media?parent=33185"}],"wp:term":[{"taxonomy":"product_brand","embeddable":true,"href":"https:\/\/as-schwabe.de\/pl\/wp-json\/wp\/v2\/genre?post=33185"},{"taxonomy":"product_cat","embeddable":true,"href":"https:\/\/as-schwabe.de\/pl\/wp-json\/wp\/v2\/product_cat?post=33185"},{"taxonomy":"product_tag","embeddable":true,"href":"https:\/\/as-schwabe.de\/pl\/wp-json\/wp\/v2\/product_tag?post=33185"}],"curies":[{"name":"wp","href":"https:\/\/api.w.org\/{rel}","templated":true}]}}