{"id":33183,"date":"2025-09-26T23:39:50","date_gmt":"2025-09-26T23:39:50","guid":{"rendered":"https:\/\/as-schwabe.de\/?post_type=product&#038;p=33183"},"modified":"2025-10-23T00:20:40","modified_gmt":"2025-10-23T00:20:40","slug":"listwa-zasilajaca-budowlana-s2-h07rn-f-5g25-2-m-f-860809","status":"publish","type":"product","link":"https:\/\/as-schwabe.de\/pl\/produkt\/listwa-zasilajaca-budowlana-s2-h07rn-f-5g25-2-m-f-860809\/","title":{"rendered":"Listwa zasilaj\u0105ca budowlana S2+, 2 m H07RN-F 5G2,5 11 kW &#8222;F&#8220;  | 860809"},"content":{"rendered":"<p>Listwa zasilaj\u0105ca budowlana S2+ &#8222;F&#8220; to innowacyjne rozwi\u0105zanie dla profesjonalist\u00f3w wykorzystuj\u0105cych energi\u0119 elektryczn\u0105 w trudnych warunkach. Wykonana z utwardzonej gumy, zapewnia wysok\u0105 odporno\u015b\u0107 na uszkodzenia mechaniczne oraz czynniki atmosferyczne. Posiada wej\u015bcie z przewodem zasilaj\u0105cym z wtyczk\u0105 CEE 400 V, 16 A, a tak\u017ce sze\u015b\u0107 gniazd z klapk\u0105 i uziemieniem 230 V, 16 A, co umo\u017cliwia efektywne zasilanie r\u00f3\u017cnych urz\u0105dze\u0144. Wbudowane zabezpieczenie w postaci wy\u0142\u0105cznika r\u00f3\u017cnicowopr\u0105dowego RCD 40A, 4P, 30 mA typu A gwarantuje bezpiecze\u0144stwo u\u017cytkowania. Listwa zasilaj\u0105ca S2+ &#8222;F&#8220; jest idealna do zastosowania na placach budowy, w warsztatach oraz podczas prac remontowych, zapewniaj\u0105c niezawodne zasilanie i maksymalny komfort pracy.<\/p>","protected":false},"excerpt":{"rendered":"<div class=\"icons\" style=\"display: flex; flex-wrap: wrap; gap: 5px; align-items: center; margin-top: 10px;\"><img decoding=\"async\" src=\"https:\/\/as-schwabe.de\/wp-content\/uploads\/ikony\/znak_FR.png\" alt=\"\" width=\"50\" height=\"50\" \/><img decoding=\"async\" src=\"https:\/\/as-schwabe.de\/wp-content\/uploads\/ikony\/znak_CE.png\" alt=\"\" width=\"50\" height=\"50\" \/><img decoding=\"async\" src=\"https:\/\/as-schwabe.de\/wp-content\/uploads\/ikony\/znak_IP44.png\" alt=\"\" width=\"50\" height=\"50\" \/><img loading=\"lazy\" decoding=\"async\" src=\"https:\/\/as-schwabe.de\/wp-content\/uploads\/ikony\/znak_PB.png\" alt=\"\" width=\"50\" height=\"50\" \/><img loading=\"lazy\" decoding=\"async\" src=\"https:\/\/as-schwabe.de\/wp-content\/uploads\/ikony\/znak_Z.png\" alt=\"\" width=\"50\" height=\"50\" \/><img loading=\"lazy\" decoding=\"async\" src=\"https:\/\/as-schwabe.de\/wp-content\/uploads\/ikony\/znak_D.png\" alt=\"\" width=\"50\" height=\"50\" \/><img loading=\"lazy\" decoding=\"async\" src=\"https:\/\/as-schwabe.de\/wp-content\/uploads\/ikony\/znak_K2.png\" alt=\"\" width=\"50\" height=\"50\" \/><img loading=\"lazy\" decoding=\"async\" src=\"https:\/\/as-schwabe.de\/wp-content\/uploads\/ikony\/znak_DG.png\" alt=\"\" width=\"50\" height=\"50\" \/><img loading=\"lazy\" decoding=\"async\" src=\"https:\/\/as-schwabe.de\/wp-content\/uploads\/ikony\/znak_DE.png\" alt=\"\" width=\"50\" height=\"40\" \/><\/div>\n<ul>\n<li>Listwy zasilaj\u0105ce z wytrzyma\u0142ej gumy Seria S <\/li>\n<li>obudowa wykonana z wyj\u0105tkowo wytrzyma\u0142ej utwardzonej gumy <\/li>\n<li>wersje z r\u00f3\u017cnymi wej\u015bciami i wyj\u015bciami do ci\u0119\u017ckich zastosowa\u0144 na placu budowy <\/li>\n<li>IP44: chroniony przed cia\u0142ami obcymi i bryzgami wody<\/li>\n<\/ul>","protected":false},"featured_media":32417,"template":"","meta":{"inline_featured_image":false},"genre":[509],"product_cat":[518,583],"product_tag":[],"class_list":{"0":"post-33183","1":"product","2":"type-product","3":"status-publish","4":"has-post-thumbnail","6":"product_brand-as-schwabe-pl","7":"product_cat-asortyment-produktow-cee-400-v-pl","8":"product_cat-listwy-zasilajace-cee-seria-s-pl","10":"first","11":"instock","12":"shipping-taxable","13":"product-type-simple"},"aioseo_notices":[],"_links":{"self":[{"href":"https:\/\/as-schwabe.de\/pl\/wp-json\/wp\/v2\/product\/33183","targetHints":{"allow":["GET"]}}],"collection":[{"href":"https:\/\/as-schwabe.de\/pl\/wp-json\/wp\/v2\/product"}],"about":[{"href":"https:\/\/as-schwabe.de\/pl\/wp-json\/wp\/v2\/types\/product"}],"version-history":[{"count":0,"href":"https:\/\/as-schwabe.de\/pl\/wp-json\/wp\/v2\/product\/33183\/revisions"}],"wp:featuredmedia":[{"embeddable":true,"href":"https:\/\/as-schwabe.de\/pl\/wp-json\/wp\/v2\/media\/32417"}],"wp:attachment":[{"href":"https:\/\/as-schwabe.de\/pl\/wp-json\/wp\/v2\/media?parent=33183"}],"wp:term":[{"taxonomy":"product_brand","embeddable":true,"href":"https:\/\/as-schwabe.de\/pl\/wp-json\/wp\/v2\/genre?post=33183"},{"taxonomy":"product_cat","embeddable":true,"href":"https:\/\/as-schwabe.de\/pl\/wp-json\/wp\/v2\/product_cat?post=33183"},{"taxonomy":"product_tag","embeddable":true,"href":"https:\/\/as-schwabe.de\/pl\/wp-json\/wp\/v2\/product_tag?post=33183"}],"curies":[{"name":"wp","href":"https:\/\/api.w.org\/{rel}","templated":true}]}}