{"id":33182,"date":"2025-09-26T23:39:49","date_gmt":"2025-09-26T23:39:49","guid":{"rendered":"https:\/\/as-schwabe.de\/?post_type=product&#038;p=33182"},"modified":"2025-10-23T00:20:40","modified_gmt":"2025-10-23T00:20:40","slug":"podwieszana-rozdzielnica-energii-mixo-iii-dat-f-860766","status":"publish","type":"product","link":"https:\/\/as-schwabe.de\/pl\/produkt\/podwieszana-rozdzielnica-energii-mixo-iii-dat-f-860766\/","title":{"rendered":"Podwieszana rozdzielnica energii MIXO III DAT+ &#8222;F&#8220; | 860766"},"content":{"rendered":"<p>Podwieszana rozdzielnica energii MIXO III DAT+ &#8222;F&#8220; to wyj\u0105tkowe rozwi\u0105zanie dla profesjonalist\u00f3w w bran\u017cy budowlanej i industrialnej, zapewniaj\u0105ce niezawodne zasilanie w trudnych warunkach. Dzi\u0119ki wbudowanej d\u0142awnicy, obs\u0142uguj\u0105cej przewody od 5G2,5 do 5G4, urz\u0105dzenie oferuje r\u00f3\u017cnorodne mo\u017cliwo\u015bci pod\u0142\u0105czenia. Zestaw wyposa\u017cony jest w dwa gniazda z klapk\u0105 i uziemieniem 230 V (16 A), dwa gniazda CEE 400 V (16 A, 5P), a tak\u017ce gniazda RJ45 kat. 6 z klas\u0105 ochrony IP67, co zapewnia wysok\u0105 funkcjonalno\u015b\u0107 w obszarze komunikacji. Obudowa wykonana z wytrzyma\u0142ego tworzywa sztucznego i stopie\u0144 ochrony IP44 sprawiaj\u0105, \u017ce rozdzielnica jest odpowiednia do u\u017cytku na zewn\u0105trz, a w komplecie znajduje si\u0119 \u0142a\u0144cuch do \u0142atwego zawieszenia. MIXO III DAT+ &#8222;F&#8220; to idealny wyb\u00f3r dla u\u017cytkownik\u00f3w poszukuj\u0105cych trwa\u0142ego i wszechstronnego rozwi\u0105zania do zasilania w r\u00f3\u017cnorodnych aplikacjach.<\/p>","protected":false},"excerpt":{"rendered":"<div class=\"icons\" style=\"display: flex; flex-wrap: wrap; gap: 5px; align-items: center; margin-top: 10px;\"><img decoding=\"async\" src=\"https:\/\/as-schwabe.de\/wp-content\/uploads\/ikony\/znak_FR.png\" alt=\"\" width=\"50\" height=\"50\" \/><img decoding=\"async\" src=\"https:\/\/as-schwabe.de\/wp-content\/uploads\/ikony\/znak_CE.png\" alt=\"\" width=\"50\" height=\"50\" \/><img decoding=\"async\" src=\"https:\/\/as-schwabe.de\/wp-content\/uploads\/ikony\/znak_IP44.png\" alt=\"\" width=\"50\" height=\"50\" \/><img loading=\"lazy\" decoding=\"async\" src=\"https:\/\/as-schwabe.de\/wp-content\/uploads\/ikony\/znak_PB.png\" alt=\"\" width=\"50\" height=\"50\" \/><img loading=\"lazy\" decoding=\"async\" src=\"https:\/\/as-schwabe.de\/wp-content\/uploads\/ikony\/znak_Z.png\" alt=\"\" width=\"50\" height=\"50\" \/><img loading=\"lazy\" decoding=\"async\" src=\"https:\/\/as-schwabe.de\/wp-content\/uploads\/ikony\/znak_D.png\" alt=\"\" width=\"50\" height=\"50\" \/><img loading=\"lazy\" decoding=\"async\" src=\"https:\/\/as-schwabe.de\/wp-content\/uploads\/ikony\/znak_DE.png\" alt=\"\" width=\"50\" height=\"40\" \/><\/div>\n<ul>\n<li>Podwieszane rozdzielnice energii MIXO z przy\u0142\u0105czem spr\u0119\u017conego powietrza i z\u0142\u0105czem danych <\/li>\n<li>obudowa wykonana z wytrzyma\u0142ego, bardzo odpornego na uszkodzenia specjalnego tworzywa sztucznego <\/li>\n<li>wszystkie rozdzielnice energii s\u0105 okablowane i gotowe do pod\u0142\u0105czenia <\/li>\n<li>zawiera przepust kablowy z zakr\u0119tk\u0105 i \u0142a\u0144cuszek z karabi\u0144czykiem <\/li>\n<li>IP44: chroniony przed cia\u0142ami obcymi i bryzgami wody<\/li>\n<\/ul>","protected":false},"featured_media":32416,"template":"","meta":{"inline_featured_image":false},"genre":[509],"product_cat":[585,586],"product_tag":[],"class_list":{"0":"post-33182","1":"product","2":"type-product","3":"status-publish","4":"has-post-thumbnail","6":"product_brand-as-schwabe-pl","7":"product_cat-podwieszane-rozdzielnice-energii-i-podwieszane-rozdzielacze-pradu-pl","8":"product_cat-podwieszane-rozdzielnice-energii-mixo-power-cubes-pl","10":"first","11":"instock","12":"shipping-taxable","13":"product-type-simple"},"aioseo_notices":[],"_links":{"self":[{"href":"https:\/\/as-schwabe.de\/pl\/wp-json\/wp\/v2\/product\/33182","targetHints":{"allow":["GET"]}}],"collection":[{"href":"https:\/\/as-schwabe.de\/pl\/wp-json\/wp\/v2\/product"}],"about":[{"href":"https:\/\/as-schwabe.de\/pl\/wp-json\/wp\/v2\/types\/product"}],"version-history":[{"count":0,"href":"https:\/\/as-schwabe.de\/pl\/wp-json\/wp\/v2\/product\/33182\/revisions"}],"wp:featuredmedia":[{"embeddable":true,"href":"https:\/\/as-schwabe.de\/pl\/wp-json\/wp\/v2\/media\/32416"}],"wp:attachment":[{"href":"https:\/\/as-schwabe.de\/pl\/wp-json\/wp\/v2\/media?parent=33182"}],"wp:term":[{"taxonomy":"product_brand","embeddable":true,"href":"https:\/\/as-schwabe.de\/pl\/wp-json\/wp\/v2\/genre?post=33182"},{"taxonomy":"product_cat","embeddable":true,"href":"https:\/\/as-schwabe.de\/pl\/wp-json\/wp\/v2\/product_cat?post=33182"},{"taxonomy":"product_tag","embeddable":true,"href":"https:\/\/as-schwabe.de\/pl\/wp-json\/wp\/v2\/product_tag?post=33182"}],"curies":[{"name":"wp","href":"https:\/\/api.w.org\/{rel}","templated":true}]}}