{"id":33178,"date":"2025-09-26T23:39:48","date_gmt":"2025-09-26T23:39:48","guid":{"rendered":"https:\/\/as-schwabe.de\/?post_type=product&#038;p=33178"},"modified":"2025-10-23T00:20:38","modified_gmt":"2025-10-23T00:20:38","slug":"przedluzacz-z-kolcem-do-ziemi-2-gn-h07rn-f-3g15-2-m-f-860680","status":"publish","type":"product","link":"https:\/\/as-schwabe.de\/pl\/produkt\/przedluzacz-z-kolcem-do-ziemi-2-gn-h07rn-f-3g15-2-m-f-860680\/","title":{"rendered":"Przed\u0142u\u017cacz z kolcem do wbijania w ziemi\u0119 2-gniazdowy 2 m H07RN-F 3G1,5 CZA IP44 &#8222;F&#8220; | 860680"},"content":{"rendered":"<p>Przed\u0142u\u017cacz z kolcem do wbijania w ziemi\u0119 2-gniazdowy &#8222;F&#8220; to idealne rozwi\u0105zanie do zasilania urz\u0105dze\u0144 elektrycznych na zewn\u0105trz. Wykonany z wysokiej jako\u015bci materia\u0142\u00f3w, zapewnia d\u0142ugotrwa\u0142\u0105 ochron\u0119 przed niekorzystnymi warunkami atmosferycznymi dzi\u0119ki klasie szczelno\u015bci IP44. Posiada wej\u015bcie w postaci wtyczki prostej 2P+Z oraz dwa gniazda z uziemieniem 2P+Z, co umo\u017cliwia r\u00f3wnoczesne pod\u0142\u0105czenie dw\u00f3ch urz\u0105dze\u0144. Przy maksymalnym obci\u0105\u017ceniu 230 V i 16 A, oferuje moc a\u017c 3500 W, co sprawia, \u017ce mo\u017ce by\u0107 wykorzystywany do zasilania cyfrowych narz\u0119dzi, o\u015bwietlenia ogrodowego czy sprz\u0119tu weselnego. Wbudowany kolec umo\u017cliwia stabilne umocowanie w ziemi, co zwi\u0119ksza komfort i bezpiecze\u0144stwo u\u017cytkowania.<\/p>","protected":false},"excerpt":{"rendered":"<div class=\"icons\" style=\"display: flex; flex-wrap: wrap; gap: 5px; align-items: center; margin-top: 10px;\"><img decoding=\"async\" src=\"https:\/\/as-schwabe.de\/wp-content\/uploads\/ikony\/znak_FR.png\" alt=\"\" width=\"50\" height=\"50\" \/><img decoding=\"async\" src=\"https:\/\/as-schwabe.de\/wp-content\/uploads\/ikony\/znak_CE.png\" alt=\"\" width=\"50\" height=\"50\" \/><img decoding=\"async\" src=\"https:\/\/as-schwabe.de\/wp-content\/uploads\/ikony\/znak_IP44.png\" alt=\"\" width=\"50\" height=\"50\" \/><img loading=\"lazy\" decoding=\"async\" src=\"https:\/\/as-schwabe.de\/wp-content\/uploads\/ikony\/znak_Z.png\" alt=\"\" width=\"50\" height=\"50\" \/><img loading=\"lazy\" decoding=\"async\" src=\"https:\/\/as-schwabe.de\/wp-content\/uploads\/ikony\/znak_D.png\" alt=\"\" width=\"50\" height=\"50\" \/><\/div>\n<ul>\n<li>z odpornego na warunki atmosferyczne i p\u0119kni\u0119cia specjalnego tworzywa sztucznego <\/li>\n<li>2 m neoprenowy przew\u00f3d H07RN-F 3G1,5 <\/li>\n<li>IP44: chroniony przed cia\u0142ami obcymi i bryzgami wody <\/li>\n<li>230 V, 16 A<\/li>\n<\/ul>","protected":false},"featured_media":32412,"template":"","meta":{"inline_featured_image":false},"genre":[509],"product_cat":[525,526],"product_tag":[],"class_list":{"0":"post-33178","1":"product","2":"type-product","3":"status-publish","4":"has-post-thumbnail","6":"product_brand-as-schwabe-pl","7":"product_cat-dom-i-ogrod-2-pl","8":"product_cat-przedluzacze-listwowe-i-rozgalezniki-pl","10":"first","11":"instock","12":"shipping-taxable","13":"product-type-simple"},"aioseo_notices":[],"_links":{"self":[{"href":"https:\/\/as-schwabe.de\/pl\/wp-json\/wp\/v2\/product\/33178","targetHints":{"allow":["GET"]}}],"collection":[{"href":"https:\/\/as-schwabe.de\/pl\/wp-json\/wp\/v2\/product"}],"about":[{"href":"https:\/\/as-schwabe.de\/pl\/wp-json\/wp\/v2\/types\/product"}],"version-history":[{"count":0,"href":"https:\/\/as-schwabe.de\/pl\/wp-json\/wp\/v2\/product\/33178\/revisions"}],"wp:featuredmedia":[{"embeddable":true,"href":"https:\/\/as-schwabe.de\/pl\/wp-json\/wp\/v2\/media\/32412"}],"wp:attachment":[{"href":"https:\/\/as-schwabe.de\/pl\/wp-json\/wp\/v2\/media?parent=33178"}],"wp:term":[{"taxonomy":"product_brand","embeddable":true,"href":"https:\/\/as-schwabe.de\/pl\/wp-json\/wp\/v2\/genre?post=33178"},{"taxonomy":"product_cat","embeddable":true,"href":"https:\/\/as-schwabe.de\/pl\/wp-json\/wp\/v2\/product_cat?post=33178"},{"taxonomy":"product_tag","embeddable":true,"href":"https:\/\/as-schwabe.de\/pl\/wp-json\/wp\/v2\/product_tag?post=33178"}],"curies":[{"name":"wp","href":"https:\/\/api.w.org\/{rel}","templated":true}]}}