{"id":33177,"date":"2025-09-26T23:39:48","date_gmt":"2025-09-26T23:39:48","guid":{"rendered":"https:\/\/as-schwabe.de\/?post_type=product&#038;p=33177"},"modified":"2025-10-23T00:20:38","modified_gmt":"2025-10-23T00:20:38","slug":"przedluzacz-budowlany-4-gn-z-hakiem-h07rn-f-3g15-10-m-f-860605","status":"publish","type":"product","link":"https:\/\/as-schwabe.de\/pl\/produkt\/przedluzacz-budowlany-4-gn-z-hakiem-h07rn-f-3g15-10-m-f-860605\/","title":{"rendered":"Przed\u0142u\u017cacz listwowy budowlany 4-gniazdowy z hakiem 10 m H07RN-F 3G1,5 IP44 &#8222;F&#8220; | 860605"},"content":{"rendered":"<p>Przed\u0142u\u017cacz listwowy budowlany 4-gniazdowy z hakiem &#8222;F&#8220; to niezawodne rozwi\u0105zanie do zasilania narz\u0119dzi i urz\u0105dze\u0144 na placu budowy oraz w r\u00f3\u017cnych warunkach zewn\u0119trznych. Zbudowany z wysokiej jako\u015bci przewod\u00f3w H07RN-F 3G1,5, oferuje d\u0142ugo\u015b\u0107 10 metr\u00f3w oraz maksymalne obci\u0105\u017cenie do 3500 W przy napi\u0119ciu 230 V, co zapewnia du\u017c\u0105 wszechstronno\u015b\u0107 oraz komfort u\u017cytkowania. Wej\u015bcie z wtyczk\u0105 IP44 oraz wyj\u015bcia z dwoma gniazdami IP44 o pr\u0105dzie znamionowym 16 A gwarantuj\u0105 wysok\u0105 odporno\u015b\u0107 na warunki atmosferyczne. Dzi\u0119ki solidnej konstrukcji i praktycznemu hakowi, produkt jest idealny do intensywnego u\u017cytkowania w trudnych warunkach budowlanych, co czyni go nieocenionym narz\u0119dziem dla profesjonalist\u00f3w.<\/p>","protected":false},"excerpt":{"rendered":"<div class=\"icons\" style=\"display: flex; flex-wrap: wrap; gap: 5px; align-items: center; margin-top: 10px;\"><img decoding=\"async\" src=\"https:\/\/as-schwabe.de\/wp-content\/uploads\/ikony\/znak_FR.png\" alt=\"\" width=\"50\" height=\"50\" \/><img decoding=\"async\" src=\"https:\/\/as-schwabe.de\/wp-content\/uploads\/ikony\/znak_CE.png\" alt=\"\" width=\"50\" height=\"50\" \/><img decoding=\"async\" src=\"https:\/\/as-schwabe.de\/wp-content\/uploads\/ikony\/znak_IP44.png\" alt=\"\" width=\"50\" height=\"50\" \/><img loading=\"lazy\" decoding=\"async\" src=\"https:\/\/as-schwabe.de\/wp-content\/uploads\/ikony\/znak_PB.png\" alt=\"\" width=\"50\" height=\"50\" \/><img loading=\"lazy\" decoding=\"async\" src=\"https:\/\/as-schwabe.de\/wp-content\/uploads\/ikony\/znak_Z.png\" alt=\"\" width=\"50\" height=\"50\" \/><img loading=\"lazy\" decoding=\"async\" src=\"https:\/\/as-schwabe.de\/wp-content\/uploads\/ikony\/znak_D.png\" alt=\"\" width=\"50\" height=\"50\" \/><img loading=\"lazy\" decoding=\"async\" src=\"https:\/\/as-schwabe.de\/wp-content\/uploads\/ikony\/znak_DG.png\" alt=\"\" width=\"50\" height=\"50\" \/><\/div>\n<ul>\n<li>IP44: chroniony przed cia\u0142ami obcymi i bryzgami wody <\/li>\n<li>wytrzyma\u0142a konstrukcja do u\u017cytku na zewn\u0105trz <\/li>\n<li>z hakiem do zawieszenia <\/li>\n<li>z wtyczk\u0105 z uziemieniem <\/li>\n<li>gniazda z uziemieniem z samozamykaj\u0105cymi si\u0119 klapkami <\/li>\n<li>IP44: chroniony przed cia\u0142ami obcymi i bryzgami wody <\/li>\n<li>230 V, 16 A<\/li>\n<\/ul>","protected":false},"featured_media":32410,"template":"","meta":{"inline_featured_image":false},"genre":[509],"product_cat":[544,568],"product_tag":[],"class_list":{"0":"post-33177","1":"product","2":"type-product","3":"status-publish","4":"has-post-thumbnail","6":"product_brand-as-schwabe-pl","7":"product_cat-przedluzacze-2-pl","8":"product_cat-do-uzytku-na-zewnatrz-2-pl","10":"first","11":"instock","12":"shipping-taxable","13":"product-type-simple"},"aioseo_notices":[],"_links":{"self":[{"href":"https:\/\/as-schwabe.de\/pl\/wp-json\/wp\/v2\/product\/33177","targetHints":{"allow":["GET"]}}],"collection":[{"href":"https:\/\/as-schwabe.de\/pl\/wp-json\/wp\/v2\/product"}],"about":[{"href":"https:\/\/as-schwabe.de\/pl\/wp-json\/wp\/v2\/types\/product"}],"version-history":[{"count":0,"href":"https:\/\/as-schwabe.de\/pl\/wp-json\/wp\/v2\/product\/33177\/revisions"}],"wp:featuredmedia":[{"embeddable":true,"href":"https:\/\/as-schwabe.de\/pl\/wp-json\/wp\/v2\/media\/32410"}],"wp:attachment":[{"href":"https:\/\/as-schwabe.de\/pl\/wp-json\/wp\/v2\/media?parent=33177"}],"wp:term":[{"taxonomy":"product_brand","embeddable":true,"href":"https:\/\/as-schwabe.de\/pl\/wp-json\/wp\/v2\/genre?post=33177"},{"taxonomy":"product_cat","embeddable":true,"href":"https:\/\/as-schwabe.de\/pl\/wp-json\/wp\/v2\/product_cat?post=33177"},{"taxonomy":"product_tag","embeddable":true,"href":"https:\/\/as-schwabe.de\/pl\/wp-json\/wp\/v2\/product_tag?post=33177"}],"curies":[{"name":"wp","href":"https:\/\/api.w.org\/{rel}","templated":true}]}}