{"id":33176,"date":"2025-09-26T23:39:48","date_gmt":"2025-09-26T23:39:48","guid":{"rendered":"https:\/\/as-schwabe.de\/?post_type=product&#038;p=33176"},"modified":"2025-10-23T00:20:37","modified_gmt":"2025-10-23T00:20:37","slug":"przedluzacz-budowlany-4-gn-z-hakiem-h05rr-f-3g15-10-m-f-860602","status":"publish","type":"product","link":"https:\/\/as-schwabe.de\/pl\/produkt\/przedluzacz-budowlany-4-gn-z-hakiem-h05rr-f-3g15-10-m-f-860602\/","title":{"rendered":"Przed\u0142u\u017cacz listwowy budowlany 4-gniazdowy z hakiem 10 m H05RR-F 3G1,5 IP44 &#8222;F&#8220; | 860602"},"content":{"rendered":"<p>Przed\u0142u\u017cacz listwowy budowlany 4-gniazdowy z hakiem &#8222;F&#8220; to niezast\u0105pione narz\u0119dzie dla profesjonalist\u00f3w w bran\u017cy budowlanej i majsterkowicz\u00f3w, oferuj\u0105ce wyj\u0105tkow\u0105 funkcjonalno\u015b\u0107 w trudnych warunkach. Produkt charakteryzuje si\u0119 10-metrowym przewodem H05RR-F 3G1,5, a jego wej\u015bcie wyposa\u017cone jest w wtyczk\u0119 IP44 o napi\u0119ciu 230 V i pr\u0105dzie 16 A, co zapewnia wysok\u0105 odporno\u015b\u0107 na wilgo\u0107 oraz py\u0142. Dwa gniazda wyj\u015bciowe, r\u00f3wnie\u017c w standardzie IP44, umo\u017cliwiaj\u0105 jednoczesne pod\u0142\u0105czenie kilku urz\u0105dze\u0144, maksymalizuj\u0105c efektywno\u015b\u0107 pracy. Dzi\u0119ki designowi przystosowanemu do u\u017cytku na zewn\u0105trz oraz w warunkach budowlanych, przed\u0142u\u017cacz gwarantuje bezpiecze\u0144stwo i niezawodno\u015b\u0107, nawet w najtrudniejszych sytuacjach. Idealny wyb\u00f3r dla ka\u017cdego, kto potrzebuje pewnego zasilania w miejscu pracy.<\/p>","protected":false},"excerpt":{"rendered":"<div class=\"icons\" style=\"display: flex; flex-wrap: wrap; gap: 5px; align-items: center; margin-top: 10px;\"><img decoding=\"async\" src=\"https:\/\/as-schwabe.de\/wp-content\/uploads\/ikony\/znak_FR.png\" alt=\"\" width=\"50\" height=\"50\" \/><img decoding=\"async\" src=\"https:\/\/as-schwabe.de\/wp-content\/uploads\/ikony\/znak_CE.png\" alt=\"\" width=\"50\" height=\"50\" \/><img decoding=\"async\" src=\"https:\/\/as-schwabe.de\/wp-content\/uploads\/ikony\/znak_IP44.png\" alt=\"\" width=\"50\" height=\"50\" \/><img loading=\"lazy\" decoding=\"async\" src=\"https:\/\/as-schwabe.de\/wp-content\/uploads\/ikony\/znak_PB.png\" alt=\"\" width=\"50\" height=\"50\" \/><img loading=\"lazy\" decoding=\"async\" src=\"https:\/\/as-schwabe.de\/wp-content\/uploads\/ikony\/znak_Z.png\" alt=\"\" width=\"50\" height=\"50\" \/><img loading=\"lazy\" decoding=\"async\" src=\"https:\/\/as-schwabe.de\/wp-content\/uploads\/ikony\/znak_D.png\" alt=\"\" width=\"50\" height=\"50\" \/><img loading=\"lazy\" decoding=\"async\" src=\"https:\/\/as-schwabe.de\/wp-content\/uploads\/ikony\/znak_DG.png\" alt=\"\" width=\"50\" height=\"50\" \/><\/div>\n<ul>\n<li>IP44: chroniony przed cia\u0142ami obcymi i bryzgami wody <\/li>\n<li>wytrzyma\u0142a konstrukcja do u\u017cytku na zewn\u0105trz <\/li>\n<li>z hakiem do zawieszenia <\/li>\n<li>z wtyczk\u0105 z uziemieniem <\/li>\n<li>gniazda z uziemieniem z samozamykaj\u0105cymi si\u0119 klapkami <\/li>\n<li>IP44: chroniony przed cia\u0142ami obcymi i bryzgami wody <\/li>\n<li>230 V, 16 A<\/li>\n<\/ul>","protected":false},"featured_media":35078,"template":"","meta":{"inline_featured_image":false},"genre":[509],"product_cat":[544,568],"product_tag":[],"class_list":{"0":"post-33176","1":"product","2":"type-product","3":"status-publish","4":"has-post-thumbnail","6":"product_brand-as-schwabe-pl","7":"product_cat-przedluzacze-2-pl","8":"product_cat-do-uzytku-na-zewnatrz-2-pl","10":"first","11":"instock","12":"shipping-taxable","13":"product-type-simple"},"aioseo_notices":[],"_links":{"self":[{"href":"https:\/\/as-schwabe.de\/pl\/wp-json\/wp\/v2\/product\/33176","targetHints":{"allow":["GET"]}}],"collection":[{"href":"https:\/\/as-schwabe.de\/pl\/wp-json\/wp\/v2\/product"}],"about":[{"href":"https:\/\/as-schwabe.de\/pl\/wp-json\/wp\/v2\/types\/product"}],"version-history":[{"count":0,"href":"https:\/\/as-schwabe.de\/pl\/wp-json\/wp\/v2\/product\/33176\/revisions"}],"wp:featuredmedia":[{"embeddable":true,"href":"https:\/\/as-schwabe.de\/pl\/wp-json\/wp\/v2\/media\/35078"}],"wp:attachment":[{"href":"https:\/\/as-schwabe.de\/pl\/wp-json\/wp\/v2\/media?parent=33176"}],"wp:term":[{"taxonomy":"product_brand","embeddable":true,"href":"https:\/\/as-schwabe.de\/pl\/wp-json\/wp\/v2\/genre?post=33176"},{"taxonomy":"product_cat","embeddable":true,"href":"https:\/\/as-schwabe.de\/pl\/wp-json\/wp\/v2\/product_cat?post=33176"},{"taxonomy":"product_tag","embeddable":true,"href":"https:\/\/as-schwabe.de\/pl\/wp-json\/wp\/v2\/product_tag?post=33176"}],"curies":[{"name":"wp","href":"https:\/\/api.w.org\/{rel}","templated":true}]}}