{"id":33175,"date":"2025-09-26T23:39:48","date_gmt":"2025-09-26T23:39:48","guid":{"rendered":"https:\/\/as-schwabe.de\/?post_type=product&#038;p=33175"},"modified":"2025-10-23T00:20:37","modified_gmt":"2025-10-23T00:20:37","slug":"listwa-zasilajaca-budowlana-s4-h07rn-f-5g25-2-m-f-860560","status":"publish","type":"product","link":"https:\/\/as-schwabe.de\/pl\/produkt\/listwa-zasilajaca-budowlana-s4-h07rn-f-5g25-2-m-f-860560\/","title":{"rendered":"Listwa zasilaj\u0105ca budowlana S4, 2 m H07RN-F 5G2,5 11 kW &#8222;F&#8220;  | 860560"},"content":{"rendered":"<p>Listwa zasilaj\u0105ca budowlana S4 &#8222;F&#8220; wykonana z utwardzonej gumy jest idealnym rozwi\u0105zaniem dla profesjonalnych zastosowa\u0144 w budownictwie oraz przemy\u015ble. Posiada wej\u015bcie z przewodu zasilaj\u0105cego z wtyczk\u0105 CEE 400 V oraz 16 A, co zapewnia stabilne zasilanie urz\u0105dze\u0144 w trudnych warunkach. Dzi\u0119ki trzem gniazdom 230 V z klapk\u0105 i uziemieniem oraz dw\u00f3m gniazdom CEE 400 V, u\u017cytkownik ma mo\u017cliwo\u015b\u0107 pod\u0142\u0105czenia r\u00f3\u017cnorodnych maszyny i narz\u0119dzi, zwi\u0119kszaj\u0105c efektywno\u015b\u0107 pracy. Maksymalne obci\u0105\u017cenie wynosz\u0105ce 400 V, 16 A oraz 11 kW sprawia, \u017ce listwa jest odpowiednia do intensywnego u\u017cytkowania. Brak zabezpiecze\u0144 zwi\u0119ksza wszechstronno\u015b\u0107, umo\u017cliwiaj\u0105c jednoczesne zasilanie wi\u0119kszej liczby urz\u0105dze\u0144 dostosowanych do specyficznych wymaga\u0144.<\/p>","protected":false},"excerpt":{"rendered":"<div class=\"icons\" style=\"display: flex; flex-wrap: wrap; gap: 5px; align-items: center; margin-top: 10px;\"><img decoding=\"async\" src=\"https:\/\/as-schwabe.de\/wp-content\/uploads\/ikony\/znak_FR.png\" alt=\"\" width=\"50\" height=\"50\" \/><img decoding=\"async\" src=\"https:\/\/as-schwabe.de\/wp-content\/uploads\/ikony\/znak_CE.png\" alt=\"\" width=\"50\" height=\"50\" \/><img decoding=\"async\" src=\"https:\/\/as-schwabe.de\/wp-content\/uploads\/ikony\/znak_IP44.png\" alt=\"\" width=\"50\" height=\"50\" \/><img loading=\"lazy\" decoding=\"async\" src=\"https:\/\/as-schwabe.de\/wp-content\/uploads\/ikony\/znak_PB.png\" alt=\"\" width=\"50\" height=\"50\" \/><img loading=\"lazy\" decoding=\"async\" src=\"https:\/\/as-schwabe.de\/wp-content\/uploads\/ikony\/znak_Z.png\" alt=\"\" width=\"50\" height=\"50\" \/><img loading=\"lazy\" decoding=\"async\" src=\"https:\/\/as-schwabe.de\/wp-content\/uploads\/ikony\/znak_D.png\" alt=\"\" width=\"50\" height=\"50\" \/><img loading=\"lazy\" decoding=\"async\" src=\"https:\/\/as-schwabe.de\/wp-content\/uploads\/ikony\/znak_K2.png\" alt=\"\" width=\"50\" height=\"50\" \/><img loading=\"lazy\" decoding=\"async\" src=\"https:\/\/as-schwabe.de\/wp-content\/uploads\/ikony\/znak_DG.png\" alt=\"\" width=\"50\" height=\"50\" \/><img loading=\"lazy\" decoding=\"async\" src=\"https:\/\/as-schwabe.de\/wp-content\/uploads\/ikony\/znak_DE.png\" alt=\"\" width=\"50\" height=\"40\" \/><\/div>\n<ul>\n<li>Listwy zasilaj\u0105ce z wytrzyma\u0142ej gumy Seria S <\/li>\n<li>obudowa wykonana z wyj\u0105tkowo wytrzyma\u0142ej utwardzonej gumy <\/li>\n<li>wersje z r\u00f3\u017cnymi wej\u015bciami i wyj\u015bciami do ci\u0119\u017ckich zastosowa\u0144 na placu budowy <\/li>\n<li>IP44: chroniony przed cia\u0142ami obcymi i bryzgami wody<\/li>\n<\/ul>","protected":false},"featured_media":32408,"template":"","meta":{"inline_featured_image":false},"genre":[509],"product_cat":[518,583],"product_tag":[],"class_list":{"0":"post-33175","1":"product","2":"type-product","3":"status-publish","4":"has-post-thumbnail","6":"product_brand-as-schwabe-pl","7":"product_cat-asortyment-produktow-cee-400-v-pl","8":"product_cat-listwy-zasilajace-cee-seria-s-pl","10":"first","11":"instock","12":"shipping-taxable","13":"product-type-simple"},"aioseo_notices":[],"_links":{"self":[{"href":"https:\/\/as-schwabe.de\/pl\/wp-json\/wp\/v2\/product\/33175","targetHints":{"allow":["GET"]}}],"collection":[{"href":"https:\/\/as-schwabe.de\/pl\/wp-json\/wp\/v2\/product"}],"about":[{"href":"https:\/\/as-schwabe.de\/pl\/wp-json\/wp\/v2\/types\/product"}],"version-history":[{"count":0,"href":"https:\/\/as-schwabe.de\/pl\/wp-json\/wp\/v2\/product\/33175\/revisions"}],"wp:featuredmedia":[{"embeddable":true,"href":"https:\/\/as-schwabe.de\/pl\/wp-json\/wp\/v2\/media\/32408"}],"wp:attachment":[{"href":"https:\/\/as-schwabe.de\/pl\/wp-json\/wp\/v2\/media?parent=33175"}],"wp:term":[{"taxonomy":"product_brand","embeddable":true,"href":"https:\/\/as-schwabe.de\/pl\/wp-json\/wp\/v2\/genre?post=33175"},{"taxonomy":"product_cat","embeddable":true,"href":"https:\/\/as-schwabe.de\/pl\/wp-json\/wp\/v2\/product_cat?post=33175"},{"taxonomy":"product_tag","embeddable":true,"href":"https:\/\/as-schwabe.de\/pl\/wp-json\/wp\/v2\/product_tag?post=33175"}],"curies":[{"name":"wp","href":"https:\/\/api.w.org\/{rel}","templated":true}]}}