{"id":33174,"date":"2025-09-26T23:39:48","date_gmt":"2025-09-26T23:39:48","guid":{"rendered":"https:\/\/as-schwabe.de\/?post_type=product&#038;p=33174"},"modified":"2025-10-23T00:20:36","modified_gmt":"2025-10-23T00:20:36","slug":"rozdzielnica-kompaktowa-mixo-saar-f-860524","status":"publish","type":"product","link":"https:\/\/as-schwabe.de\/pl\/produkt\/rozdzielnica-kompaktowa-mixo-saar-f-860524\/","title":{"rendered":"Rozdzielnica kompaktowa MIXO &#8211; &#8222;SAAR&#8220; &#8222;F&#8220; | 860524"},"content":{"rendered":"<p>Rozdzielnica kompaktowa MIXO &#8211; &#8222;SAAR&#8220; to innowacyjne rozwi\u0105zanie w zakresie dystrybucji energii elektrycznej, kt\u00f3re zapewnia niezawodno\u015b\u0107 i bezpiecze\u0144stwo w r\u00f3\u017cnych aplikacjach. Wyposa\u017cona w wej\u015bcie wtyczki tablicowej CEE 400 V, 16 A, 5P, umo\u017cliwia \u0142atwe pod\u0142\u0105czenie do \u017ar\u00f3d\u0142a zasilania. Produkt oferuje trzy gniazda z klapk\u0105 i uziemieniem 230 V, 16 A, 2P+Z, z mo\u017cliwo\u015bci\u0105 pod\u0142\u0105czenia ka\u017cdego gniazda na osobnej fazie, co zwi\u0119ksza elastyczno\u015b\u0107 u\u017cytkowania. Maksymalne parametry to 400 V, 16 A i 11 kW F, dzi\u0119ki czemu rozdzielnica doskonale sprawdzi si\u0119 w zastosowaniach przemys\u0142owych oraz na placach budowy. Wybieraj\u0105c rozdzielnic\u0119 MIXO &#8211; &#8222;SAAR&#8220;, u\u017cytkownik zyskuje pewno\u015b\u0107, \u017ce jego instalacje elektryczne b\u0119d\u0105 dzia\u0142a\u0107 efektywnie i bezpiecznie.<\/p>","protected":false},"excerpt":{"rendered":"<div class=\"icons\" style=\"display: flex; flex-wrap: wrap; gap: 5px; align-items: center; margin-top: 10px;\"><img decoding=\"async\" src=\"https:\/\/as-schwabe.de\/wp-content\/uploads\/ikony\/znak_FR.png\" alt=\"\" width=\"50\" height=\"50\" \/><img decoding=\"async\" src=\"https:\/\/as-schwabe.de\/wp-content\/uploads\/ikony\/znak_CE.png\" alt=\"\" width=\"50\" height=\"50\" \/><img decoding=\"async\" src=\"https:\/\/as-schwabe.de\/wp-content\/uploads\/ikony\/znak_IP44.png\" alt=\"\" width=\"50\" height=\"50\" \/><img loading=\"lazy\" decoding=\"async\" src=\"https:\/\/as-schwabe.de\/wp-content\/uploads\/ikony\/znak_PB.png\" alt=\"\" width=\"50\" height=\"50\" \/><img loading=\"lazy\" decoding=\"async\" src=\"https:\/\/as-schwabe.de\/wp-content\/uploads\/ikony\/znak_Z.png\" alt=\"\" width=\"50\" height=\"50\" \/><img loading=\"lazy\" decoding=\"async\" src=\"https:\/\/as-schwabe.de\/wp-content\/uploads\/ikony\/znak_D.png\" alt=\"\" width=\"50\" height=\"50\" \/><img loading=\"lazy\" decoding=\"async\" src=\"https:\/\/as-schwabe.de\/wp-content\/uploads\/ikony\/znak_DE.png\" alt=\"\" width=\"50\" height=\"40\" \/><\/div>\n<ul>\n<li>Rozdzielnice kompaktowe MIXO CEE 16 A <\/li>\n<li>solidna obudowa wykonana z wytrzyma\u0142ego, bardzo odpornego na uszkodzenia specjalnego tworzywa sztucznego i zajmuj\u0105ca niewiele miejsca konstrukcja <\/li>\n<li>r\u00f3\u017cnorodne konstrukcje do r\u00f3\u017cnych zastosowa\u0144 mobilnych na placu budowy <\/li>\n<li>IP44: chroniony przed cia\u0142ami obcymi i bryzgami wody<\/li>\n<\/ul>","protected":false},"featured_media":35042,"template":"","meta":{"inline_featured_image":false},"genre":[509],"product_cat":[518,579],"product_tag":[],"class_list":{"0":"post-33174","1":"product","2":"type-product","3":"status-publish","4":"has-post-thumbnail","6":"product_brand-as-schwabe-pl","7":"product_cat-asortyment-produktow-cee-400-v-pl","8":"product_cat-rozdzielnice-kompaktowe-mixo-cee-pl","10":"first","11":"instock","12":"shipping-taxable","13":"product-type-simple"},"aioseo_notices":[],"_links":{"self":[{"href":"https:\/\/as-schwabe.de\/pl\/wp-json\/wp\/v2\/product\/33174","targetHints":{"allow":["GET"]}}],"collection":[{"href":"https:\/\/as-schwabe.de\/pl\/wp-json\/wp\/v2\/product"}],"about":[{"href":"https:\/\/as-schwabe.de\/pl\/wp-json\/wp\/v2\/types\/product"}],"version-history":[{"count":0,"href":"https:\/\/as-schwabe.de\/pl\/wp-json\/wp\/v2\/product\/33174\/revisions"}],"wp:featuredmedia":[{"embeddable":true,"href":"https:\/\/as-schwabe.de\/pl\/wp-json\/wp\/v2\/media\/35042"}],"wp:attachment":[{"href":"https:\/\/as-schwabe.de\/pl\/wp-json\/wp\/v2\/media?parent=33174"}],"wp:term":[{"taxonomy":"product_brand","embeddable":true,"href":"https:\/\/as-schwabe.de\/pl\/wp-json\/wp\/v2\/genre?post=33174"},{"taxonomy":"product_cat","embeddable":true,"href":"https:\/\/as-schwabe.de\/pl\/wp-json\/wp\/v2\/product_cat?post=33174"},{"taxonomy":"product_tag","embeddable":true,"href":"https:\/\/as-schwabe.de\/pl\/wp-json\/wp\/v2\/product_tag?post=33174"}],"curies":[{"name":"wp","href":"https:\/\/api.w.org\/{rel}","templated":true}]}}