{"id":33146,"date":"2025-09-26T23:39:26","date_gmt":"2025-09-26T23:39:26","guid":{"rendered":"https:\/\/as-schwabe.de\/?post_type=product&#038;p=33146"},"modified":"2025-10-23T00:20:34","modified_gmt":"2025-10-23T00:20:34","slug":"gniazdo-rozgaleziacz-3-krotny-gumowy-230-v-16-a-cza-f-860455","status":"publish","type":"product","link":"https:\/\/as-schwabe.de\/pl\/produkt\/gniazdo-rozgaleziacz-3-krotny-gumowy-230-v-16-a-cza-f-860455\/","title":{"rendered":"Gniazdo rozga\u0142\u0119ziacz 3-krotny gumowy 230 V, 16 A 2P+Z CZA IP44 &#8222;F&#8220; | 860455"},"content":{"rendered":"<p>Gniazdo rozga\u0142\u0119ziacz 3-krotny gumowy 230 V, 16 A, 2P+Z czarny &#8222;F&#8220; o stopniu ochrony IP44 to idealne rozwi\u0105zanie do u\u017cytku na zewn\u0105trz oraz w warunkach budowlanych. Dzi\u0119ki solidnej konstrukcji z materia\u0142\u00f3w odpornych na dzia\u0142anie niekorzystnych warunk\u00f3w atmosferycznych, zapewnia niezawodne zasilanie dla r\u00f3\u017cnych urz\u0105dze\u0144 elektrycznych. Trzy gniazda pozwalaj\u0105 na jednoczesne pod\u0142\u0105czenie kilku odbiornik\u00f3w, co zwi\u0119ksza efektywno\u015b\u0107 pracy. Wysoka nominalna odporno\u015b\u0107 na pr\u0105d do 16 A sprawia, \u017ce jest to produkt bezpieczny i wydajny. Gniazdo charakteryzuje si\u0119 prostym monta\u017cem oraz praktycznym, ergonomicznym designem, co czyni je doskona\u0142ym wyborem dla profesjonalist\u00f3w oraz amator\u00f3w korzystaj\u0105cych z elektronarz\u0119dzi w terenie.<\/p>","protected":false},"excerpt":{"rendered":"<div class=\"icons\" style=\"display: flex; flex-wrap: wrap; gap: 5px; align-items: center; margin-top: 10px;\"><img decoding=\"async\" src=\"https:\/\/as-schwabe.de\/wp-content\/uploads\/ikony\/znak_FR.png\" alt=\"\" width=\"50\" height=\"50\" \/><img decoding=\"async\" src=\"https:\/\/as-schwabe.de\/wp-content\/uploads\/ikony\/znak_IP44.png\" alt=\"\" width=\"50\" height=\"50\" \/><img decoding=\"async\" src=\"https:\/\/as-schwabe.de\/wp-content\/uploads\/ikony\/znak_PB.png\" alt=\"\" width=\"50\" height=\"50\" \/><img loading=\"lazy\" decoding=\"async\" src=\"https:\/\/as-schwabe.de\/wp-content\/uploads\/ikony\/znak_Z.png\" alt=\"\" width=\"50\" height=\"50\" \/><img loading=\"lazy\" decoding=\"async\" src=\"https:\/\/as-schwabe.de\/wp-content\/uploads\/ikony\/znak_D.png\" alt=\"\" width=\"50\" height=\"50\" \/><img loading=\"lazy\" decoding=\"async\" src=\"https:\/\/as-schwabe.de\/wp-content\/uploads\/ikony\/znak_DE.png\" alt=\"\" width=\"50\" height=\"40\" \/><\/div>\n<ul>\n<li>rozga\u0142\u0119ziacz 3-gniazdowy wykonany z wytrzyma\u0142ej gumy <\/li>\n<li>wersja o du\u017cej wytrzyma\u0142o\u015bci dopuszczona do u\u017cytku na budowach i w rolnictwie <\/li>\n<li>produkt wysokiej jako\u015bci \u201eMade in Germany\u201d wykonany z wytrzyma\u0142ej gumy <\/li>\n<li>z obrotowymi os\u0142onami gniazd, kt\u00f3re mog\u0105 by\u0107 obracane o 360\u00b0 <\/li>\n<li>z oczkiem do zawieszenia gniazda <\/li>\n<li>do pod\u0142\u0105czenia przewod\u00f3w o \u015brednicy maks. 2,5 mm2 <\/li>\n<li>IP44: chroniony przed cia\u0142ami obcymi i bryzgami wody <\/li>\n<li>230 V, 16 A<\/li>\n<\/ul>","protected":false},"featured_media":32391,"template":"","meta":{"inline_featured_image":false},"genre":[509],"product_cat":[523,552],"product_tag":[],"class_list":{"0":"post-33146","1":"product","2":"type-product","3":"status-publish","4":"has-post-thumbnail","6":"product_brand-as-schwabe-pl","7":"product_cat-produkty-do-samodzielnego-montazu-pl","8":"product_cat-gniazda-i-rozgaleziacze-gniazd-pl","10":"first","11":"instock","12":"shipping-taxable","13":"product-type-simple"},"aioseo_notices":[],"_links":{"self":[{"href":"https:\/\/as-schwabe.de\/pl\/wp-json\/wp\/v2\/product\/33146","targetHints":{"allow":["GET"]}}],"collection":[{"href":"https:\/\/as-schwabe.de\/pl\/wp-json\/wp\/v2\/product"}],"about":[{"href":"https:\/\/as-schwabe.de\/pl\/wp-json\/wp\/v2\/types\/product"}],"version-history":[{"count":0,"href":"https:\/\/as-schwabe.de\/pl\/wp-json\/wp\/v2\/product\/33146\/revisions"}],"wp:featuredmedia":[{"embeddable":true,"href":"https:\/\/as-schwabe.de\/pl\/wp-json\/wp\/v2\/media\/32391"}],"wp:attachment":[{"href":"https:\/\/as-schwabe.de\/pl\/wp-json\/wp\/v2\/media?parent=33146"}],"wp:term":[{"taxonomy":"product_brand","embeddable":true,"href":"https:\/\/as-schwabe.de\/pl\/wp-json\/wp\/v2\/genre?post=33146"},{"taxonomy":"product_cat","embeddable":true,"href":"https:\/\/as-schwabe.de\/pl\/wp-json\/wp\/v2\/product_cat?post=33146"},{"taxonomy":"product_tag","embeddable":true,"href":"https:\/\/as-schwabe.de\/pl\/wp-json\/wp\/v2\/product_tag?post=33146"}],"curies":[{"name":"wp","href":"https:\/\/api.w.org\/{rel}","templated":true}]}}