{"id":33145,"date":"2025-09-26T23:39:26","date_gmt":"2025-09-26T23:39:26","guid":{"rendered":"https:\/\/as-schwabe.de\/?post_type=product&#038;p=33145"},"modified":"2025-10-23T00:20:34","modified_gmt":"2025-10-23T00:20:34","slug":"przedluzacz-3-gniazdowy-h07rn-f-3g25-10-m-f-860446","status":"publish","type":"product","link":"https:\/\/as-schwabe.de\/pl\/produkt\/przedluzacz-3-gniazdowy-h07rn-f-3g25-10-m-f-860446\/","title":{"rendered":"Przed\u0142u\u017cacz 3-gniazdowy: 10 m H07RN-F 3G2,5 CZA IP44 &#8222;F&#8220; | 860446"},"content":{"rendered":"<p>Przed\u0142u\u017cacz 3-gniazdowy \u201eF\u201d H07RN-F 3G2,5 o d\u0142ugo\u015bci 10 m to niezawodne rozwi\u0105zanie dla profesjonalist\u00f3w oraz amator\u00f3w pracuj\u0105cych na zewn\u0105trz i na budowie. Posiada wtyczk\u0119 IP44 o napi\u0119ciu 230 V i nat\u0119\u017ceniu 16 A, co zapewnia wysok\u0105 wydajno\u015b\u0107 oraz bezpiecze\u0144stwo u\u017cytkowania w trudnych warunkach. Wyposa\u017cony w trzy gumowe gniazda IP44 r\u00f3wnie\u017c na 230 V i 16 A, pozwala na swobodne pod\u0142\u0105czanie urz\u0105dze\u0144 elektrycznych. Dzi\u0119ki maksymalnej mocy 3500 W oraz klasie szczelno\u015bci IP44, produkt jest odporny na dzia\u0142anie wody i py\u0142u, co sprawia, \u017ce idealnie sprawdzi si\u0119 w \u015brodowiskach budowlanych oraz podczas prac ogrodowych. Wybieraj\u0105c nasz przed\u0142u\u017cacz, zyskujesz nie tylko wygod\u0119, ale tak\u017ce pewno\u015b\u0107, \u017ce wszystkie Twoje urz\u0105dzenia s\u0105 bezpieczne i funkcjonalne w ka\u017cdych warunkach.<\/p>","protected":false},"excerpt":{"rendered":"<div class=\"icons\" style=\"display: flex; flex-wrap: wrap; gap: 5px; align-items: center; margin-top: 10px;\"><img decoding=\"async\" src=\"https:\/\/as-schwabe.de\/wp-content\/uploads\/ikony\/znak_FR.png\" alt=\"\" width=\"50\" height=\"50\" \/><img decoding=\"async\" src=\"https:\/\/as-schwabe.de\/wp-content\/uploads\/ikony\/znak_CE.png\" alt=\"\" width=\"50\" height=\"50\" \/><img decoding=\"async\" src=\"https:\/\/as-schwabe.de\/wp-content\/uploads\/ikony\/znak_IP44.png\" alt=\"\" width=\"50\" height=\"50\" \/><img loading=\"lazy\" decoding=\"async\" src=\"https:\/\/as-schwabe.de\/wp-content\/uploads\/ikony\/znak_PB.png\" alt=\"\" width=\"50\" height=\"50\" \/><img loading=\"lazy\" decoding=\"async\" src=\"https:\/\/as-schwabe.de\/wp-content\/uploads\/ikony\/znak_Z.png\" alt=\"\" width=\"50\" height=\"50\" \/><img loading=\"lazy\" decoding=\"async\" src=\"https:\/\/as-schwabe.de\/wp-content\/uploads\/ikony\/znak_D.png\" alt=\"\" width=\"50\" height=\"50\" \/><img loading=\"lazy\" decoding=\"async\" src=\"https:\/\/as-schwabe.de\/wp-content\/uploads\/ikony\/znak_DG.png\" alt=\"\" width=\"50\" height=\"50\" \/><img loading=\"lazy\" decoding=\"async\" src=\"https:\/\/as-schwabe.de\/wp-content\/uploads\/ikony\/znak_DE.png\" alt=\"\" width=\"50\" height=\"40\" \/><\/div>\n<ul>\n<li>dopuszczone do stosowania na budowach i w rolnictwie <\/li>\n<li>IP44: chroniony przed cia\u0142ami obcymi i bryzgami wody <\/li>\n<li>dopuszczone do stosowania na budowach i w rolnictwie <\/li>\n<li>z oczkiem do zawieszenia gniazda <\/li>\n<li>z wtyczk\u0105 z uziemieniem i obrotowymi, samozamykaj\u0105cymi si\u0119 klapkami z symbolem m\u0142otka \u2013 podwy\u017cszona wytrzyma\u0142o\u015b\u0107 <\/li>\n<li>230 V, 16 A<\/li>\n<\/ul>","protected":false},"featured_media":35086,"template":"","meta":{"inline_featured_image":false},"genre":[509],"product_cat":[544,545],"product_tag":[],"class_list":{"0":"post-33145","1":"product","2":"type-product","3":"status-publish","4":"has-post-thumbnail","6":"product_brand-as-schwabe-pl","7":"product_cat-przedluzacze-2-pl","8":"product_cat-do-stosowania-na-budowach-pl","10":"first","11":"instock","12":"shipping-taxable","13":"product-type-simple"},"aioseo_notices":[],"_links":{"self":[{"href":"https:\/\/as-schwabe.de\/pl\/wp-json\/wp\/v2\/product\/33145","targetHints":{"allow":["GET"]}}],"collection":[{"href":"https:\/\/as-schwabe.de\/pl\/wp-json\/wp\/v2\/product"}],"about":[{"href":"https:\/\/as-schwabe.de\/pl\/wp-json\/wp\/v2\/types\/product"}],"version-history":[{"count":0,"href":"https:\/\/as-schwabe.de\/pl\/wp-json\/wp\/v2\/product\/33145\/revisions"}],"wp:featuredmedia":[{"embeddable":true,"href":"https:\/\/as-schwabe.de\/pl\/wp-json\/wp\/v2\/media\/35086"}],"wp:attachment":[{"href":"https:\/\/as-schwabe.de\/pl\/wp-json\/wp\/v2\/media?parent=33145"}],"wp:term":[{"taxonomy":"product_brand","embeddable":true,"href":"https:\/\/as-schwabe.de\/pl\/wp-json\/wp\/v2\/genre?post=33145"},{"taxonomy":"product_cat","embeddable":true,"href":"https:\/\/as-schwabe.de\/pl\/wp-json\/wp\/v2\/product_cat?post=33145"},{"taxonomy":"product_tag","embeddable":true,"href":"https:\/\/as-schwabe.de\/pl\/wp-json\/wp\/v2\/product_tag?post=33145"}],"curies":[{"name":"wp","href":"https:\/\/api.w.org\/{rel}","templated":true}]}}