{"id":33143,"date":"2025-09-26T23:39:25","date_gmt":"2025-09-26T23:39:25","guid":{"rendered":"https:\/\/as-schwabe.de\/?post_type=product&#038;p=33143"},"modified":"2025-10-23T00:20:33","modified_gmt":"2025-10-23T00:20:33","slug":"gniazdo-elamidowe-z-uziemieniem-230-v-16-a-czarne-f-860417","status":"publish","type":"product","link":"https:\/\/as-schwabe.de\/pl\/produkt\/gniazdo-elamidowe-z-uziemieniem-230-v-16-a-czarne-f-860417\/","title":{"rendered":"Gniazdo Elamidowe z uziemieniem do maks. 2,5 mm2 230 V, 16 A 2P+Z, CZA IP44 &#8222;F&#8220; | 860417"},"content":{"rendered":"<p>Gniazdo Elamidowe z uziemieniem 230 V, 16 A, 2P+Z w kolorze czarnym to produkt stworzony z my\u015bl\u0105 o wymagaj\u0105cym u\u017cytkowniku, poszukuj\u0105cym niezawodnych rozwi\u0105za\u0144 na zewn\u0105trz oraz na placach budowy. Dzi\u0119ki stopniowi ochrony IP44, gniazdo jest odporne na dzia\u0142anie py\u0142u oraz wody, co zapewnia jego d\u0142ugotrwa\u0142e funkcjonowanie w trudnych warunkach atmosferycznych. Posiada mo\u017cliwo\u015b\u0107 pod\u0142\u0105czenia przewod\u00f3w o maksymalnym przekroju do 1,5 mm\u00b2, co zwi\u0119ksza elastyczno\u015b\u0107 w zastosowaniu. Wygodne montowanie i wysoka jako\u015b\u0107 wykonania sprawiaj\u0105, \u017ce produkt ten jest idealnym rozwi\u0105zaniem do wszelkich prac elektrycznych, gwarantuj\u0105c bezpiecze\u0144stwo i komfort u\u017cytkowania.<\/p>","protected":false},"excerpt":{"rendered":"<div class=\"icons\" style=\"display: flex; flex-wrap: wrap; gap: 5px; align-items: center; margin-top: 10px;\"><img decoding=\"async\" src=\"https:\/\/as-schwabe.de\/wp-content\/uploads\/ikony\/znak_FR.png\" alt=\"\" width=\"50\" height=\"50\" \/><img decoding=\"async\" src=\"https:\/\/as-schwabe.de\/wp-content\/uploads\/ikony\/znak_IP44.png\" alt=\"\" width=\"50\" height=\"50\" \/><img decoding=\"async\" src=\"https:\/\/as-schwabe.de\/wp-content\/uploads\/ikony\/znak_PB.png\" alt=\"\" width=\"50\" height=\"50\" \/><img loading=\"lazy\" decoding=\"async\" src=\"https:\/\/as-schwabe.de\/wp-content\/uploads\/ikony\/znak_Z.png\" alt=\"\" width=\"50\" height=\"50\" \/><img loading=\"lazy\" decoding=\"async\" src=\"https:\/\/as-schwabe.de\/wp-content\/uploads\/ikony\/znak_D.png\" alt=\"\" width=\"50\" height=\"50\" \/><img loading=\"lazy\" decoding=\"async\" src=\"https:\/\/as-schwabe.de\/wp-content\/uploads\/ikony\/znak_DE.png\" alt=\"\" width=\"50\" height=\"40\" \/><\/div>\n<ul>\n<li>gniazdo <\/li>\n<li>wersje o du\u017cej wytrzyma\u0142o\u015bci do trudnych zastosowa\u0144 na placach budowy <\/li>\n<li>IP44: chroniony przed cia\u0142ami obcymi i bryzgami wody <\/li>\n<li>230 V, 16 A<\/li>\n<\/ul>","protected":false},"featured_media":32381,"template":"","meta":{"inline_featured_image":false},"genre":[509],"product_cat":[523,524],"product_tag":[],"class_list":{"0":"post-33143","1":"product","2":"type-product","3":"status-publish","4":"has-post-thumbnail","6":"product_brand-as-schwabe-pl","7":"product_cat-produkty-do-samodzielnego-montazu-pl","8":"product_cat-wtyczki-i-gniazda-z-uziemieniem-pl","10":"first","11":"instock","12":"shipping-taxable","13":"product-type-simple"},"aioseo_notices":[],"_links":{"self":[{"href":"https:\/\/as-schwabe.de\/pl\/wp-json\/wp\/v2\/product\/33143","targetHints":{"allow":["GET"]}}],"collection":[{"href":"https:\/\/as-schwabe.de\/pl\/wp-json\/wp\/v2\/product"}],"about":[{"href":"https:\/\/as-schwabe.de\/pl\/wp-json\/wp\/v2\/types\/product"}],"version-history":[{"count":0,"href":"https:\/\/as-schwabe.de\/pl\/wp-json\/wp\/v2\/product\/33143\/revisions"}],"wp:featuredmedia":[{"embeddable":true,"href":"https:\/\/as-schwabe.de\/pl\/wp-json\/wp\/v2\/media\/32381"}],"wp:attachment":[{"href":"https:\/\/as-schwabe.de\/pl\/wp-json\/wp\/v2\/media?parent=33143"}],"wp:term":[{"taxonomy":"product_brand","embeddable":true,"href":"https:\/\/as-schwabe.de\/pl\/wp-json\/wp\/v2\/genre?post=33143"},{"taxonomy":"product_cat","embeddable":true,"href":"https:\/\/as-schwabe.de\/pl\/wp-json\/wp\/v2\/product_cat?post=33143"},{"taxonomy":"product_tag","embeddable":true,"href":"https:\/\/as-schwabe.de\/pl\/wp-json\/wp\/v2\/product_tag?post=33143"}],"curies":[{"name":"wp","href":"https:\/\/api.w.org\/{rel}","templated":true}]}}