{"id":33133,"date":"2025-09-26T23:39:23","date_gmt":"2025-09-26T23:39:23","guid":{"rendered":"https:\/\/as-schwabe.de\/?post_type=product&#038;p=33133"},"modified":"2025-10-23T00:20:28","modified_gmt":"2025-10-23T00:20:28","slug":"przedluzacz-1-gniazdowy-h07rn-f-3g15-20-m-f-860336","status":"publish","type":"product","link":"https:\/\/as-schwabe.de\/pl\/produkt\/przedluzacz-1-gniazdowy-h07rn-f-3g15-20-m-f-860336\/","title":{"rendered":"Przed\u0142u\u017cacz 1-gniazdowy 20 m H07RN-F 3G1,5 IP44 &#8222;F&#8220; | 860336"},"content":{"rendered":"<p>Przed\u0142u\u017cacz 1-gniazdowy &#8222;F&#8220; H07RN-F 3G2,5 o d\u0142ugo\u015bci 20 m to solidne rozwi\u0105zanie do zasilania urz\u0105dze\u0144 elektrycznych zar\u00f3wno na zewn\u0105trz, jak i w trudnych warunkach budowlanych. Wyposa\u017cony w wtyczk\u0119 oraz gniazdo o np. stopniu ochrony IP44, umo\u017cliwia bezpieczne u\u017cytkowanie przy napi\u0119ciu 230 V oraz maksymalnym obci\u0105\u017ceniu 16 A (3500 W). Dzi\u0119ki zastosowaniu wysokiej jako\u015bci materia\u0142\u00f3w, przed\u0142u\u017cacz cechuje si\u0119 odporno\u015bci\u0105 na dzia\u0142anie warunk\u00f3w atmosferycznych i mechanicznych, co czyni go idealnym wyborem do u\u017cytku na placach budowy oraz w ogrodach. Jego elastyczny kabel zapewnia \u0142atwo\u015b\u0107 w manewrowaniu, a d\u0142uga d\u0142ugo\u015b\u0107 20 m pozwala na komfortowe zasi\u0119gni\u0119cie do najdalszych miejsc. Wybierz nasz przed\u0142u\u017cacz, aby zyska\u0107 niezawodne zasilanie tam, gdzie go potrzebujesz!<\/p>","protected":false},"excerpt":{"rendered":"<div class=\"icons\" style=\"display: flex; flex-wrap: wrap; gap: 5px; align-items: center; margin-top: 10px;\"><img decoding=\"async\" src=\"https:\/\/as-schwabe.de\/wp-content\/uploads\/ikony\/znak_FR.png\" alt=\"\" width=\"50\" height=\"50\" \/><img decoding=\"async\" src=\"https:\/\/as-schwabe.de\/wp-content\/uploads\/ikony\/znak_CE.png\" alt=\"\" width=\"50\" height=\"50\" \/><img decoding=\"async\" src=\"https:\/\/as-schwabe.de\/wp-content\/uploads\/ikony\/znak_IP44.png\" alt=\"\" width=\"50\" height=\"50\" \/><img loading=\"lazy\" decoding=\"async\" src=\"https:\/\/as-schwabe.de\/wp-content\/uploads\/ikony\/znak_PB.png\" alt=\"\" width=\"50\" height=\"50\" \/><img loading=\"lazy\" decoding=\"async\" src=\"https:\/\/as-schwabe.de\/wp-content\/uploads\/ikony\/znak_Z.png\" alt=\"\" width=\"50\" height=\"50\" \/><img loading=\"lazy\" decoding=\"async\" src=\"https:\/\/as-schwabe.de\/wp-content\/uploads\/ikony\/znak_D.png\" alt=\"\" width=\"50\" height=\"50\" \/><img loading=\"lazy\" decoding=\"async\" src=\"https:\/\/as-schwabe.de\/wp-content\/uploads\/ikony\/znak_DG.png\" alt=\"\" width=\"50\" height=\"50\" \/><\/div>\n<ul>\n<li>dopuszczone do stosowania na budowach i w rolnictwie<\/li>\n<li> IP44: chroniony przed cia\u0142ami obcymi i bryzgami wody <\/li>\n<li>dopuszczone do stosowania na budowach i w rolnictwie <\/li>\n<li>wtyczka i gniazdo z uziemieniem, gniazdo wyposa\u017cone w klapk\u0119 ochronn\u0105 <\/li>\n<li>230 V, 16 A<\/li>\n<\/ul>","protected":false},"featured_media":32346,"template":"","meta":{"inline_featured_image":false},"genre":[509],"product_cat":[544,545],"product_tag":[],"class_list":{"0":"post-33133","1":"product","2":"type-product","3":"status-publish","4":"has-post-thumbnail","6":"product_brand-as-schwabe-pl","7":"product_cat-przedluzacze-2-pl","8":"product_cat-do-stosowania-na-budowach-pl","10":"first","11":"instock","12":"shipping-taxable","13":"product-type-simple"},"aioseo_notices":[],"_links":{"self":[{"href":"https:\/\/as-schwabe.de\/pl\/wp-json\/wp\/v2\/product\/33133","targetHints":{"allow":["GET"]}}],"collection":[{"href":"https:\/\/as-schwabe.de\/pl\/wp-json\/wp\/v2\/product"}],"about":[{"href":"https:\/\/as-schwabe.de\/pl\/wp-json\/wp\/v2\/types\/product"}],"version-history":[{"count":0,"href":"https:\/\/as-schwabe.de\/pl\/wp-json\/wp\/v2\/product\/33133\/revisions"}],"wp:featuredmedia":[{"embeddable":true,"href":"https:\/\/as-schwabe.de\/pl\/wp-json\/wp\/v2\/media\/32346"}],"wp:attachment":[{"href":"https:\/\/as-schwabe.de\/pl\/wp-json\/wp\/v2\/media?parent=33133"}],"wp:term":[{"taxonomy":"product_brand","embeddable":true,"href":"https:\/\/as-schwabe.de\/pl\/wp-json\/wp\/v2\/genre?post=33133"},{"taxonomy":"product_cat","embeddable":true,"href":"https:\/\/as-schwabe.de\/pl\/wp-json\/wp\/v2\/product_cat?post=33133"},{"taxonomy":"product_tag","embeddable":true,"href":"https:\/\/as-schwabe.de\/pl\/wp-json\/wp\/v2\/product_tag?post=33133"}],"curies":[{"name":"wp","href":"https:\/\/api.w.org\/{rel}","templated":true}]}}