{"id":33132,"date":"2025-09-26T23:39:23","date_gmt":"2025-09-26T23:39:23","guid":{"rendered":"https:\/\/as-schwabe.de\/?post_type=product&#038;p=33132"},"modified":"2025-10-23T00:20:27","modified_gmt":"2025-10-23T00:20:27","slug":"gniazdo-rozgaleziacz-3-krotny-z-tworzywa-230-v-16-a-f-860058","status":"publish","type":"product","link":"https:\/\/as-schwabe.de\/pl\/produkt\/gniazdo-rozgaleziacz-3-krotny-z-tworzywa-230-v-16-a-f-860058\/","title":{"rendered":"Gniazdo rozga\u0142\u0119ziacz Action 3-krotny z tworzywa 230 V, 16 A 2P+Z NIE IP44 &#8222;F&#8220; | 860058"},"content":{"rendered":"<p>Gniazdo rozga\u0142\u0119ziacz 3-krotny z tworzywa sztucznego, model promocyjny &#8222;F&#8220;, to niezwykle funkcjonalne rozwi\u0105zanie, kt\u00f3re umo\u017cliwia zasilanie urz\u0105dze\u0144 elektrycznych w warunkach zewn\u0119trznych oraz na budowach. Zapewnia bezpieczne po\u0142\u0105czenie dzi\u0119ki parametrom 230 V, 16 A oraz technologii 2P+Z, co czyni go idealnym do u\u017cytku w r\u00f3\u017cnorodnych zastosowaniach. Jego klasa ochrony IP44 chroni przed dzia\u0142aniem wilgoci oraz py\u0142u, co znacz\u0105co wyd\u0142u\u017ca \u017cywotno\u015b\u0107 produktu. Niebieski kolor gniazda nie tylko przyci\u0105ga uwag\u0119, ale r\u00f3wnie\u017c pozwala na \u0142atwe zidentyfikowanie go w terenie. Dzi\u0119ki temu gniazdo rozga\u0142\u0119ziacz to niezawodny element wyposa\u017cenia dla profesjonalist\u00f3w i hobbyst\u00f3w, kt\u00f3rzy potrzebuj\u0105 wydajno\u015bci oraz bezpiecze\u0144stwa w trudnych warunkach.<\/p>","protected":false},"excerpt":{"rendered":"<div class=\"icons\" style=\"display: flex; flex-wrap: wrap; gap: 5px; align-items: center; margin-top: 10px;\"><img decoding=\"async\" src=\"https:\/\/as-schwabe.de\/wp-content\/uploads\/ikony\/znak_FR.png\" alt=\"\" width=\"50\" height=\"50\" \/><img decoding=\"async\" src=\"https:\/\/as-schwabe.de\/wp-content\/uploads\/ikony\/znak_IP44.png\" alt=\"\" width=\"50\" height=\"50\" \/><img decoding=\"async\" src=\"https:\/\/as-schwabe.de\/wp-content\/uploads\/ikony\/znak_PB.png\" alt=\"\" width=\"50\" height=\"50\" \/><img loading=\"lazy\" decoding=\"async\" src=\"https:\/\/as-schwabe.de\/wp-content\/uploads\/ikony\/znak_Z.png\" alt=\"\" width=\"50\" height=\"50\" \/><img loading=\"lazy\" decoding=\"async\" src=\"https:\/\/as-schwabe.de\/wp-content\/uploads\/ikony\/znak_D.png\" alt=\"\" width=\"50\" height=\"50\" \/><\/div>\n<ul>\n<li>rozga\u0142\u0119ziacz 3-gniazdowy <\/li>\n<li>dopuszczone do stosowania na budowach i w rolnictwie <\/li>\n<li>materia\u0142: guma <\/li>\n<li>z samozamykaj\u0105cymi si\u0119 klapkami gniazd i z oczkiem do zawieszenia gniazda <\/li>\n<li>do pod\u0142\u0105czenia przewod\u00f3w o \u015brednicy maks. 2,5 mm2 <\/li>\n<li>IP44: chroniony przed cia\u0142ami obcymi i bryzgami wody <\/li>\n<li>230 V, 16 A<\/li>\n<\/ul>","protected":false},"featured_media":32332,"template":"","meta":{"inline_featured_image":false},"genre":[509],"product_cat":[523,552],"product_tag":[],"class_list":{"0":"post-33132","1":"product","2":"type-product","3":"status-publish","4":"has-post-thumbnail","6":"product_brand-as-schwabe-pl","7":"product_cat-produkty-do-samodzielnego-montazu-pl","8":"product_cat-gniazda-i-rozgaleziacze-gniazd-pl","10":"first","11":"instock","12":"shipping-taxable","13":"product-type-simple"},"aioseo_notices":[],"_links":{"self":[{"href":"https:\/\/as-schwabe.de\/pl\/wp-json\/wp\/v2\/product\/33132","targetHints":{"allow":["GET"]}}],"collection":[{"href":"https:\/\/as-schwabe.de\/pl\/wp-json\/wp\/v2\/product"}],"about":[{"href":"https:\/\/as-schwabe.de\/pl\/wp-json\/wp\/v2\/types\/product"}],"version-history":[{"count":0,"href":"https:\/\/as-schwabe.de\/pl\/wp-json\/wp\/v2\/product\/33132\/revisions"}],"wp:featuredmedia":[{"embeddable":true,"href":"https:\/\/as-schwabe.de\/pl\/wp-json\/wp\/v2\/media\/32332"}],"wp:attachment":[{"href":"https:\/\/as-schwabe.de\/pl\/wp-json\/wp\/v2\/media?parent=33132"}],"wp:term":[{"taxonomy":"product_brand","embeddable":true,"href":"https:\/\/as-schwabe.de\/pl\/wp-json\/wp\/v2\/genre?post=33132"},{"taxonomy":"product_cat","embeddable":true,"href":"https:\/\/as-schwabe.de\/pl\/wp-json\/wp\/v2\/product_cat?post=33132"},{"taxonomy":"product_tag","embeddable":true,"href":"https:\/\/as-schwabe.de\/pl\/wp-json\/wp\/v2\/product_tag?post=33132"}],"curies":[{"name":"wp","href":"https:\/\/api.w.org\/{rel}","templated":true}]}}