{"id":33130,"date":"2025-09-26T23:39:22","date_gmt":"2025-09-26T23:39:22","guid":{"rendered":"https:\/\/as-schwabe.de\/?post_type=product&#038;p=33130"},"modified":"2025-10-23T00:20:26","modified_gmt":"2025-10-23T00:20:26","slug":"przedluzacz-1-gniazdowy-h07bq-f-3g25-25-m-f-859225","status":"publish","type":"product","link":"https:\/\/as-schwabe.de\/pl\/produkt\/przedluzacz-1-gniazdowy-h07bq-f-3g25-25-m-f-859225\/","title":{"rendered":"Przed\u0142u\u017cacz 1-gniazdowy 25 m H07BQ-F 3G2,5 POM IP44 &#8222;F&#8220; | 859225"},"content":{"rendered":"<p>Przed\u0142u\u017cacz 1-gniazdowy &#8222;F&#8220; H07BQ-F 3G2,5 w kolorze pomara\u0144czowym to niezawodne rozwi\u0105zanie do zasilania urz\u0105dze\u0144 w trudnych warunkach. Jego d\u0142ugo\u015b\u0107 25 metr\u00f3w oraz solidna wtyczka IP44, przystosowana do napi\u0119cia 230 V i pr\u0105du 16 A, zapewniaj\u0105 bezpieczne pod\u0142\u0105czenie w miejscach o zwi\u0119kszonej wilgotno\u015bci, takich jak tereny budowy czy ogrody. Wyposa\u017cony w jedno gniazdo IP44, ten przed\u0142u\u017cacz obs\u0142uguje obci\u0105\u017cenia do 3500 W, co czyni go idealnym do zasilania narz\u0119dzi elektrycznych oraz innych urz\u0105dze\u0144 wymagaj\u0105cych wi\u0119kszej mocy. Dzi\u0119ki wysokiej klasie ochrony IP44 przed\u0142u\u017cacz charakteryzuje si\u0119 odporno\u015bci\u0105 na przemakanie oraz py\u0142, co znacz\u0105co zwi\u0119ksza jego trwa\u0142o\u015b\u0107 i funkcjonalno\u015b\u0107 w trudnych warunkach atmosferycznych. Zainwestuj w profesjonalne zasilanie, kt\u00f3re sprosta wymaganiom Twojej pracy na \u015bwie\u017cym powietrzu.<\/p>","protected":false},"excerpt":{"rendered":"<div class=\"icons\" style=\"display: flex; flex-wrap: wrap; gap: 5px; align-items: center; margin-top: 10px;\"><img decoding=\"async\" src=\"https:\/\/as-schwabe.de\/wp-content\/uploads\/ikony\/znak_FR.png\" alt=\"\" width=\"50\" height=\"50\" \/><img decoding=\"async\" src=\"https:\/\/as-schwabe.de\/wp-content\/uploads\/ikony\/znak_CE.png\" alt=\"\" width=\"50\" height=\"50\" \/><img decoding=\"async\" src=\"https:\/\/as-schwabe.de\/wp-content\/uploads\/ikony\/znak_IP44.png\" alt=\"\" width=\"50\" height=\"50\" \/><img loading=\"lazy\" decoding=\"async\" src=\"https:\/\/as-schwabe.de\/wp-content\/uploads\/ikony\/znak_PB.png\" alt=\"\" width=\"50\" height=\"50\" \/><img loading=\"lazy\" decoding=\"async\" src=\"https:\/\/as-schwabe.de\/wp-content\/uploads\/ikony\/znak_Z.png\" alt=\"\" width=\"50\" height=\"50\" \/><img loading=\"lazy\" decoding=\"async\" src=\"https:\/\/as-schwabe.de\/wp-content\/uploads\/ikony\/znak_D.png\" alt=\"\" width=\"50\" height=\"50\" \/><img loading=\"lazy\" decoding=\"async\" src=\"https:\/\/as-schwabe.de\/wp-content\/uploads\/ikony\/znak_DG.png\" alt=\"\" width=\"50\" height=\"50\" \/><img loading=\"lazy\" decoding=\"async\" src=\"https:\/\/as-schwabe.de\/wp-content\/uploads\/ikony\/znak_DE.png\" alt=\"\" width=\"50\" height=\"40\" \/><\/div>\n<ul>\n<li>dopuszczone do stosowania na budowach i w rolnictwie <\/li>\n<li>IP44: chroniony przed cia\u0142ami obcymi i bryzgami wody <\/li>\n<li>z kablem BQ-F z wtyczk\u0105 z uziemieniem i gniazdem z klapk\u0105 ochronn\u0105 IP44 <\/li>\n<li>230 V, 16 A<\/li>\n<\/ul>","protected":false},"featured_media":32336,"template":"","meta":{"inline_featured_image":false},"genre":[509],"product_cat":[544,545],"product_tag":[],"class_list":{"0":"post-33130","1":"product","2":"type-product","3":"status-publish","4":"has-post-thumbnail","6":"product_brand-as-schwabe-pl","7":"product_cat-przedluzacze-2-pl","8":"product_cat-do-stosowania-na-budowach-pl","10":"first","11":"instock","12":"shipping-taxable","13":"product-type-simple"},"aioseo_notices":[],"_links":{"self":[{"href":"https:\/\/as-schwabe.de\/pl\/wp-json\/wp\/v2\/product\/33130","targetHints":{"allow":["GET"]}}],"collection":[{"href":"https:\/\/as-schwabe.de\/pl\/wp-json\/wp\/v2\/product"}],"about":[{"href":"https:\/\/as-schwabe.de\/pl\/wp-json\/wp\/v2\/types\/product"}],"version-history":[{"count":0,"href":"https:\/\/as-schwabe.de\/pl\/wp-json\/wp\/v2\/product\/33130\/revisions"}],"wp:featuredmedia":[{"embeddable":true,"href":"https:\/\/as-schwabe.de\/pl\/wp-json\/wp\/v2\/media\/32336"}],"wp:attachment":[{"href":"https:\/\/as-schwabe.de\/pl\/wp-json\/wp\/v2\/media?parent=33130"}],"wp:term":[{"taxonomy":"product_brand","embeddable":true,"href":"https:\/\/as-schwabe.de\/pl\/wp-json\/wp\/v2\/genre?post=33130"},{"taxonomy":"product_cat","embeddable":true,"href":"https:\/\/as-schwabe.de\/pl\/wp-json\/wp\/v2\/product_cat?post=33130"},{"taxonomy":"product_tag","embeddable":true,"href":"https:\/\/as-schwabe.de\/pl\/wp-json\/wp\/v2\/product_tag?post=33130"}],"curies":[{"name":"wp","href":"https:\/\/api.w.org\/{rel}","templated":true}]}}