{"id":33129,"date":"2025-09-26T23:39:22","date_gmt":"2025-09-26T23:39:22","guid":{"rendered":"https:\/\/as-schwabe.de\/?post_type=product&#038;p=33129"},"modified":"2025-10-23T00:20:26","modified_gmt":"2025-10-23T00:20:26","slug":"przedluzacz-1-gniazdowy-h07bq-f-3g25-15-m-f-859212","status":"publish","type":"product","link":"https:\/\/as-schwabe.de\/pl\/produkt\/przedluzacz-1-gniazdowy-h07bq-f-3g25-15-m-f-859212\/","title":{"rendered":"Przed\u0142u\u017cacz 1-gniazdowy 15 m H07BQ-F 3G2,5 POM IP44 &#8222;F&#8220; | 859212"},"content":{"rendered":"<p>Przed\u0142u\u017cacz 1-gniazdowy &#8222;F&#8220; H07BQ-F 3G2,5 o d\u0142ugo\u015bci 15 m jest idealnym rozwi\u0105zaniem do zasilania urz\u0105dze\u0144 w warunkach zewn\u0119trznych oraz na placach budowy. Posiada wtyczk\u0119 IP44 o napi\u0119ciu 230 V i pr\u0105dzie 16 A, co zapewnia wysok\u0105 wydajno\u015b\u0107 oraz bezpiecze\u0144stwo u\u017cytkowania. Wyj\u015bcie w formie jednego gniazda IP44 r\u00f3wnie\u017c obs\u0142uguje napi\u0119cie 230 V i pr\u0105d do 16 A, umo\u017cliwiaj\u0105c pod\u0142\u0105czenie r\u00f3\u017cnych urz\u0105dze\u0144 elektrycznych. Dzi\u0119ki klasie ochrony IP44, przed\u0142u\u017cacz jest odporny na wilgo\u0107 i py\u0142, co czyni go doskona\u0142ym wyborem zar\u00f3wno do u\u017cytku w trudnych warunkach atmosferycznych, jak i w profesjonalnym zastosowaniu budowlanym. Z maksymaln\u0105 moc\u0105 3500 W u\u017cytkownicy mog\u0105 korzysta\u0107 z niego z pe\u0142nym zaufaniem, wiedz\u0105c, \u017ce ich urz\u0105dzenia b\u0119d\u0105 odpowiednio zasilane.<\/p>","protected":false},"excerpt":{"rendered":"<div class=\"icons\" style=\"display: flex; flex-wrap: wrap; gap: 5px; align-items: center; margin-top: 10px;\"><img decoding=\"async\" src=\"https:\/\/as-schwabe.de\/wp-content\/uploads\/ikony\/znak_FR.png\" alt=\"\" width=\"50\" height=\"50\" \/><img decoding=\"async\" src=\"https:\/\/as-schwabe.de\/wp-content\/uploads\/ikony\/znak_CE.png\" alt=\"\" width=\"50\" height=\"50\" \/><img decoding=\"async\" src=\"https:\/\/as-schwabe.de\/wp-content\/uploads\/ikony\/znak_IP44.png\" alt=\"\" width=\"50\" height=\"50\" \/><img loading=\"lazy\" decoding=\"async\" src=\"https:\/\/as-schwabe.de\/wp-content\/uploads\/ikony\/znak_PB.png\" alt=\"\" width=\"50\" height=\"50\" \/><img loading=\"lazy\" decoding=\"async\" src=\"https:\/\/as-schwabe.de\/wp-content\/uploads\/ikony\/znak_Z.png\" alt=\"\" width=\"50\" height=\"50\" \/><img loading=\"lazy\" decoding=\"async\" src=\"https:\/\/as-schwabe.de\/wp-content\/uploads\/ikony\/znak_D.png\" alt=\"\" width=\"50\" height=\"50\" \/><img loading=\"lazy\" decoding=\"async\" src=\"https:\/\/as-schwabe.de\/wp-content\/uploads\/ikony\/znak_DG.png\" alt=\"\" width=\"50\" height=\"50\" \/><img loading=\"lazy\" decoding=\"async\" src=\"https:\/\/as-schwabe.de\/wp-content\/uploads\/ikony\/znak_DE.png\" alt=\"\" width=\"50\" height=\"40\" \/><\/div>\n<ul>\n<li>dopuszczone do stosowania na budowach i w rolnictwie <\/li>\n<li>IP44: chroniony przed cia\u0142ami obcymi i bryzgami wody <\/li>\n<li>z kablem BQ-F z wtyczk\u0105 z uziemieniem i gniazdem z klapk\u0105 ochronn\u0105 IP44 <\/li>\n<li>230 V, 16 A<\/li>\n<\/ul>","protected":false},"featured_media":35084,"template":"","meta":{"inline_featured_image":false},"genre":[509],"product_cat":[544,545],"product_tag":[],"class_list":{"0":"post-33129","1":"product","2":"type-product","3":"status-publish","4":"has-post-thumbnail","6":"product_brand-as-schwabe-pl","7":"product_cat-przedluzacze-2-pl","8":"product_cat-do-stosowania-na-budowach-pl","10":"first","11":"instock","12":"shipping-taxable","13":"product-type-simple"},"aioseo_notices":[],"_links":{"self":[{"href":"https:\/\/as-schwabe.de\/pl\/wp-json\/wp\/v2\/product\/33129","targetHints":{"allow":["GET"]}}],"collection":[{"href":"https:\/\/as-schwabe.de\/pl\/wp-json\/wp\/v2\/product"}],"about":[{"href":"https:\/\/as-schwabe.de\/pl\/wp-json\/wp\/v2\/types\/product"}],"version-history":[{"count":0,"href":"https:\/\/as-schwabe.de\/pl\/wp-json\/wp\/v2\/product\/33129\/revisions"}],"wp:featuredmedia":[{"embeddable":true,"href":"https:\/\/as-schwabe.de\/pl\/wp-json\/wp\/v2\/media\/35084"}],"wp:attachment":[{"href":"https:\/\/as-schwabe.de\/pl\/wp-json\/wp\/v2\/media?parent=33129"}],"wp:term":[{"taxonomy":"product_brand","embeddable":true,"href":"https:\/\/as-schwabe.de\/pl\/wp-json\/wp\/v2\/genre?post=33129"},{"taxonomy":"product_cat","embeddable":true,"href":"https:\/\/as-schwabe.de\/pl\/wp-json\/wp\/v2\/product_cat?post=33129"},{"taxonomy":"product_tag","embeddable":true,"href":"https:\/\/as-schwabe.de\/pl\/wp-json\/wp\/v2\/product_tag?post=33129"}],"curies":[{"name":"wp","href":"https:\/\/api.w.org\/{rel}","templated":true}]}}