{"id":33128,"date":"2025-09-26T23:39:22","date_gmt":"2025-09-26T23:39:22","guid":{"rendered":"https:\/\/as-schwabe.de\/?post_type=product&#038;p=33128"},"modified":"2025-10-23T00:20:26","modified_gmt":"2025-10-23T00:20:26","slug":"przedluzacz-1-gniazdowy-h07bq-f-3g25-10-m-f-859210","status":"publish","type":"product","link":"https:\/\/as-schwabe.de\/pl\/produkt\/przedluzacz-1-gniazdowy-h07bq-f-3g25-10-m-f-859210\/","title":{"rendered":"Przed\u0142u\u017cacz 1-gniazdowy 10 m H07BQ-F 3G2,5 POM IP44 &#8222;F&#8220; | 859210"},"content":{"rendered":"<p>Przed\u0142u\u017cacz 1-gniazdowy &#8222;F&#8220; H07BQ-F 3G2,5 w kolorze pomara\u0144czowym o d\u0142ugo\u015bci 10 m to niezawodne rozwi\u0105zanie dla os\u00f3b pracuj\u0105cych na \u015bwie\u017cym powietrzu oraz na placach budowy. Urz\u0105dzenie wyposa\u017cone jest w wtyczk\u0119 IP44, kt\u00f3ra zapewnia bezpiecze\u0144stwo przy pracy w trudnych warunkach, oferuj\u0105c ochron\u0119 przed wilgoci\u0105 i py\u0142em. Z wyj\u015bciem w postaci pojedynczego gniazda IP44, przed\u0142u\u017cacz obs\u0142uguje napi\u0119cie do 230 V oraz pr\u0105d do 16 A, co pozwala na zasilanie urz\u0105dze\u0144 o maksymalnej mocy 3500 W. Jego solidna konstrukcja oraz odpowiednia izolacja czyni\u0105 go idealnym wyborem do u\u017cytku zewn\u0119trznego, zapewniaj\u0105c jednocze\u015bnie komfort i niezawodno\u015b\u0107 w ka\u017cdych warunkach.<\/p>","protected":false},"excerpt":{"rendered":"<div class=\"icons\" style=\"display: flex; flex-wrap: wrap; gap: 5px; align-items: center; margin-top: 10px;\"><img decoding=\"async\" src=\"https:\/\/as-schwabe.de\/wp-content\/uploads\/ikony\/znak_FR.png\" alt=\"\" width=\"50\" height=\"50\" \/><img decoding=\"async\" src=\"https:\/\/as-schwabe.de\/wp-content\/uploads\/ikony\/znak_CE.png\" alt=\"\" width=\"50\" height=\"50\" \/><img decoding=\"async\" src=\"https:\/\/as-schwabe.de\/wp-content\/uploads\/ikony\/znak_IP44.png\" alt=\"\" width=\"50\" height=\"50\" \/><img loading=\"lazy\" decoding=\"async\" src=\"https:\/\/as-schwabe.de\/wp-content\/uploads\/ikony\/znak_PB.png\" alt=\"\" width=\"50\" height=\"50\" \/><img loading=\"lazy\" decoding=\"async\" src=\"https:\/\/as-schwabe.de\/wp-content\/uploads\/ikony\/znak_Z.png\" alt=\"\" width=\"50\" height=\"50\" \/><img loading=\"lazy\" decoding=\"async\" src=\"https:\/\/as-schwabe.de\/wp-content\/uploads\/ikony\/znak_D.png\" alt=\"\" width=\"50\" height=\"50\" \/><img loading=\"lazy\" decoding=\"async\" src=\"https:\/\/as-schwabe.de\/wp-content\/uploads\/ikony\/znak_DG.png\" alt=\"\" width=\"50\" height=\"50\" \/><img loading=\"lazy\" decoding=\"async\" src=\"https:\/\/as-schwabe.de\/wp-content\/uploads\/ikony\/znak_DE.png\" alt=\"\" width=\"50\" height=\"40\" \/><\/div>\n<ul>\n<li>dopuszczone do stosowania na budowach i w rolnictwie <\/li>\n<li>IP44: chroniony przed cia\u0142ami obcymi i bryzgami wody <\/li>\n<li>z kablem BQ-F z wtyczk\u0105 z uziemieniem i gniazdem z klapk\u0105 ochronn\u0105 IP44 <\/li>\n<li>230 V, 16 A<\/li>\n<\/ul>","protected":false},"featured_media":35083,"template":"","meta":{"inline_featured_image":false},"genre":[509],"product_cat":[544,545],"product_tag":[],"class_list":{"0":"post-33128","1":"product","2":"type-product","3":"status-publish","4":"has-post-thumbnail","6":"product_brand-as-schwabe-pl","7":"product_cat-przedluzacze-2-pl","8":"product_cat-do-stosowania-na-budowach-pl","10":"first","11":"instock","12":"shipping-taxable","13":"product-type-simple"},"aioseo_notices":[],"_links":{"self":[{"href":"https:\/\/as-schwabe.de\/pl\/wp-json\/wp\/v2\/product\/33128","targetHints":{"allow":["GET"]}}],"collection":[{"href":"https:\/\/as-schwabe.de\/pl\/wp-json\/wp\/v2\/product"}],"about":[{"href":"https:\/\/as-schwabe.de\/pl\/wp-json\/wp\/v2\/types\/product"}],"version-history":[{"count":0,"href":"https:\/\/as-schwabe.de\/pl\/wp-json\/wp\/v2\/product\/33128\/revisions"}],"wp:featuredmedia":[{"embeddable":true,"href":"https:\/\/as-schwabe.de\/pl\/wp-json\/wp\/v2\/media\/35083"}],"wp:attachment":[{"href":"https:\/\/as-schwabe.de\/pl\/wp-json\/wp\/v2\/media?parent=33128"}],"wp:term":[{"taxonomy":"product_brand","embeddable":true,"href":"https:\/\/as-schwabe.de\/pl\/wp-json\/wp\/v2\/genre?post=33128"},{"taxonomy":"product_cat","embeddable":true,"href":"https:\/\/as-schwabe.de\/pl\/wp-json\/wp\/v2\/product_cat?post=33128"},{"taxonomy":"product_tag","embeddable":true,"href":"https:\/\/as-schwabe.de\/pl\/wp-json\/wp\/v2\/product_tag?post=33128"}],"curies":[{"name":"wp","href":"https:\/\/api.w.org\/{rel}","templated":true}]}}