{"id":33127,"date":"2025-09-26T23:39:22","date_gmt":"2025-09-26T23:39:22","guid":{"rendered":"https:\/\/as-schwabe.de\/?post_type=product&#038;p=33127"},"modified":"2025-10-23T00:20:25","modified_gmt":"2025-10-23T00:20:25","slug":"przedluzacz-1-gniazdowy-h07bq-f-3g25-5-m-f-859205","status":"publish","type":"product","link":"https:\/\/as-schwabe.de\/pl\/produkt\/przedluzacz-1-gniazdowy-h07bq-f-3g25-5-m-f-859205\/","title":{"rendered":"Przed\u0142u\u017cacz 1-gniazdowy 5 m H07BQ-F 3G2,5 POM IP44 &#8222;F&#8220; | 859205"},"content":{"rendered":"<p>Przed\u0142u\u017cacz 1-gniazdowy &#8222;F&#8220; H07BQ-F 3G2,5 w kolorze pomara\u0144czowym to niezawodne rozwi\u0105zanie do zasilania urz\u0105dze\u0144 elektrycznych w trudnych warunkach. Oferuje 5-metrowy zasi\u0119g, co zapewnia du\u017c\u0105 elastyczno\u015b\u0107 w u\u017cytkowaniu zar\u00f3wno na zewn\u0105trz, jak i na budowie. Wej\u015bcie wyposa\u017cone jest w wtyczk\u0119 IP44 o napi\u0119ciu 230 V i pr\u0105dzie 16 A, co gwarantuje wysoki poziom ochrony przed wnikaniem wody i py\u0142u. Wyj\u015bcie z gniazdem IP44 o takich samych parametrach umo\u017cliwia bezpieczne pod\u0142\u0105czenie sprz\u0119tu elektrycznego o mocy do 3500 W. Dzi\u0119ki solidnej konstrukcji i zastosowanym materia\u0142om, przed\u0142u\u017cacz zapewnia d\u0142ugotrwa\u0142e i bezpieczne u\u017cytkowanie w r\u00f3\u017cnorodnych warunkach.<\/p>","protected":false},"excerpt":{"rendered":"<div class=\"icons\" style=\"display: flex; flex-wrap: wrap; gap: 5px; align-items: center; margin-top: 10px;\"><img decoding=\"async\" src=\"https:\/\/as-schwabe.de\/wp-content\/uploads\/ikony\/znak_FR.png\" alt=\"\" width=\"50\" height=\"50\" \/><img decoding=\"async\" src=\"https:\/\/as-schwabe.de\/wp-content\/uploads\/ikony\/znak_CE.png\" alt=\"\" width=\"50\" height=\"50\" \/><img decoding=\"async\" src=\"https:\/\/as-schwabe.de\/wp-content\/uploads\/ikony\/znak_IP44.png\" alt=\"\" width=\"50\" height=\"50\" \/><img loading=\"lazy\" decoding=\"async\" src=\"https:\/\/as-schwabe.de\/wp-content\/uploads\/ikony\/znak_PB.png\" alt=\"\" width=\"50\" height=\"50\" \/><img loading=\"lazy\" decoding=\"async\" src=\"https:\/\/as-schwabe.de\/wp-content\/uploads\/ikony\/znak_Z.png\" alt=\"\" width=\"50\" height=\"50\" \/><img loading=\"lazy\" decoding=\"async\" src=\"https:\/\/as-schwabe.de\/wp-content\/uploads\/ikony\/znak_D.png\" alt=\"\" width=\"50\" height=\"50\" \/><img loading=\"lazy\" decoding=\"async\" src=\"https:\/\/as-schwabe.de\/wp-content\/uploads\/ikony\/znak_DG.png\" alt=\"\" width=\"50\" height=\"50\" \/><img loading=\"lazy\" decoding=\"async\" src=\"https:\/\/as-schwabe.de\/wp-content\/uploads\/ikony\/znak_DE.png\" alt=\"\" width=\"50\" height=\"40\" \/><\/div>\n<ul>\n<li>dopuszczone do stosowania na budowach i w rolnictwie <\/li>\n<li>IP44: chroniony przed cia\u0142ami obcymi i bryzgami wody <\/li>\n<li>z kablem BQ-F z wtyczk\u0105 z uziemieniem i gniazdem z klapk\u0105 ochronn\u0105 IP44 <\/li>\n<li>230 V, 16 A<\/li>\n<\/ul>","protected":false},"featured_media":32316,"template":"","meta":{"inline_featured_image":false},"genre":[509],"product_cat":[544,545],"product_tag":[],"class_list":{"0":"post-33127","1":"product","2":"type-product","3":"status-publish","4":"has-post-thumbnail","6":"product_brand-as-schwabe-pl","7":"product_cat-przedluzacze-2-pl","8":"product_cat-do-stosowania-na-budowach-pl","10":"first","11":"instock","12":"shipping-taxable","13":"product-type-simple"},"aioseo_notices":[],"_links":{"self":[{"href":"https:\/\/as-schwabe.de\/pl\/wp-json\/wp\/v2\/product\/33127","targetHints":{"allow":["GET"]}}],"collection":[{"href":"https:\/\/as-schwabe.de\/pl\/wp-json\/wp\/v2\/product"}],"about":[{"href":"https:\/\/as-schwabe.de\/pl\/wp-json\/wp\/v2\/types\/product"}],"version-history":[{"count":0,"href":"https:\/\/as-schwabe.de\/pl\/wp-json\/wp\/v2\/product\/33127\/revisions"}],"wp:featuredmedia":[{"embeddable":true,"href":"https:\/\/as-schwabe.de\/pl\/wp-json\/wp\/v2\/media\/32316"}],"wp:attachment":[{"href":"https:\/\/as-schwabe.de\/pl\/wp-json\/wp\/v2\/media?parent=33127"}],"wp:term":[{"taxonomy":"product_brand","embeddable":true,"href":"https:\/\/as-schwabe.de\/pl\/wp-json\/wp\/v2\/genre?post=33127"},{"taxonomy":"product_cat","embeddable":true,"href":"https:\/\/as-schwabe.de\/pl\/wp-json\/wp\/v2\/product_cat?post=33127"},{"taxonomy":"product_tag","embeddable":true,"href":"https:\/\/as-schwabe.de\/pl\/wp-json\/wp\/v2\/product_tag?post=33127"}],"curies":[{"name":"wp","href":"https:\/\/api.w.org\/{rel}","templated":true}]}}