{"id":33126,"date":"2025-09-26T23:39:22","date_gmt":"2025-09-26T23:39:22","guid":{"rendered":"https:\/\/as-schwabe.de\/?post_type=product&#038;p=33126"},"modified":"2025-10-23T00:20:25","modified_gmt":"2025-10-23T00:20:25","slug":"przedluzacz-1-gniazdowy-h05vv-f-3g15-10-m-f-851011","status":"publish","type":"product","link":"https:\/\/as-schwabe.de\/pl\/produkt\/przedluzacz-1-gniazdowy-h05vv-f-3g15-10-m-f-851011\/","title":{"rendered":"Przed\u0142u\u017cacz 1-gniazdowy z wtykiem k\u0105towym 10 m H05VV-F 3G1,5 BIA IP20 &#8222;F&#8220; | 851011"},"content":{"rendered":"<p>Przed\u0142u\u017cacz 1-gniazdowy &#8222;F&#8220; o d\u0142ugo\u015bci 10 metr\u00f3w to idealne rozwi\u0105zanie dla os\u00f3b poszukuj\u0105cych niezawodnego sposobu na dostarczenie energii elektrycznej w pomieszczeniach. Wykonany w standardzie H05VV-F 3G1,5, wyposa\u017cony jest w wtyczk\u0119 IP20 oraz jedno gniazdo IP20, kt\u00f3re zapewniaj\u0105 maksymalne obci\u0105\u017cenie do 230 V i 16 A, co odpowiada mocy 3500 W. Dzi\u0119ki kompaktowej konstrukcji i estetycznemu, bia\u0142emu wyko\u0144czeniu, przed\u0142u\u017cacz wpasuje si\u0119 w ka\u017cdy wystr\u00f3j wn\u0119trza. Jego zastosowanie jest niezwykle szerokie \u2013 od zasilania sprz\u0119tu elektrycznego w biurze po domowe urz\u0105dzenia, co czyni go niezwykle praktycznym akcesorium. Oferuj\u0105c wysok\u0105 jako\u015b\u0107 wykonania i niezawodno\u015b\u0107, przed\u0142u\u017cacz ten b\u0119dzie bezpiecznym i funkcjonalnym rozwi\u0105zaniem w ka\u017cdym gospodarstwie domowym.<\/p>","protected":false},"excerpt":{"rendered":"<div class=\"icons\" style=\"display: flex; flex-wrap: wrap; gap: 5px; align-items: center; margin-top: 10px;\"><img decoding=\"async\" src=\"https:\/\/as-schwabe.de\/wp-content\/uploads\/ikony\/znak_FR.png\" alt=\"\" width=\"50\" height=\"50\" \/><img decoding=\"async\" src=\"https:\/\/as-schwabe.de\/wp-content\/uploads\/ikony\/znak_CE.png\" alt=\"\" width=\"50\" height=\"50\" \/><img decoding=\"async\" src=\"https:\/\/as-schwabe.de\/wp-content\/uploads\/ikony\/znak_IP20.png\" alt=\"\" width=\"50\" height=\"50\" \/><img loading=\"lazy\" decoding=\"async\" src=\"https:\/\/as-schwabe.de\/wp-content\/uploads\/ikony\/znak_Z.png\" alt=\"\" width=\"50\" height=\"50\" \/><img loading=\"lazy\" decoding=\"async\" src=\"https:\/\/as-schwabe.de\/wp-content\/uploads\/ikony\/znak_D.png\" alt=\"\" width=\"50\" height=\"50\" \/><\/div>\n<ul>\n<li>IP20: do u\u017cytku wewn\u0105trz pomieszcze\u0144 <\/li>\n<li>nadaj\u0105 si\u0119 do u\u017cytku w pomieszczeniach zamkni\u0119tych <\/li>\n<li>wtyczka z uziemieniem i gniazdo z uziemieniem <\/li>\n<li>IP20: do u\u017cytku wewn\u0105trz pomieszcze\u0144 <\/li>\n<li>230 V, 16 A<\/li>\n<\/ul>","protected":false},"featured_media":35076,"template":"","meta":{"inline_featured_image":false},"genre":[509],"product_cat":[544,568],"product_tag":[],"class_list":{"0":"post-33126","1":"product","2":"type-product","3":"status-publish","4":"has-post-thumbnail","6":"product_brand-as-schwabe-pl","7":"product_cat-przedluzacze-2-pl","8":"product_cat-do-uzytku-na-zewnatrz-2-pl","10":"first","11":"instock","12":"shipping-taxable","13":"product-type-simple"},"aioseo_notices":[],"_links":{"self":[{"href":"https:\/\/as-schwabe.de\/pl\/wp-json\/wp\/v2\/product\/33126","targetHints":{"allow":["GET"]}}],"collection":[{"href":"https:\/\/as-schwabe.de\/pl\/wp-json\/wp\/v2\/product"}],"about":[{"href":"https:\/\/as-schwabe.de\/pl\/wp-json\/wp\/v2\/types\/product"}],"version-history":[{"count":0,"href":"https:\/\/as-schwabe.de\/pl\/wp-json\/wp\/v2\/product\/33126\/revisions"}],"wp:featuredmedia":[{"embeddable":true,"href":"https:\/\/as-schwabe.de\/pl\/wp-json\/wp\/v2\/media\/35076"}],"wp:attachment":[{"href":"https:\/\/as-schwabe.de\/pl\/wp-json\/wp\/v2\/media?parent=33126"}],"wp:term":[{"taxonomy":"product_brand","embeddable":true,"href":"https:\/\/as-schwabe.de\/pl\/wp-json\/wp\/v2\/genre?post=33126"},{"taxonomy":"product_cat","embeddable":true,"href":"https:\/\/as-schwabe.de\/pl\/wp-json\/wp\/v2\/product_cat?post=33126"},{"taxonomy":"product_tag","embeddable":true,"href":"https:\/\/as-schwabe.de\/pl\/wp-json\/wp\/v2\/product_tag?post=33126"}],"curies":[{"name":"wp","href":"https:\/\/api.w.org\/{rel}","templated":true}]}}