{"id":33124,"date":"2025-09-26T23:39:21","date_gmt":"2025-09-26T23:39:21","guid":{"rendered":"https:\/\/as-schwabe.de\/?post_type=product&#038;p=33124"},"modified":"2025-10-23T00:20:24","modified_gmt":"2025-10-23T00:20:24","slug":"przedluzacz-1-gniazdowy-h05vv-f-3g15-cza-5-m-f-850511","status":"publish","type":"product","link":"https:\/\/as-schwabe.de\/pl\/produkt\/przedluzacz-1-gniazdowy-h05vv-f-3g15-cza-5-m-f-850511\/","title":{"rendered":"Przed\u0142u\u017cacz 1-gniazdowy z wtykiem k\u0105towym 5 m H05VV-F 3G1,5 BIA IP20 &#8222;F&#8220; | 850511"},"content":{"rendered":"<p>Przed\u0142u\u017cacz 1-gniazdowy &#8222;F&#8220; to niezawodne rozwi\u0105zanie do zasilania urz\u0105dze\u0144 elektrycznych w Twoim domu lub biurze. Oferuje wyj\u015bcie z jednym gniazdem IP20 o parametrach 230 V i 16 A, co pozwala na bezpieczne pod\u0142\u0105czenie sprz\u0119tu o maksymalnej mocy 3500 W. Wykonany z materia\u0142\u00f3w zgodnych z norm\u0105 H05VV-F 3G1,5, przed\u0142u\u017cacz cechuje si\u0119 du\u017c\u0105 trwa\u0142o\u015bci\u0105 i odporno\u015bci\u0105 na uszkodzenia. Dzi\u0119ki d\u0142ugo\u015bci 5 metr\u00f3w, z \u0142atwo\u015bci\u0105 dostosujesz go do swoich potrzeb, zapewniaj\u0105c wygod\u0119 u\u017cytkowania. Produkt przeznaczony jest do u\u017cytku wewn\u0119trznego, co czyni go idealnym do zastosowania w r\u00f3\u017cnych pomieszczeniach.<\/p>","protected":false},"excerpt":{"rendered":"<div class=\"icons\" style=\"display: flex; flex-wrap: wrap; gap: 5px; align-items: center; margin-top: 10px;\"><img decoding=\"async\" src=\"https:\/\/as-schwabe.de\/wp-content\/uploads\/ikony\/znak_FR.png\" alt=\"\" width=\"50\" height=\"50\" \/><img decoding=\"async\" src=\"https:\/\/as-schwabe.de\/wp-content\/uploads\/ikony\/znak_CE.png\" alt=\"\" width=\"50\" height=\"50\" \/><img decoding=\"async\" src=\"https:\/\/as-schwabe.de\/wp-content\/uploads\/ikony\/znak_IP20.png\" alt=\"\" width=\"50\" height=\"50\" \/><img loading=\"lazy\" decoding=\"async\" src=\"https:\/\/as-schwabe.de\/wp-content\/uploads\/ikony\/znak_Z.png\" alt=\"\" width=\"50\" height=\"50\" \/><img loading=\"lazy\" decoding=\"async\" src=\"https:\/\/as-schwabe.de\/wp-content\/uploads\/ikony\/znak_D.png\" alt=\"\" width=\"50\" height=\"50\" \/><\/div>\n<ul>\n<li>IP20: do u\u017cytku wewn\u0105trz pomieszcze\u0144 <\/li>\n<li>nadaj\u0105 si\u0119 do u\u017cytku w pomieszczeniach zamkni\u0119tych <\/li>\n<li>wtyczka z uziemieniem i gniazdo z uziemieniem <\/li>\n<li>IP20: do u\u017cytku wewn\u0105trz pomieszcze\u0144 <\/li>\n<li>230 V, 16 A<\/li>\n<\/ul>","protected":false},"featured_media":35075,"template":"","meta":{"inline_featured_image":false},"genre":[509],"product_cat":[544,568],"product_tag":[],"class_list":{"0":"post-33124","1":"product","2":"type-product","3":"status-publish","4":"has-post-thumbnail","6":"product_brand-as-schwabe-pl","7":"product_cat-przedluzacze-2-pl","8":"product_cat-do-uzytku-na-zewnatrz-2-pl","10":"first","11":"instock","12":"shipping-taxable","13":"product-type-simple"},"aioseo_notices":[],"_links":{"self":[{"href":"https:\/\/as-schwabe.de\/pl\/wp-json\/wp\/v2\/product\/33124","targetHints":{"allow":["GET"]}}],"collection":[{"href":"https:\/\/as-schwabe.de\/pl\/wp-json\/wp\/v2\/product"}],"about":[{"href":"https:\/\/as-schwabe.de\/pl\/wp-json\/wp\/v2\/types\/product"}],"version-history":[{"count":0,"href":"https:\/\/as-schwabe.de\/pl\/wp-json\/wp\/v2\/product\/33124\/revisions"}],"wp:featuredmedia":[{"embeddable":true,"href":"https:\/\/as-schwabe.de\/pl\/wp-json\/wp\/v2\/media\/35075"}],"wp:attachment":[{"href":"https:\/\/as-schwabe.de\/pl\/wp-json\/wp\/v2\/media?parent=33124"}],"wp:term":[{"taxonomy":"product_brand","embeddable":true,"href":"https:\/\/as-schwabe.de\/pl\/wp-json\/wp\/v2\/genre?post=33124"},{"taxonomy":"product_cat","embeddable":true,"href":"https:\/\/as-schwabe.de\/pl\/wp-json\/wp\/v2\/product_cat?post=33124"},{"taxonomy":"product_tag","embeddable":true,"href":"https:\/\/as-schwabe.de\/pl\/wp-json\/wp\/v2\/product_tag?post=33124"}],"curies":[{"name":"wp","href":"https:\/\/api.w.org\/{rel}","templated":true}]}}