{"id":33123,"date":"2025-09-26T23:39:21","date_gmt":"2025-09-26T23:39:21","guid":{"rendered":"https:\/\/as-schwabe.de\/?post_type=product&#038;p=33123"},"modified":"2025-10-23T00:20:24","modified_gmt":"2025-10-23T00:20:24","slug":"przedluzacz-1-gniazdowy-h05vv-f-3g15-bia-3-m-f-850312","status":"publish","type":"product","link":"https:\/\/as-schwabe.de\/pl\/produkt\/przedluzacz-1-gniazdowy-h05vv-f-3g15-bia-3-m-f-850312\/","title":{"rendered":"Przed\u0142u\u017cacz 1-gniazdowy z wtykiem k\u0105towym 3 m H05VV-F 3G1,5 CZA IP20 &#8222;F&#8220; | 850312"},"content":{"rendered":"<p>Przed\u0142u\u017cacz 1-gniazdowy &#8222;F&#8220; o d\u0142ugo\u015bci 3 metr\u00f3w, wykonany w standardzie H05VV-F 3G1,5, to idealne rozwi\u0105zanie dla u\u017cytkownik\u00f3w poszukuj\u0105cych niezawodnego zasilania wewn\u0105trz pomieszcze\u0144. Wyposa\u017cony w wtyczk\u0119 IP20 oraz jedno gniazdo o parametrach 230 V, 16 A, 2P+Z, umo\u017cliwia bezpieczne pod\u0142\u0105czenie urz\u0105dze\u0144 o mocy do 3500 W. Dzi\u0119ki wysokiej jako\u015bci materia\u0142om, przed\u0142u\u017cacz gwarantuje d\u0142ugotrwa\u0142\u0105 i stabiln\u0105 prac\u0119. Kompaktowa konstrukcja oraz elastyczny przew\u00f3d zapewniaj\u0105 \u0142atwo\u015b\u0107 w u\u017cytkowaniu i przechowywaniu. To wszechstronne akcesorium przyda si\u0119 zar\u00f3wno w domach, jak i biurach, umo\u017cliwiaj\u0105c wygodne zasilanie sprz\u0119tu elektronicznego.<\/p>","protected":false},"excerpt":{"rendered":"<div class=\"icons\" style=\"display: flex; flex-wrap: wrap; gap: 5px; align-items: center; margin-top: 10px;\"><img decoding=\"async\" src=\"https:\/\/as-schwabe.de\/wp-content\/uploads\/ikony\/znak_FR.png\" alt=\"\" width=\"50\" height=\"50\" \/><img decoding=\"async\" src=\"https:\/\/as-schwabe.de\/wp-content\/uploads\/ikony\/znak_CE.png\" alt=\"\" width=\"50\" height=\"50\" \/><img decoding=\"async\" src=\"https:\/\/as-schwabe.de\/wp-content\/uploads\/ikony\/znak_IP20.png\" alt=\"\" width=\"50\" height=\"50\" \/><img loading=\"lazy\" decoding=\"async\" src=\"https:\/\/as-schwabe.de\/wp-content\/uploads\/ikony\/znak_Z.png\" alt=\"\" width=\"50\" height=\"50\" \/><img loading=\"lazy\" decoding=\"async\" src=\"https:\/\/as-schwabe.de\/wp-content\/uploads\/ikony\/znak_D.png\" alt=\"\" width=\"50\" height=\"50\" \/><\/div>\n<ul>\n<li>IP20: do u\u017cytku wewn\u0105trz pomieszcze\u0144 <\/li>\n<li>nadaj\u0105 si\u0119 do u\u017cytku w pomieszczeniach zamkni\u0119tych <\/li>\n<li>wtyczka z uziemieniem i gniazdo z uziemieniem <\/li>\n<li>IP20: do u\u017cytku wewn\u0105trz pomieszcze\u0144 <\/li>\n<li>230 V, 16 A<\/li>\n<\/ul>","protected":false},"featured_media":32310,"template":"","meta":{"inline_featured_image":false},"genre":[509],"product_cat":[544,568],"product_tag":[],"class_list":{"0":"post-33123","1":"product","2":"type-product","3":"status-publish","4":"has-post-thumbnail","6":"product_brand-as-schwabe-pl","7":"product_cat-przedluzacze-2-pl","8":"product_cat-do-uzytku-na-zewnatrz-2-pl","10":"first","11":"instock","12":"shipping-taxable","13":"product-type-simple"},"aioseo_notices":[],"_links":{"self":[{"href":"https:\/\/as-schwabe.de\/pl\/wp-json\/wp\/v2\/product\/33123","targetHints":{"allow":["GET"]}}],"collection":[{"href":"https:\/\/as-schwabe.de\/pl\/wp-json\/wp\/v2\/product"}],"about":[{"href":"https:\/\/as-schwabe.de\/pl\/wp-json\/wp\/v2\/types\/product"}],"version-history":[{"count":0,"href":"https:\/\/as-schwabe.de\/pl\/wp-json\/wp\/v2\/product\/33123\/revisions"}],"wp:featuredmedia":[{"embeddable":true,"href":"https:\/\/as-schwabe.de\/pl\/wp-json\/wp\/v2\/media\/32310"}],"wp:attachment":[{"href":"https:\/\/as-schwabe.de\/pl\/wp-json\/wp\/v2\/media?parent=33123"}],"wp:term":[{"taxonomy":"product_brand","embeddable":true,"href":"https:\/\/as-schwabe.de\/pl\/wp-json\/wp\/v2\/genre?post=33123"},{"taxonomy":"product_cat","embeddable":true,"href":"https:\/\/as-schwabe.de\/pl\/wp-json\/wp\/v2\/product_cat?post=33123"},{"taxonomy":"product_tag","embeddable":true,"href":"https:\/\/as-schwabe.de\/pl\/wp-json\/wp\/v2\/product_tag?post=33123"}],"curies":[{"name":"wp","href":"https:\/\/api.w.org\/{rel}","templated":true}]}}