{"id":33121,"date":"2025-09-26T23:39:20","date_gmt":"2025-09-26T23:39:20","guid":{"rendered":"https:\/\/as-schwabe.de\/?post_type=product&#038;p=33121"},"modified":"2025-10-23T00:20:23","modified_gmt":"2025-10-23T00:20:23","slug":"przedluzacz-1-gniazdowy-h05vv-f-3g15-2-m-f-850201","status":"publish","type":"product","link":"https:\/\/as-schwabe.de\/pl\/produkt\/przedluzacz-1-gniazdowy-h05vv-f-3g15-2-m-f-850201\/","title":{"rendered":"Przed\u0142u\u017cacz 1-gniazdowy z wtykiem k\u0105towym 2 m H05VV-F 3G1,5 BIA IP20 &#8222;F&#8220; | 850201"},"content":{"rendered":"<p>Przed\u0142u\u017cacz 1-gniazdowy &#8222;F&#8220; H05VV-F 3G1,5 w kolorze bia\u0142ym o d\u0142ugo\u015bci 2 metr\u00f3w to doskona\u0142e rozwi\u0105zanie do zasilania urz\u0105dze\u0144 elektrycznych w pomieszczeniach. Wyposa\u017cony w wtyczk\u0119 IP20 oraz pojedyncze gniazdo IP20, oferuje bezpieczne po\u0142\u0105czenie elektryczne przy maksymalnym obci\u0105\u017ceniu 230 V i 16 A (3500 W). Dzi\u0119ki zastosowanej technologii H05VV-F, przed\u0142u\u017cacz charakteryzuje si\u0119 wysok\u0105 odporno\u015bci\u0105 na uszkodzenia mechaniczne, co zapewnia d\u0142ugotrwa\u0142e u\u017cytkowanie. Idealny do biur, dom\u00f3w czy innych wn\u0119trz, stanowi praktyczn\u0105 i wygodn\u0105 opcj\u0119 dla ka\u017cdego u\u017cytkownika, kt\u00f3ry potrzebuje dodatkowego \u017ar\u00f3d\u0142a zasilania w \u0142atwy i bezpieczny spos\u00f3b.<\/p>","protected":false},"excerpt":{"rendered":"<div class=\"icons\" style=\"display: flex; flex-wrap: wrap; gap: 5px; align-items: center; margin-top: 10px;\"><img decoding=\"async\" src=\"https:\/\/as-schwabe.de\/wp-content\/uploads\/ikony\/znak_FR.png\" alt=\"\" width=\"50\" height=\"50\" \/><img decoding=\"async\" src=\"https:\/\/as-schwabe.de\/wp-content\/uploads\/ikony\/znak_CE.png\" alt=\"\" width=\"50\" height=\"50\" \/><img decoding=\"async\" src=\"https:\/\/as-schwabe.de\/wp-content\/uploads\/ikony\/znak_IP20.png\" alt=\"\" width=\"50\" height=\"50\" \/><img loading=\"lazy\" decoding=\"async\" src=\"https:\/\/as-schwabe.de\/wp-content\/uploads\/ikony\/znak_Z.png\" alt=\"\" width=\"50\" height=\"50\" \/><img loading=\"lazy\" decoding=\"async\" src=\"https:\/\/as-schwabe.de\/wp-content\/uploads\/ikony\/znak_D.png\" alt=\"\" width=\"50\" height=\"50\" \/><\/div>\n<ul>\n<li>IP20: do u\u017cytku wewn\u0105trz pomieszcze\u0144 <\/li>\n<li>nadaj\u0105 si\u0119 do u\u017cytku w pomieszczeniach zamkni\u0119tych <\/li>\n<li>wtyczka z uziemieniem i gniazdo z uziemieniem <\/li>\n<li>IP20: do u\u017cytku wewn\u0105trz pomieszcze\u0144 <\/li>\n<li>230 V, 16 A<\/li>\n<\/ul>","protected":false},"featured_media":35073,"template":"","meta":{"inline_featured_image":false},"genre":[509],"product_cat":[544,568],"product_tag":[],"class_list":{"0":"post-33121","1":"product","2":"type-product","3":"status-publish","4":"has-post-thumbnail","6":"product_brand-as-schwabe-pl","7":"product_cat-przedluzacze-2-pl","8":"product_cat-do-uzytku-na-zewnatrz-2-pl","10":"first","11":"instock","12":"shipping-taxable","13":"product-type-simple"},"aioseo_notices":[],"_links":{"self":[{"href":"https:\/\/as-schwabe.de\/pl\/wp-json\/wp\/v2\/product\/33121","targetHints":{"allow":["GET"]}}],"collection":[{"href":"https:\/\/as-schwabe.de\/pl\/wp-json\/wp\/v2\/product"}],"about":[{"href":"https:\/\/as-schwabe.de\/pl\/wp-json\/wp\/v2\/types\/product"}],"version-history":[{"count":0,"href":"https:\/\/as-schwabe.de\/pl\/wp-json\/wp\/v2\/product\/33121\/revisions"}],"wp:featuredmedia":[{"embeddable":true,"href":"https:\/\/as-schwabe.de\/pl\/wp-json\/wp\/v2\/media\/35073"}],"wp:attachment":[{"href":"https:\/\/as-schwabe.de\/pl\/wp-json\/wp\/v2\/media?parent=33121"}],"wp:term":[{"taxonomy":"product_brand","embeddable":true,"href":"https:\/\/as-schwabe.de\/pl\/wp-json\/wp\/v2\/genre?post=33121"},{"taxonomy":"product_cat","embeddable":true,"href":"https:\/\/as-schwabe.de\/pl\/wp-json\/wp\/v2\/product_cat?post=33121"},{"taxonomy":"product_tag","embeddable":true,"href":"https:\/\/as-schwabe.de\/pl\/wp-json\/wp\/v2\/product_tag?post=33121"}],"curies":[{"name":"wp","href":"https:\/\/api.w.org\/{rel}","templated":true}]}}